{"id":1110,"date":"2023-04-25T12:45:32","date_gmt":"2023-04-25T10:45:32","guid":{"rendered":"https:\/\/microrelleus.com\/recerca-i-desenvolupament-laser\/actphast\/"},"modified":"2023-05-29T17:06:43","modified_gmt":"2023-05-29T15:06:43","slug":"actphast","status":"publish","type":"page","link":"https:\/\/microrelleus.com\/ca\/recerca-desenvolupament-laser\/actphast\/","title":{"rendered":"Actphast"},"content":{"rendered":"<div class=\"vce-row-container\" data-vce-boxed-width=\"true\"><div class=\"vce-row vce-row--col-gap-30 vce-row-equal-height vce-row-content--top\" id=\"el-7125cc4c\" data-vce-do-apply=\"all el-7125cc4c\"><div class=\"vce-content-background-container\"><\/div><div class=\"vce-row-content\" data-vce-element-content=\"true\"><div class=\"vce-col vce-col--md-auto vce-col--xs-1 vce-col--xs-last vce-col--xs-first vce-col--sm-last vce-col--sm-first vce-col--md-last vce-col--lg-last vce-col--xl-last vce-col--md-first vce-col--lg-first vce-col--xl-first\" id=\"el-3941ba8f\"><div class=\"vce-col-inner\" data-vce-do-apply=\"border margin background  el-3941ba8f\"><div class=\"vce-col-content\" data-vce-element-content=\"true\" data-vce-do-apply=\"padding el-3941ba8f\"><div class=\"vce-text-block\"><div class=\"vce-text-block-wrapper vce\" id=\"el-a71a0ce2\" data-vce-do-apply=\"all el-a71a0ce2\"><h1>Actphast<\/h1><\/div><\/div><\/div><\/div><\/div><\/div><\/div><\/div><div class=\"vce-row-container\" data-vce-boxed-width=\"true\"><div class=\"vce-row vce-row--col-gap-30 vce-row-equal-height vce-row-content--top\" id=\"el-b17ae622\" data-vce-do-apply=\"all el-b17ae622\"><div class=\"vce-content-background-container\"><\/div><div class=\"vce-row-content\" data-vce-element-content=\"true\"><div class=\"vce-col vce-col--xs-100p vce-col--xs-visible vce-col--xs-last vce-col--xs-first vce-col--sm-100p vce-col--sm-visible vce-col--sm-last vce-col--sm-first vce-col--md-100p vce-col--md-visible vce-col--md-last vce-col--md-first vce-col--lg-auto vce-col--lg-visible vce-col--lg-first vce-col--xl-auto vce-col--xl-visible vce-col--xl-first\" id=\"el-6b347b57\"><div class=\"vce-col-inner\" data-vce-do-apply=\"border margin background  el-6b347b57\"><div class=\"vce-col-content\" data-vce-element-content=\"true\" data-vce-do-apply=\"padding el-6b347b57\"><div class=\"vce-text-block\"><div class=\"vce-text-block-wrapper vce\" id=\"el-7e475107\" data-vce-do-apply=\"all el-7e475107\"><p>Actphast recolza i accelera la capacitat innovadora d\u2019empreses europees, concedint-les acc\u00e9s directe al coneixement i instal\u00b7lacions dels centres tecnol\u00f2gics m\u00e9s punters en fot\u00f2nica d\u2019Europa, permetent a les empreses explotar el potencial comercial d\u2019aplicacions fot\u00f2niques. Actphast est\u00e0 especialment dissenyat per recolzar a empreses Europees que volen fomentar la innovaci\u00f3 dels seus projectes amb fot\u00f2nica. Aquest projecte va obtenir una ajuda de la UE (Grant Agreement No. 779472).<\/p><p>Microrelleus va obtenir l\u2019any 2020 l\u2019ajusta Actphast per al seu projecte intern de R+D a la ind\u00fastria automotriu de la il\u00b7luminaci\u00f3 fent servir la tecnologia l\u00e0ser de femtosegon.<\/p><p><span style=\"color: #e73e25;\"><a style=\"color: #e73e25;\" href=\"https:\/\/microrelleus.com\/ca\/recerca-i-desenvolupament-laser\/\">&lt; Tornar a R+D<\/a><\/span><\/p><\/div><\/div><\/div><\/div><\/div><div class=\"vce-col vce-col--xs-100p vce-col--xs-visible vce-col--xs-last vce-col--xs-first vce-col--sm-100p vce-col--sm-visible vce-col--sm-last vce-col--sm-first vce-col--md-100p vce-col--md-visible vce-col--md-last vce-col--md-first vce-col--lg-auto vce-col--lg-visible vce-col--lg-last vce-col--xl-auto vce-col--xl-visible vce-col--xl-last\" id=\"el-a3e5de3b\"><div class=\"vce-col-inner\" data-vce-do-apply=\"border margin background  el-a3e5de3b\"><div class=\"vce-col-content\" data-vce-element-content=\"true\" data-vce-do-apply=\"padding el-a3e5de3b\"><div class=\"vce-single-image-container vce-single-image--align-center\"><div class=\"vce vce-single-image-wrapper\" id=\"el-680a9766\" data-vce-do-apply=\"all el-680a9766\"><figure><div class=\"vce-single-image-figure-inner\" style=\"width: 300px;\"><div class=\"vce-single-image-inner vce-single-image--absolute\" style=\"width: 100%; padding-bottom: 76%;\"><img decoding=\"async\" class=\"vce-single-image\" src=\"https:\/\/microrelleus.com\/wp\/wp-content\/uploads\/2023\/04\/actphast.jpg\" data-img-src=\"https:\/\/microrelleus.com\/wp\/wp-content\/uploads\/2023\/04\/actphast.jpg\" data-attachment-id=\"480\" alt=\"actphast\" title=\"actphast\"><\/div><\/div><figcaption hidden=\"\"><\/figcaption><\/figure><\/div><\/div><\/div><\/div><\/div><\/div><\/div><\/div>\n","protected":false},"excerpt":{"rendered":"<p>ActphastActphast recolza i accelera la capacitat innovadora d\u2019empreses europees, concedint-les acc\u00e9s directe al coneixement i instal\u00b7lacions dels centres tecnol\u00f2gics m\u00e9s punters en fot\u00f2nica d\u2019Europa, permetent a les empreses explotar el potencial comercial d\u2019aplicacions fot\u00f2niques. Actphast est\u00e0 especialment dissenyat per recolzar a empreses Europees que volen fomentar la innovaci\u00f3 dels seus projectes amb fot\u00f2nica. Aquest projecte [&hellip;]<\/p>\n","protected":false},"author":1,"featured_media":923,"parent":1104,"menu_order":0,"comment_status":"closed","ping_status":"closed","template":"","meta":{"_acf_changed":false,"footnotes":""},"class_list":["post-1110","page","type-page","status-publish","has-post-thumbnail","hentry"],"acf":[],"yoast_head":"<!-- This site is optimized with the Yoast SEO plugin v27.1.1 - https:\/\/yoast.com\/product\/yoast-seo-wordpress\/ -->\n<title>Microrelleus va obtenir l\u2019any 2020 l\u2019ajusta Actphast | Microrelleus<\/title>\n<meta name=\"description\" content=\"Microrelleus va obtenir l\u2019ajusta Actphast per al seu projecte de R+D a la ind\u00fastria automotriu de la il\u00b7luminaci\u00f3 fent servir la tecnologia l\u00e0ser de femtosegon.\" \/>\n<meta name=\"robots\" content=\"index, follow, max-snippet:-1, max-image-preview:large, max-video-preview:-1\" \/>\n<link rel=\"canonical\" href=\"https:\/\/microrelleus.com\/ca\/recerca-desenvolupament-laser\/actphast\/\" \/>\n<meta property=\"og:locale\" content=\"ca_ES\" \/>\n<meta property=\"og:type\" content=\"article\" \/>\n<meta property=\"og:title\" content=\"Microrelleus va obtenir l\u2019any 2020 l\u2019ajusta Actphast | Microrelleus\" \/>\n<meta property=\"og:description\" content=\"Microrelleus va obtenir l\u2019ajusta Actphast per al seu projecte de R+D a la ind\u00fastria automotriu de la il\u00b7luminaci\u00f3 fent servir la tecnologia l\u00e0ser de femtosegon.\" \/>\n<meta property=\"og:url\" content=\"https:\/\/microrelleus.com\/ca\/recerca-desenvolupament-laser\/actphast\/\" \/>\n<meta property=\"og:site_name\" content=\"Microrelleus\" \/>\n<meta property=\"article:modified_time\" content=\"2023-05-29T15:06:43+00:00\" \/>\n<meta property=\"og:image\" content=\"https:\/\/microrelleus.com\/wp\/wp-content\/uploads\/2023\/04\/actphast.jpg\" \/>\n\t<meta property=\"og:image:width\" content=\"300\" \/>\n\t<meta property=\"og:image:height\" content=\"228\" \/>\n\t<meta property=\"og:image:type\" content=\"image\/jpeg\" \/>\n<meta name=\"twitter:card\" content=\"summary_large_image\" \/>\n<meta name=\"twitter:label1\" content=\"Est. reading time\" \/>\n\t<meta name=\"twitter:data1\" content=\"1 minute\" \/>\n<script type=\"application\/ld+json\" class=\"yoast-schema-graph\">{\"@context\":\"https:\/\/schema.org\",\"@graph\":[{\"@type\":\"WebPage\",\"@id\":\"https:\/\/microrelleus.com\/ca\/recerca-desenvolupament-laser\/actphast\/\",\"url\":\"https:\/\/microrelleus.com\/ca\/recerca-desenvolupament-laser\/actphast\/\",\"name\":\"Microrelleus va obtenir l\u2019any 2020 l\u2019ajusta Actphast | Microrelleus\",\"isPartOf\":{\"@id\":\"https:\/\/microrelleus.com\/ca\/#website\"},\"primaryImageOfPage\":{\"@id\":\"https:\/\/microrelleus.com\/ca\/recerca-desenvolupament-laser\/actphast\/#primaryimage\"},\"image\":{\"@id\":\"https:\/\/microrelleus.com\/ca\/recerca-desenvolupament-laser\/actphast\/#primaryimage\"},\"thumbnailUrl\":\"https:\/\/microrelleus.com\/wp\/wp-content\/uploads\/2023\/04\/actphast.jpg\",\"datePublished\":\"2023-04-25T10:45:32+00:00\",\"dateModified\":\"2023-05-29T15:06:43+00:00\",\"description\":\"Microrelleus va obtenir l\u2019ajusta Actphast per al seu projecte de R+D a la ind\u00fastria automotriu de la il\u00b7luminaci\u00f3 fent servir la tecnologia l\u00e0ser de femtosegon.\",\"breadcrumb\":{\"@id\":\"https:\/\/microrelleus.com\/ca\/recerca-desenvolupament-laser\/actphast\/#breadcrumb\"},\"inLanguage\":\"ca\",\"potentialAction\":[{\"@type\":\"ReadAction\",\"target\":[\"https:\/\/microrelleus.com\/ca\/recerca-desenvolupament-laser\/actphast\/\"]}]},{\"@type\":\"ImageObject\",\"inLanguage\":\"ca\",\"@id\":\"https:\/\/microrelleus.com\/ca\/recerca-desenvolupament-laser\/actphast\/#primaryimage\",\"url\":\"https:\/\/microrelleus.com\/wp\/wp-content\/uploads\/2023\/04\/actphast.jpg\",\"contentUrl\":\"https:\/\/microrelleus.com\/wp\/wp-content\/uploads\/2023\/04\/actphast.jpg\",\"width\":300,\"height\":228},{\"@type\":\"BreadcrumbList\",\"@id\":\"https:\/\/microrelleus.com\/ca\/recerca-desenvolupament-laser\/actphast\/#breadcrumb\",\"itemListElement\":[{\"@type\":\"ListItem\",\"position\":1,\"name\":\"Home\",\"item\":\"https:\/\/microrelleus.com\/ca\/\"},{\"@type\":\"ListItem\",\"position\":2,\"name\":\"R+D\",\"item\":\"https:\/\/microrelleus.com\/ca\/recerca-desenvolupament-laser\/\"},{\"@type\":\"ListItem\",\"position\":3,\"name\":\"Actphast\"}]},{\"@type\":\"WebSite\",\"@id\":\"https:\/\/microrelleus.com\/ca\/#website\",\"url\":\"https:\/\/microrelleus.com\/ca\/\",\"name\":\"Microrelleus\",\"description\":\"Industrial engraving and laser texturing\",\"publisher\":{\"@id\":\"https:\/\/microrelleus.com\/ca\/#organization\"},\"potentialAction\":[{\"@type\":\"SearchAction\",\"target\":{\"@type\":\"EntryPoint\",\"urlTemplate\":\"https:\/\/microrelleus.com\/ca\/?s={search_term_string}\"},\"query-input\":{\"@type\":\"PropertyValueSpecification\",\"valueRequired\":true,\"valueName\":\"search_term_string\"}}],\"inLanguage\":\"ca\"},{\"@type\":\"Organization\",\"@id\":\"https:\/\/microrelleus.com\/ca\/#organization\",\"name\":\"Microrelleus\",\"url\":\"https:\/\/microrelleus.com\/ca\/\",\"logo\":{\"@type\":\"ImageObject\",\"inLanguage\":\"ca\",\"@id\":\"https:\/\/microrelleus.com\/ca\/#\/schema\/logo\/image\/\",\"url\":\"https:\/\/microrelleus.com\/wp\/wp-content\/uploads\/2023\/03\/logo-microrelleus.png\",\"contentUrl\":\"https:\/\/microrelleus.com\/wp\/wp-content\/uploads\/2023\/03\/logo-microrelleus.png\",\"width\":768,\"height\":112,\"caption\":\"Microrelleus\"},\"image\":{\"@id\":\"https:\/\/microrelleus.com\/ca\/#\/schema\/logo\/image\/\"},\"sameAs\":[\"https:\/\/www.youtube.com\/channel\/UC7gqjntoVh6fdql5NE23p0A\",\"https:\/\/www.instagram.com\/microrelleus\/\"]}]}<\/script>\n<!-- \/ Yoast SEO plugin. -->","yoast_head_json":{"title":"Microrelleus va obtenir l\u2019any 2020 l\u2019ajusta Actphast | Microrelleus","description":"Microrelleus va obtenir l\u2019ajusta Actphast per al seu projecte de R+D a la ind\u00fastria automotriu de la il\u00b7luminaci\u00f3 fent servir la tecnologia l\u00e0ser de femtosegon.","robots":{"index":"index","follow":"follow","max-snippet":"max-snippet:-1","max-image-preview":"max-image-preview:large","max-video-preview":"max-video-preview:-1"},"canonical":"https:\/\/microrelleus.com\/ca\/recerca-desenvolupament-laser\/actphast\/","og_locale":"ca_ES","og_type":"article","og_title":"Microrelleus va obtenir l\u2019any 2020 l\u2019ajusta Actphast | Microrelleus","og_description":"Microrelleus va obtenir l\u2019ajusta Actphast per al seu projecte de R+D a la ind\u00fastria automotriu de la il\u00b7luminaci\u00f3 fent servir la tecnologia l\u00e0ser de femtosegon.","og_url":"https:\/\/microrelleus.com\/ca\/recerca-desenvolupament-laser\/actphast\/","og_site_name":"Microrelleus","article_modified_time":"2023-05-29T15:06:43+00:00","og_image":[{"width":300,"height":228,"url":"https:\/\/microrelleus.com\/wp\/wp-content\/uploads\/2023\/04\/actphast.jpg","type":"image\/jpeg"}],"twitter_card":"summary_large_image","twitter_misc":{"Est. reading time":"1 minute"},"schema":{"@context":"https:\/\/schema.org","@graph":[{"@type":"WebPage","@id":"https:\/\/microrelleus.com\/ca\/recerca-desenvolupament-laser\/actphast\/","url":"https:\/\/microrelleus.com\/ca\/recerca-desenvolupament-laser\/actphast\/","name":"Microrelleus va obtenir l\u2019any 2020 l\u2019ajusta Actphast | Microrelleus","isPartOf":{"@id":"https:\/\/microrelleus.com\/ca\/#website"},"primaryImageOfPage":{"@id":"https:\/\/microrelleus.com\/ca\/recerca-desenvolupament-laser\/actphast\/#primaryimage"},"image":{"@id":"https:\/\/microrelleus.com\/ca\/recerca-desenvolupament-laser\/actphast\/#primaryimage"},"thumbnailUrl":"https:\/\/microrelleus.com\/wp\/wp-content\/uploads\/2023\/04\/actphast.jpg","datePublished":"2023-04-25T10:45:32+00:00","dateModified":"2023-05-29T15:06:43+00:00","description":"Microrelleus va obtenir l\u2019ajusta Actphast per al seu projecte de R+D a la ind\u00fastria automotriu de la il\u00b7luminaci\u00f3 fent servir la tecnologia l\u00e0ser de femtosegon.","breadcrumb":{"@id":"https:\/\/microrelleus.com\/ca\/recerca-desenvolupament-laser\/actphast\/#breadcrumb"},"inLanguage":"ca","potentialAction":[{"@type":"ReadAction","target":["https:\/\/microrelleus.com\/ca\/recerca-desenvolupament-laser\/actphast\/"]}]},{"@type":"ImageObject","inLanguage":"ca","@id":"https:\/\/microrelleus.com\/ca\/recerca-desenvolupament-laser\/actphast\/#primaryimage","url":"https:\/\/microrelleus.com\/wp\/wp-content\/uploads\/2023\/04\/actphast.jpg","contentUrl":"https:\/\/microrelleus.com\/wp\/wp-content\/uploads\/2023\/04\/actphast.jpg","width":300,"height":228},{"@type":"BreadcrumbList","@id":"https:\/\/microrelleus.com\/ca\/recerca-desenvolupament-laser\/actphast\/#breadcrumb","itemListElement":[{"@type":"ListItem","position":1,"name":"Home","item":"https:\/\/microrelleus.com\/ca\/"},{"@type":"ListItem","position":2,"name":"R+D","item":"https:\/\/microrelleus.com\/ca\/recerca-desenvolupament-laser\/"},{"@type":"ListItem","position":3,"name":"Actphast"}]},{"@type":"WebSite","@id":"https:\/\/microrelleus.com\/ca\/#website","url":"https:\/\/microrelleus.com\/ca\/","name":"Microrelleus","description":"Industrial engraving and laser texturing","publisher":{"@id":"https:\/\/microrelleus.com\/ca\/#organization"},"potentialAction":[{"@type":"SearchAction","target":{"@type":"EntryPoint","urlTemplate":"https:\/\/microrelleus.com\/ca\/?s={search_term_string}"},"query-input":{"@type":"PropertyValueSpecification","valueRequired":true,"valueName":"search_term_string"}}],"inLanguage":"ca"},{"@type":"Organization","@id":"https:\/\/microrelleus.com\/ca\/#organization","name":"Microrelleus","url":"https:\/\/microrelleus.com\/ca\/","logo":{"@type":"ImageObject","inLanguage":"ca","@id":"https:\/\/microrelleus.com\/ca\/#\/schema\/logo\/image\/","url":"https:\/\/microrelleus.com\/wp\/wp-content\/uploads\/2023\/03\/logo-microrelleus.png","contentUrl":"https:\/\/microrelleus.com\/wp\/wp-content\/uploads\/2023\/03\/logo-microrelleus.png","width":768,"height":112,"caption":"Microrelleus"},"image":{"@id":"https:\/\/microrelleus.com\/ca\/#\/schema\/logo\/image\/"},"sameAs":["https:\/\/www.youtube.com\/channel\/UC7gqjntoVh6fdql5NE23p0A","https:\/\/www.instagram.com\/microrelleus\/"]}]}},"_links":{"self":[{"href":"https:\/\/microrelleus.com\/ca\/wp-json\/wp\/v2\/pages\/1110","targetHints":{"allow":["GET"]}}],"collection":[{"href":"https:\/\/microrelleus.com\/ca\/wp-json\/wp\/v2\/pages"}],"about":[{"href":"https:\/\/microrelleus.com\/ca\/wp-json\/wp\/v2\/types\/page"}],"author":[{"embeddable":true,"href":"https:\/\/microrelleus.com\/ca\/wp-json\/wp\/v2\/users\/1"}],"replies":[{"embeddable":true,"href":"https:\/\/microrelleus.com\/ca\/wp-json\/wp\/v2\/comments?post=1110"}],"version-history":[{"count":3,"href":"https:\/\/microrelleus.com\/ca\/wp-json\/wp\/v2\/pages\/1110\/revisions"}],"predecessor-version":[{"id":1235,"href":"https:\/\/microrelleus.com\/ca\/wp-json\/wp\/v2\/pages\/1110\/revisions\/1235"}],"up":[{"embeddable":true,"href":"https:\/\/microrelleus.com\/ca\/wp-json\/wp\/v2\/pages\/1104"}],"wp:featuredmedia":[{"embeddable":true,"href":"https:\/\/microrelleus.com\/ca\/wp-json\/wp\/v2\/media\/923"}],"wp:attachment":[{"href":"https:\/\/microrelleus.com\/ca\/wp-json\/wp\/v2\/media?parent=1110"}],"curies":[{"name":"wp","href":"https:\/\/api.w.org\/{rel}","templated":true}]}}