{"id":1119,"date":"2023-04-25T13:02:34","date_gmt":"2023-04-25T11:02:34","guid":{"rendered":"https:\/\/microrelleus.com\/recerca-i-desenvolupament-laser\/plastfun\/"},"modified":"2025-02-24T09:22:04","modified_gmt":"2025-02-24T08:22:04","slug":"plastfun","status":"publish","type":"page","link":"https:\/\/microrelleus.com\/ca\/recerca-desenvolupament-laser\/plastfun\/","title":{"rendered":"Plastfun"},"content":{"rendered":"<div class=\"vce-row-container\" data-vce-boxed-width=\"true\"><div class=\"vce-row vce-row--col-gap-30 vce-row-equal-height vce-row-content--top\" id=\"el-7125cc4c\" data-vce-do-apply=\"all el-7125cc4c\"><div class=\"vce-content-background-container\"><\/div><div class=\"vce-row-content\" data-vce-element-content=\"true\"><div class=\"vce-col vce-col--md-auto vce-col--xs-1 vce-col--xs-last vce-col--xs-first vce-col--sm-last vce-col--sm-first vce-col--md-last vce-col--lg-last vce-col--xl-last vce-col--md-first vce-col--lg-first vce-col--xl-first\" id=\"el-3941ba8f\"><div class=\"vce-col-inner\" data-vce-do-apply=\"border margin background  el-3941ba8f\"><div class=\"vce-col-content\" data-vce-element-content=\"true\" data-vce-do-apply=\"padding el-3941ba8f\"><div class=\"vce-text-block\"><div class=\"vce-text-block-wrapper vce\" id=\"el-a71a0ce2\" data-vce-do-apply=\"all el-a71a0ce2\"><h1>Plastfun<\/h1><\/div><\/div><\/div><\/div><\/div><\/div><\/div><\/div><div class=\"vce-row-container\" data-vce-boxed-width=\"true\"><div class=\"vce-row vce-row--col-gap-30 vce-row-equal-height vce-row-content--top\" id=\"el-b17ae622\" data-vce-do-apply=\"all el-b17ae622\"><div class=\"vce-content-background-container\"><\/div><div class=\"vce-row-content\" data-vce-element-content=\"true\"><div class=\"vce-col vce-col--xs-100p vce-col--xs-visible vce-col--xs-last vce-col--xs-first vce-col--sm-100p vce-col--sm-visible vce-col--sm-last vce-col--sm-first vce-col--md-100p vce-col--md-visible vce-col--md-last vce-col--md-first vce-col--lg-auto vce-col--lg-visible vce-col--lg-first vce-col--xl-auto vce-col--xl-visible vce-col--xl-first\" id=\"el-6b347b57\"><div class=\"vce-col-inner\" data-vce-do-apply=\"border margin background  el-6b347b57\"><div class=\"vce-col-content\" data-vce-element-content=\"true\" data-vce-do-apply=\"padding el-6b347b57\"><div class=\"vce-text-block\"><div class=\"vce-text-block-wrapper vce\" id=\"el-7e475107\" data-vce-do-apply=\"all el-7e475107\"><p>Microrelleus est\u00e0 involucrat en el projecte PLASTFUN, amb la comunitat de les Ind\u00fastries del Futur. Amb un pressupost de 16,5 milions d\u2019euros, la comunitat IdF persegueix consolidar la innovaci\u00f3 en la fabricaci\u00f3 sostenible i eficient. \u00c9s part del programa RIS3CAT, amb m\u00e9s de 73 milions d\u2019euros invertits en 32 projectes. El pressupost de la comunitat RIS3CAT prov\u00e9 del Fons Europeu de Desenvolupament Regional de la Uni\u00f3 Europea.<\/p><p>Microrelleus \u00e9s part de 32 empreses i 13 entitats, incloent Universitats i Centres de Recerca que s\u00f3n part de la comunitat RIS3CAT IdF.<\/p><p>En el marc del projecte PLASTFUN, Microrelleus treballa en fabricar micro i nano estructures en motlles per a la replicaci\u00f3 en pl\u00e0stic per a que el resultat final tingui alguna funcionalitat.<\/p><p><span style=\"color: #e73e25;\"><a style=\"color: #e73e25;\" href=\"https:\/\/microrelleus.com\/ca\/recerca-i-desenvolupament-laser\/\">&lt; Tornar a R+D<\/a><\/span><\/p><\/div><\/div><\/div><\/div><\/div><div class=\"vce-col vce-col--xs-100p vce-col--xs-visible vce-col--xs-last vce-col--xs-first vce-col--sm-100p vce-col--sm-visible vce-col--sm-last vce-col--sm-first vce-col--md-100p vce-col--md-visible vce-col--md-last vce-col--md-first vce-col--lg-auto vce-col--lg-visible vce-col--lg-last vce-col--xl-auto vce-col--xl-visible vce-col--xl-last\" id=\"el-a3e5de3b\"><div class=\"vce-col-inner\" data-vce-do-apply=\"border margin background  el-a3e5de3b\"><div class=\"vce-col-content\" data-vce-element-content=\"true\" data-vce-do-apply=\"padding el-a3e5de3b\"><div class=\"vce-single-image-container vce-single-image--align-center\"><div class=\"vce vce-single-image-wrapper\" id=\"el-f38d6689\" data-vce-do-apply=\"all el-f38d6689\"><figure><div class=\"vce-single-image-figure-inner\" style=\"width: 300px;\"><div class=\"vce-single-image-inner vce-single-image--absolute\" style=\"width: 100%; padding-bottom: 25.3333%;\"><img decoding=\"async\" class=\"vce-single-image\" src=\"https:\/\/microrelleus.com\/wp\/wp-content\/uploads\/2023\/04\/plastfun-eu.png\" data-img-src=\"https:\/\/microrelleus.com\/wp\/wp-content\/uploads\/2023\/04\/plastfun-eu.png\" data-attachment-id=\"491\" alt=\"\" title=\"plastfun-eu\"><\/div><\/div><figcaption hidden=\"\"><\/figcaption><\/figure><\/div><\/div><div class=\"vce-single-image-container vce-single-image--align-center\"><div class=\"vce vce-single-image-wrapper\" id=\"el-d2175f0e\" data-vce-do-apply=\"all el-d2175f0e\"><figure><div class=\"vce-single-image-figure-inner\" style=\"width: 300px;\"><div class=\"vce-single-image-inner vce-single-image--absolute\" style=\"width: 100%; padding-bottom: 29.3333%;\"><img decoding=\"async\" class=\"vce-single-image\" src=\"https:\/\/microrelleus.com\/wp\/wp-content\/uploads\/2023\/04\/plastfun-ris3cat.png\" data-img-src=\"https:\/\/microrelleus.com\/wp\/wp-content\/uploads\/2023\/04\/plastfun-ris3cat.png\" data-attachment-id=\"493\" alt=\"\" title=\"plastfun-ris3cat\"><\/div><\/div><figcaption hidden=\"\"><\/figcaption><\/figure><\/div><\/div><div class=\"vce-single-image-container vce-single-image--align-center\"><div class=\"vce vce-single-image-wrapper\" id=\"el-680a9766\" data-vce-do-apply=\"all el-680a9766\"><figure><div class=\"vce-single-image-figure-inner\" style=\"width: 300px;\"><div class=\"vce-single-image-inner vce-single-image--absolute\" style=\"width: 100%; padding-bottom: 26.6667%;\"><img decoding=\"async\" class=\"vce-single-image\" src=\"https:\/\/microrelleus.com\/wp\/wp-content\/uploads\/2023\/04\/plastfun-gene.png\" data-img-src=\"https:\/\/microrelleus.com\/wp\/wp-content\/uploads\/2023\/04\/plastfun-gene.png\" data-attachment-id=\"492\" alt=\"\" title=\"plastfun-gene\"><\/div><\/div><figcaption hidden=\"\"><\/figcaption><\/figure><\/div><\/div><\/div><\/div><\/div><\/div><\/div><\/div>\n","protected":false},"excerpt":{"rendered":"<p>PlastfunMicrorelleus est\u00e0 involucrat en el projecte PLASTFUN, amb la comunitat de les Ind\u00fastries del Futur. Amb un pressupost de 16,5 milions d\u2019euros, la comunitat IdF persegueix consolidar la innovaci\u00f3 en la fabricaci\u00f3 sostenible i eficient. \u00c9s part del programa RIS3CAT, amb m\u00e9s de 73 milions d\u2019euros invertits en 32 projectes. El pressupost de la comunitat [&hellip;]<\/p>\n","protected":false},"author":1,"featured_media":0,"parent":1104,"menu_order":0,"comment_status":"closed","ping_status":"closed","template":"","meta":{"_acf_changed":false,"footnotes":""},"class_list":["post-1119","page","type-page","status-publish","hentry"],"acf":[],"yoast_head":"<!-- This site is optimized with the Yoast SEO plugin v27.1.1 - https:\/\/yoast.com\/product\/yoast-seo-wordpress\/ -->\n<title>Microrelleus forma part del projecte Plastfun | Microrelleus<\/title>\n<meta name=\"description\" content=\"Microrelleus est\u00e0 involucrat en el projecte PLASTFUN, amb la comunitat de les Ind\u00fastries del Futur.\" \/>\n<meta name=\"robots\" content=\"index, follow, max-snippet:-1, max-image-preview:large, max-video-preview:-1\" \/>\n<link rel=\"canonical\" href=\"https:\/\/microrelleus.com\/ca\/recerca-desenvolupament-laser\/plastfun\/\" \/>\n<meta property=\"og:locale\" content=\"ca_ES\" \/>\n<meta property=\"og:type\" content=\"article\" \/>\n<meta property=\"og:title\" content=\"Microrelleus forma part del projecte Plastfun | Microrelleus\" \/>\n<meta property=\"og:description\" content=\"Microrelleus est\u00e0 involucrat en el projecte PLASTFUN, amb la comunitat de les Ind\u00fastries del Futur.\" \/>\n<meta property=\"og:url\" content=\"https:\/\/microrelleus.com\/ca\/recerca-desenvolupament-laser\/plastfun\/\" \/>\n<meta property=\"og:site_name\" content=\"Microrelleus\" \/>\n<meta property=\"article:modified_time\" content=\"2025-02-24T08:22:04+00:00\" \/>\n<meta name=\"twitter:card\" content=\"summary_large_image\" \/>\n<meta name=\"twitter:label1\" content=\"Est. reading time\" \/>\n\t<meta name=\"twitter:data1\" content=\"2 minutes\" \/>\n<script type=\"application\/ld+json\" class=\"yoast-schema-graph\">{\"@context\":\"https:\/\/schema.org\",\"@graph\":[{\"@type\":\"WebPage\",\"@id\":\"https:\/\/microrelleus.com\/ca\/recerca-desenvolupament-laser\/plastfun\/\",\"url\":\"https:\/\/microrelleus.com\/ca\/recerca-desenvolupament-laser\/plastfun\/\",\"name\":\"Microrelleus forma part del projecte Plastfun | Microrelleus\",\"isPartOf\":{\"@id\":\"https:\/\/microrelleus.com\/ca\/#website\"},\"datePublished\":\"2023-04-25T11:02:34+00:00\",\"dateModified\":\"2025-02-24T08:22:04+00:00\",\"description\":\"Microrelleus est\u00e0 involucrat en el projecte PLASTFUN, amb la comunitat de les Ind\u00fastries del Futur.\",\"breadcrumb\":{\"@id\":\"https:\/\/microrelleus.com\/ca\/recerca-desenvolupament-laser\/plastfun\/#breadcrumb\"},\"inLanguage\":\"ca\",\"potentialAction\":[{\"@type\":\"ReadAction\",\"target\":[\"https:\/\/microrelleus.com\/ca\/recerca-desenvolupament-laser\/plastfun\/\"]}]},{\"@type\":\"BreadcrumbList\",\"@id\":\"https:\/\/microrelleus.com\/ca\/recerca-desenvolupament-laser\/plastfun\/#breadcrumb\",\"itemListElement\":[{\"@type\":\"ListItem\",\"position\":1,\"name\":\"Home\",\"item\":\"https:\/\/microrelleus.com\/ca\/\"},{\"@type\":\"ListItem\",\"position\":2,\"name\":\"R+D\",\"item\":\"https:\/\/microrelleus.com\/ca\/recerca-desenvolupament-laser\/\"},{\"@type\":\"ListItem\",\"position\":3,\"name\":\"Plastfun\"}]},{\"@type\":\"WebSite\",\"@id\":\"https:\/\/microrelleus.com\/ca\/#website\",\"url\":\"https:\/\/microrelleus.com\/ca\/\",\"name\":\"Microrelleus\",\"description\":\"Industrial engraving and laser texturing\",\"publisher\":{\"@id\":\"https:\/\/microrelleus.com\/ca\/#organization\"},\"potentialAction\":[{\"@type\":\"SearchAction\",\"target\":{\"@type\":\"EntryPoint\",\"urlTemplate\":\"https:\/\/microrelleus.com\/ca\/?s={search_term_string}\"},\"query-input\":{\"@type\":\"PropertyValueSpecification\",\"valueRequired\":true,\"valueName\":\"search_term_string\"}}],\"inLanguage\":\"ca\"},{\"@type\":\"Organization\",\"@id\":\"https:\/\/microrelleus.com\/ca\/#organization\",\"name\":\"Microrelleus\",\"url\":\"https:\/\/microrelleus.com\/ca\/\",\"logo\":{\"@type\":\"ImageObject\",\"inLanguage\":\"ca\",\"@id\":\"https:\/\/microrelleus.com\/ca\/#\/schema\/logo\/image\/\",\"url\":\"https:\/\/microrelleus.com\/wp\/wp-content\/uploads\/2023\/03\/logo-microrelleus.png\",\"contentUrl\":\"https:\/\/microrelleus.com\/wp\/wp-content\/uploads\/2023\/03\/logo-microrelleus.png\",\"width\":768,\"height\":112,\"caption\":\"Microrelleus\"},\"image\":{\"@id\":\"https:\/\/microrelleus.com\/ca\/#\/schema\/logo\/image\/\"},\"sameAs\":[\"https:\/\/www.youtube.com\/channel\/UC7gqjntoVh6fdql5NE23p0A\",\"https:\/\/www.instagram.com\/microrelleus\/\"]}]}<\/script>\n<!-- \/ Yoast SEO plugin. -->","yoast_head_json":{"title":"Microrelleus forma part del projecte Plastfun | Microrelleus","description":"Microrelleus est\u00e0 involucrat en el projecte PLASTFUN, amb la comunitat de les Ind\u00fastries del Futur.","robots":{"index":"index","follow":"follow","max-snippet":"max-snippet:-1","max-image-preview":"max-image-preview:large","max-video-preview":"max-video-preview:-1"},"canonical":"https:\/\/microrelleus.com\/ca\/recerca-desenvolupament-laser\/plastfun\/","og_locale":"ca_ES","og_type":"article","og_title":"Microrelleus forma part del projecte Plastfun | Microrelleus","og_description":"Microrelleus est\u00e0 involucrat en el projecte PLASTFUN, amb la comunitat de les Ind\u00fastries del Futur.","og_url":"https:\/\/microrelleus.com\/ca\/recerca-desenvolupament-laser\/plastfun\/","og_site_name":"Microrelleus","article_modified_time":"2025-02-24T08:22:04+00:00","twitter_card":"summary_large_image","twitter_misc":{"Est. reading time":"2 minutes"},"schema":{"@context":"https:\/\/schema.org","@graph":[{"@type":"WebPage","@id":"https:\/\/microrelleus.com\/ca\/recerca-desenvolupament-laser\/plastfun\/","url":"https:\/\/microrelleus.com\/ca\/recerca-desenvolupament-laser\/plastfun\/","name":"Microrelleus forma part del projecte Plastfun | Microrelleus","isPartOf":{"@id":"https:\/\/microrelleus.com\/ca\/#website"},"datePublished":"2023-04-25T11:02:34+00:00","dateModified":"2025-02-24T08:22:04+00:00","description":"Microrelleus est\u00e0 involucrat en el projecte PLASTFUN, amb la comunitat de les Ind\u00fastries del Futur.","breadcrumb":{"@id":"https:\/\/microrelleus.com\/ca\/recerca-desenvolupament-laser\/plastfun\/#breadcrumb"},"inLanguage":"ca","potentialAction":[{"@type":"ReadAction","target":["https:\/\/microrelleus.com\/ca\/recerca-desenvolupament-laser\/plastfun\/"]}]},{"@type":"BreadcrumbList","@id":"https:\/\/microrelleus.com\/ca\/recerca-desenvolupament-laser\/plastfun\/#breadcrumb","itemListElement":[{"@type":"ListItem","position":1,"name":"Home","item":"https:\/\/microrelleus.com\/ca\/"},{"@type":"ListItem","position":2,"name":"R+D","item":"https:\/\/microrelleus.com\/ca\/recerca-desenvolupament-laser\/"},{"@type":"ListItem","position":3,"name":"Plastfun"}]},{"@type":"WebSite","@id":"https:\/\/microrelleus.com\/ca\/#website","url":"https:\/\/microrelleus.com\/ca\/","name":"Microrelleus","description":"Industrial engraving and laser texturing","publisher":{"@id":"https:\/\/microrelleus.com\/ca\/#organization"},"potentialAction":[{"@type":"SearchAction","target":{"@type":"EntryPoint","urlTemplate":"https:\/\/microrelleus.com\/ca\/?s={search_term_string}"},"query-input":{"@type":"PropertyValueSpecification","valueRequired":true,"valueName":"search_term_string"}}],"inLanguage":"ca"},{"@type":"Organization","@id":"https:\/\/microrelleus.com\/ca\/#organization","name":"Microrelleus","url":"https:\/\/microrelleus.com\/ca\/","logo":{"@type":"ImageObject","inLanguage":"ca","@id":"https:\/\/microrelleus.com\/ca\/#\/schema\/logo\/image\/","url":"https:\/\/microrelleus.com\/wp\/wp-content\/uploads\/2023\/03\/logo-microrelleus.png","contentUrl":"https:\/\/microrelleus.com\/wp\/wp-content\/uploads\/2023\/03\/logo-microrelleus.png","width":768,"height":112,"caption":"Microrelleus"},"image":{"@id":"https:\/\/microrelleus.com\/ca\/#\/schema\/logo\/image\/"},"sameAs":["https:\/\/www.youtube.com\/channel\/UC7gqjntoVh6fdql5NE23p0A","https:\/\/www.instagram.com\/microrelleus\/"]}]}},"_links":{"self":[{"href":"https:\/\/microrelleus.com\/ca\/wp-json\/wp\/v2\/pages\/1119","targetHints":{"allow":["GET"]}}],"collection":[{"href":"https:\/\/microrelleus.com\/ca\/wp-json\/wp\/v2\/pages"}],"about":[{"href":"https:\/\/microrelleus.com\/ca\/wp-json\/wp\/v2\/types\/page"}],"author":[{"embeddable":true,"href":"https:\/\/microrelleus.com\/ca\/wp-json\/wp\/v2\/users\/1"}],"replies":[{"embeddable":true,"href":"https:\/\/microrelleus.com\/ca\/wp-json\/wp\/v2\/comments?post=1119"}],"version-history":[{"count":1,"href":"https:\/\/microrelleus.com\/ca\/wp-json\/wp\/v2\/pages\/1119\/revisions"}],"predecessor-version":[{"id":1121,"href":"https:\/\/microrelleus.com\/ca\/wp-json\/wp\/v2\/pages\/1119\/revisions\/1121"}],"up":[{"embeddable":true,"href":"https:\/\/microrelleus.com\/ca\/wp-json\/wp\/v2\/pages\/1104"}],"wp:attachment":[{"href":"https:\/\/microrelleus.com\/ca\/wp-json\/wp\/v2\/media?parent=1119"}],"curies":[{"name":"wp","href":"https:\/\/api.w.org\/{rel}","templated":true}]}}