{"id":1793,"date":"2025-02-24T08:40:24","date_gmt":"2025-02-24T07:40:24","guid":{"rendered":"https:\/\/microrelleus.com\/?page_id=1793"},"modified":"2025-02-24T09:22:50","modified_gmt":"2025-02-24T08:22:50","slug":"padih","status":"publish","type":"page","link":"https:\/\/microrelleus.com\/ca\/recerca-desenvolupament-laser\/padih\/","title":{"rendered":"PADIH"},"content":{"rendered":"<div class=\"vce-row-container\" data-vce-boxed-width=\"true\"><div class=\"vce-row vce-row--col-gap-30 vce-row-equal-height vce-row-content--top\" id=\"el-7125cc4c\" data-vce-do-apply=\"all el-7125cc4c\"><div class=\"vce-content-background-container\"><\/div><div class=\"vce-row-content\" data-vce-element-content=\"true\"><div class=\"vce-col vce-col--md-auto vce-col--xs-1 vce-col--xs-last vce-col--xs-first vce-col--sm-last vce-col--sm-first vce-col--md-last vce-col--lg-last vce-col--xl-last vce-col--md-first vce-col--lg-first vce-col--xl-first\" id=\"el-3941ba8f\"><div class=\"vce-col-inner\" data-vce-do-apply=\"border margin background  el-3941ba8f\"><div class=\"vce-col-content\" data-vce-element-content=\"true\" data-vce-do-apply=\"padding el-3941ba8f\"><div class=\"vce-text-block\"><div class=\"vce-text-block-wrapper vce\" id=\"el-a71a0ce2\" data-vce-do-apply=\"all el-a71a0ce2\"><h1>PADIH<\/h1><\/div><\/div><\/div><\/div><\/div><\/div><\/div><\/div><div class=\"vce-row-container\" data-vce-boxed-width=\"true\"><div class=\"vce-row vce-row--col-gap-30 vce-row-equal-height vce-row-content--top\" id=\"el-b17ae622\" data-vce-do-apply=\"all el-b17ae622\"><div class=\"vce-content-background-container\"><\/div><div class=\"vce-row-content\" data-vce-element-content=\"true\"><div class=\"vce-col vce-col--xs-100p vce-col--xs-visible vce-col--xs-last vce-col--xs-first vce-col--sm-100p vce-col--sm-visible vce-col--sm-last vce-col--sm-first vce-col--md-100p vce-col--md-visible vce-col--md-last vce-col--md-first vce-col--lg-auto vce-col--lg-visible vce-col--lg-first vce-col--xl-auto vce-col--xl-visible vce-col--xl-first\" id=\"el-6b347b57\"><div class=\"vce-col-inner\" data-vce-do-apply=\"border margin background  el-6b347b57\"><div class=\"vce-col-content\" data-vce-element-content=\"true\" data-vce-do-apply=\"padding el-6b347b57\"><div class=\"vce-text-block\"><div class=\"vce-text-block-wrapper vce\" id=\"el-7e475107\" data-vce-do-apply=\"all el-7e475107\"><p>MICRORELLEUS SL ha estat benefici\u00e0ria del projecte: <strong>\"MILLORA DE LA QUALITAT DE SUPERF\u00cdCIES MICRO-TEXTURITZADES MITJAN\u00c7ANT M\u00c8TODES AVAN\u00c7ATS EN DIGITAL MANUFACTURING\"<\/strong>, refer\u00e8ncia <strong>\"2023\/DIH_01\/000031\"<\/strong>, en el marc de les ajudes del Programa PADIH: Ajudes a petites i mitjanes empreses dins del programa de Suport als Digital Innovation Hubs, en el marc del Pla de Recuperaci\u00f3, Transformaci\u00f3 i Resili\u00e8ncia (DIH_001), basat en l'Ordre <strong>ICT\/1296\/2022, de 22 de desembre<\/strong>.<\/p><p>Campanya finan\u00e7ada per la <strong>Uni\u00f3 Europea \u2013 Next Generation EU \u2013 Pla de Recuperaci\u00f3, Escola d'Organitzaci\u00f3 Industrial (EOI), Ministeri d'Ind\u00fastria i Turisme, Govern d'Espanya<\/strong>.<\/p><p><span style=\"color: #e73e25;\"><a style=\"color: #e73e25;\" href=\"https:\/\/microrelleus.com\/ca\/recerca-desenvolupament-laser\/\">&lt; Tornar a R+D<\/a><\/span><\/p><\/div><\/div><\/div><\/div><\/div><div class=\"vce-col vce-col--xs-100p vce-col--xs-visible vce-col--xs-last vce-col--xs-first vce-col--sm-100p vce-col--sm-visible vce-col--sm-last vce-col--sm-first vce-col--md-100p vce-col--md-visible vce-col--md-last vce-col--md-first vce-col--lg-auto vce-col--lg-visible vce-col--lg-last vce-col--xl-auto vce-col--xl-visible vce-col--xl-last\" id=\"el-a3e5de3b\"><div class=\"vce-col-inner\" data-vce-do-apply=\"border margin background  el-a3e5de3b\"><div class=\"vce-col-content\" data-vce-element-content=\"true\" data-vce-do-apply=\"padding el-a3e5de3b\"><div class=\"vce-single-image-container vce-single-image--align-center\"><div class=\"vce vce-single-image-wrapper\" id=\"el-d01070d5\" data-vce-do-apply=\"all el-d01070d5\"><figure><div class=\"vce-single-image-figure-inner\" style=\"width: 300px;\"><div class=\"vce-single-image-inner vce-single-image--absolute\" style=\"width: 100%; padding-bottom: 25%;\"><img loading=\"lazy\" decoding=\"async\" class=\"vce-single-image\"  width=\"300\" height=\"75\" srcset=\"https:\/\/microrelleus.com\/wp\/wp-content\/uploads\/2025\/02\/nextgeneration-300x75.png 300w, https:\/\/microrelleus.com\/wp\/wp-content\/uploads\/2025\/02\/nextgeneration-320x80.png 320w, https:\/\/microrelleus.com\/wp\/wp-content\/uploads\/2025\/02\/nextgeneration-480x120.png 480w, https:\/\/microrelleus.com\/wp\/wp-content\/uploads\/2025\/02\/nextgeneration-800x200.png 800w, https:\/\/microrelleus.com\/wp\/wp-content\/uploads\/2025\/02\/nextgeneration-600x150.png 2x\" src=\"https:\/\/microrelleus.com\/wp\/wp-content\/uploads\/2025\/02\/nextgeneration-300x75.png\" data-img-src=\"https:\/\/microrelleus.com\/wp\/wp-content\/uploads\/2025\/02\/nextgeneration.png\" data-attachment-id=\"1801\"  alt=\"\" title=\"nextgeneration\" \/><\/div><\/div><figcaption hidden=\"\"><\/figcaption><\/figure><\/div><\/div><div class=\"vce-single-image-container vce-single-image--align-center\"><div class=\"vce vce-single-image-wrapper\" id=\"el-75f0d649\" data-vce-do-apply=\"all el-75f0d649\"><figure><div class=\"vce-single-image-figure-inner\" style=\"width: 350px;\"><div class=\"vce-single-image-inner vce-single-image--absolute\" style=\"width: 100%; padding-bottom: 21.4286%;\"><img loading=\"lazy\" decoding=\"async\" class=\"vce-single-image\"  width=\"350\" height=\"75\" srcset=\"https:\/\/microrelleus.com\/wp\/wp-content\/uploads\/2025\/02\/gobierno-320x69.png 320w, https:\/\/microrelleus.com\/wp\/wp-content\/uploads\/2025\/02\/gobierno-480x103.png 480w, https:\/\/microrelleus.com\/wp\/wp-content\/uploads\/2025\/02\/gobierno-350x100.png 350w, https:\/\/microrelleus.com\/wp\/wp-content\/uploads\/2025\/02\/gobierno-800x171.png 800w, https:\/\/microrelleus.com\/wp\/wp-content\/uploads\/2025\/02\/gobierno-700x150.png 2x\" src=\"https:\/\/microrelleus.com\/wp\/wp-content\/uploads\/2025\/02\/gobierno-350x100.png\" data-img-src=\"https:\/\/microrelleus.com\/wp\/wp-content\/uploads\/2025\/02\/gobierno.png\" data-attachment-id=\"1804\"  alt=\"\" title=\"gobierno\" \/><\/div><\/div><figcaption hidden=\"\"><\/figcaption><\/figure><\/div><\/div><div class=\"vce-single-image-container vce-single-image--align-center\"><div class=\"vce vce-single-image-wrapper\" id=\"el-f38d6689\" data-vce-do-apply=\"all el-f38d6689\"><figure><div class=\"vce-single-image-figure-inner\" style=\"width: 200px;\"><div class=\"vce-single-image-inner vce-single-image--absolute\" style=\"width: 100%; padding-bottom: 25%;\"><img loading=\"lazy\" decoding=\"async\" class=\"vce-single-image\"  width=\"200\" height=\"50\" srcset=\"https:\/\/microrelleus.com\/wp\/wp-content\/uploads\/2025\/02\/eoi-320x80.png 320w, https:\/\/microrelleus.com\/wp\/wp-content\/uploads\/2025\/02\/eoi-480x120.png 480w, https:\/\/microrelleus.com\/wp\/wp-content\/uploads\/2025\/02\/eoi-800x200.png 800w, https:\/\/microrelleus.com\/wp\/wp-content\/uploads\/2025\/02\/eoi-200x50.png 200w, https:\/\/microrelleus.com\/wp\/wp-content\/uploads\/2025\/02\/eoi-400x100.png 2x\" src=\"https:\/\/microrelleus.com\/wp\/wp-content\/uploads\/2025\/02\/eoi-200x50.png\" data-img-src=\"https:\/\/microrelleus.com\/wp\/wp-content\/uploads\/2025\/02\/eoi.png\" data-attachment-id=\"1797\"  alt=\"\" title=\"eoi\" \/><\/div><\/div><figcaption hidden=\"\"><\/figcaption><\/figure><\/div><\/div><\/div><\/div><\/div><\/div><\/div><\/div>\n","protected":false},"excerpt":{"rendered":"<p>PADIHMICRORELLEUS SL ha estat benefici\u00e0ria del projecte: &#8220;MILLORA DE LA QUALITAT DE SUPERF\u00cdCIES MICRO-TEXTURITZADES MITJAN\u00c7ANT M\u00c8TODES AVAN\u00c7ATS EN DIGITAL MANUFACTURING&#8221;, refer\u00e8ncia &#8220;2023\/DIH_01\/000031&#8221;, en el marc de les ajudes del Programa PADIH: Ajudes a petites i mitjanes empreses dins del programa de Suport als Digital Innovation Hubs, en el marc del Pla de Recuperaci\u00f3, Transformaci\u00f3 i [&hellip;]<\/p>\n","protected":false},"author":1,"featured_media":0,"parent":1104,"menu_order":0,"comment_status":"closed","ping_status":"closed","template":"","meta":{"_acf_changed":false,"footnotes":""},"class_list":["post-1793","page","type-page","status-publish","hentry"],"acf":[],"yoast_head":"<!-- This site is optimized with the Yoast SEO plugin v27.1.1 - https:\/\/yoast.com\/product\/yoast-seo-wordpress\/ -->\n<title>Microrelleus is involved in the Plastfun project | Microrelleus<\/title>\n<meta name=\"description\" content=\"Microrelleus is involved in the Plastfun project, within Industries of the Future community.\" \/>\n<meta name=\"robots\" content=\"index, follow, max-snippet:-1, max-image-preview:large, max-video-preview:-1\" \/>\n<link rel=\"canonical\" href=\"https:\/\/microrelleus.com\/ca\/recerca-desenvolupament-laser\/padih\/\" \/>\n<meta property=\"og:locale\" content=\"ca_ES\" \/>\n<meta property=\"og:type\" content=\"article\" \/>\n<meta property=\"og:title\" content=\"Microrelleus is involved in the Plastfun project | Microrelleus\" \/>\n<meta property=\"og:description\" content=\"Microrelleus is involved in the Plastfun project, within Industries of the Future community.\" \/>\n<meta property=\"og:url\" content=\"https:\/\/microrelleus.com\/ca\/recerca-desenvolupament-laser\/padih\/\" \/>\n<meta property=\"og:site_name\" content=\"Microrelleus\" \/>\n<meta property=\"article:modified_time\" content=\"2025-02-24T08:22:50+00:00\" \/>\n<meta name=\"twitter:card\" content=\"summary_large_image\" \/>\n<meta name=\"twitter:label1\" content=\"Est. reading time\" \/>\n\t<meta name=\"twitter:data1\" content=\"2 minutes\" \/>\n<script type=\"application\/ld+json\" class=\"yoast-schema-graph\">{\"@context\":\"https:\/\/schema.org\",\"@graph\":[{\"@type\":\"WebPage\",\"@id\":\"https:\/\/microrelleus.com\/ca\/recerca-desenvolupament-laser\/padih\/\",\"url\":\"https:\/\/microrelleus.com\/ca\/recerca-desenvolupament-laser\/padih\/\",\"name\":\"Microrelleus is involved in the Plastfun project | Microrelleus\",\"isPartOf\":{\"@id\":\"https:\/\/microrelleus.com\/ca\/#website\"},\"datePublished\":\"2025-02-24T07:40:24+00:00\",\"dateModified\":\"2025-02-24T08:22:50+00:00\",\"description\":\"Microrelleus is involved in the Plastfun project, within Industries of the Future community.\",\"breadcrumb\":{\"@id\":\"https:\/\/microrelleus.com\/ca\/recerca-desenvolupament-laser\/padih\/#breadcrumb\"},\"inLanguage\":\"ca\",\"potentialAction\":[{\"@type\":\"ReadAction\",\"target\":[\"https:\/\/microrelleus.com\/ca\/recerca-desenvolupament-laser\/padih\/\"]}]},{\"@type\":\"BreadcrumbList\",\"@id\":\"https:\/\/microrelleus.com\/ca\/recerca-desenvolupament-laser\/padih\/#breadcrumb\",\"itemListElement\":[{\"@type\":\"ListItem\",\"position\":1,\"name\":\"Home\",\"item\":\"https:\/\/microrelleus.com\/ca\/\"},{\"@type\":\"ListItem\",\"position\":2,\"name\":\"R+D\",\"item\":\"https:\/\/microrelleus.com\/ca\/recerca-desenvolupament-laser\/\"},{\"@type\":\"ListItem\",\"position\":3,\"name\":\"PADIH\"}]},{\"@type\":\"WebSite\",\"@id\":\"https:\/\/microrelleus.com\/ca\/#website\",\"url\":\"https:\/\/microrelleus.com\/ca\/\",\"name\":\"Microrelleus\",\"description\":\"Industrial engraving and laser texturing\",\"publisher\":{\"@id\":\"https:\/\/microrelleus.com\/ca\/#organization\"},\"potentialAction\":[{\"@type\":\"SearchAction\",\"target\":{\"@type\":\"EntryPoint\",\"urlTemplate\":\"https:\/\/microrelleus.com\/ca\/?s={search_term_string}\"},\"query-input\":{\"@type\":\"PropertyValueSpecification\",\"valueRequired\":true,\"valueName\":\"search_term_string\"}}],\"inLanguage\":\"ca\"},{\"@type\":\"Organization\",\"@id\":\"https:\/\/microrelleus.com\/ca\/#organization\",\"name\":\"Microrelleus\",\"url\":\"https:\/\/microrelleus.com\/ca\/\",\"logo\":{\"@type\":\"ImageObject\",\"inLanguage\":\"ca\",\"@id\":\"https:\/\/microrelleus.com\/ca\/#\/schema\/logo\/image\/\",\"url\":\"https:\/\/microrelleus.com\/wp\/wp-content\/uploads\/2023\/03\/logo-microrelleus.png\",\"contentUrl\":\"https:\/\/microrelleus.com\/wp\/wp-content\/uploads\/2023\/03\/logo-microrelleus.png\",\"width\":768,\"height\":112,\"caption\":\"Microrelleus\"},\"image\":{\"@id\":\"https:\/\/microrelleus.com\/ca\/#\/schema\/logo\/image\/\"},\"sameAs\":[\"https:\/\/www.youtube.com\/channel\/UC7gqjntoVh6fdql5NE23p0A\",\"https:\/\/www.instagram.com\/microrelleus\/\"]}]}<\/script>\n<!-- \/ Yoast SEO plugin. -->","yoast_head_json":{"title":"Microrelleus is involved in the Plastfun project | Microrelleus","description":"Microrelleus is involved in the Plastfun project, within Industries of the Future community.","robots":{"index":"index","follow":"follow","max-snippet":"max-snippet:-1","max-image-preview":"max-image-preview:large","max-video-preview":"max-video-preview:-1"},"canonical":"https:\/\/microrelleus.com\/ca\/recerca-desenvolupament-laser\/padih\/","og_locale":"ca_ES","og_type":"article","og_title":"Microrelleus is involved in the Plastfun project | Microrelleus","og_description":"Microrelleus is involved in the Plastfun project, within Industries of the Future community.","og_url":"https:\/\/microrelleus.com\/ca\/recerca-desenvolupament-laser\/padih\/","og_site_name":"Microrelleus","article_modified_time":"2025-02-24T08:22:50+00:00","twitter_card":"summary_large_image","twitter_misc":{"Est. reading time":"2 minutes"},"schema":{"@context":"https:\/\/schema.org","@graph":[{"@type":"WebPage","@id":"https:\/\/microrelleus.com\/ca\/recerca-desenvolupament-laser\/padih\/","url":"https:\/\/microrelleus.com\/ca\/recerca-desenvolupament-laser\/padih\/","name":"Microrelleus is involved in the Plastfun project | Microrelleus","isPartOf":{"@id":"https:\/\/microrelleus.com\/ca\/#website"},"datePublished":"2025-02-24T07:40:24+00:00","dateModified":"2025-02-24T08:22:50+00:00","description":"Microrelleus is involved in the Plastfun project, within Industries of the Future community.","breadcrumb":{"@id":"https:\/\/microrelleus.com\/ca\/recerca-desenvolupament-laser\/padih\/#breadcrumb"},"inLanguage":"ca","potentialAction":[{"@type":"ReadAction","target":["https:\/\/microrelleus.com\/ca\/recerca-desenvolupament-laser\/padih\/"]}]},{"@type":"BreadcrumbList","@id":"https:\/\/microrelleus.com\/ca\/recerca-desenvolupament-laser\/padih\/#breadcrumb","itemListElement":[{"@type":"ListItem","position":1,"name":"Home","item":"https:\/\/microrelleus.com\/ca\/"},{"@type":"ListItem","position":2,"name":"R+D","item":"https:\/\/microrelleus.com\/ca\/recerca-desenvolupament-laser\/"},{"@type":"ListItem","position":3,"name":"PADIH"}]},{"@type":"WebSite","@id":"https:\/\/microrelleus.com\/ca\/#website","url":"https:\/\/microrelleus.com\/ca\/","name":"Microrelleus","description":"Industrial engraving and laser texturing","publisher":{"@id":"https:\/\/microrelleus.com\/ca\/#organization"},"potentialAction":[{"@type":"SearchAction","target":{"@type":"EntryPoint","urlTemplate":"https:\/\/microrelleus.com\/ca\/?s={search_term_string}"},"query-input":{"@type":"PropertyValueSpecification","valueRequired":true,"valueName":"search_term_string"}}],"inLanguage":"ca"},{"@type":"Organization","@id":"https:\/\/microrelleus.com\/ca\/#organization","name":"Microrelleus","url":"https:\/\/microrelleus.com\/ca\/","logo":{"@type":"ImageObject","inLanguage":"ca","@id":"https:\/\/microrelleus.com\/ca\/#\/schema\/logo\/image\/","url":"https:\/\/microrelleus.com\/wp\/wp-content\/uploads\/2023\/03\/logo-microrelleus.png","contentUrl":"https:\/\/microrelleus.com\/wp\/wp-content\/uploads\/2023\/03\/logo-microrelleus.png","width":768,"height":112,"caption":"Microrelleus"},"image":{"@id":"https:\/\/microrelleus.com\/ca\/#\/schema\/logo\/image\/"},"sameAs":["https:\/\/www.youtube.com\/channel\/UC7gqjntoVh6fdql5NE23p0A","https:\/\/www.instagram.com\/microrelleus\/"]}]}},"_links":{"self":[{"href":"https:\/\/microrelleus.com\/ca\/wp-json\/wp\/v2\/pages\/1793","targetHints":{"allow":["GET"]}}],"collection":[{"href":"https:\/\/microrelleus.com\/ca\/wp-json\/wp\/v2\/pages"}],"about":[{"href":"https:\/\/microrelleus.com\/ca\/wp-json\/wp\/v2\/types\/page"}],"author":[{"embeddable":true,"href":"https:\/\/microrelleus.com\/ca\/wp-json\/wp\/v2\/users\/1"}],"replies":[{"embeddable":true,"href":"https:\/\/microrelleus.com\/ca\/wp-json\/wp\/v2\/comments?post=1793"}],"version-history":[{"count":3,"href":"https:\/\/microrelleus.com\/ca\/wp-json\/wp\/v2\/pages\/1793\/revisions"}],"predecessor-version":[{"id":1817,"href":"https:\/\/microrelleus.com\/ca\/wp-json\/wp\/v2\/pages\/1793\/revisions\/1817"}],"up":[{"embeddable":true,"href":"https:\/\/microrelleus.com\/ca\/wp-json\/wp\/v2\/pages\/1104"}],"wp:attachment":[{"href":"https:\/\/microrelleus.com\/ca\/wp-json\/wp\/v2\/media?parent=1793"}],"curies":[{"name":"wp","href":"https:\/\/api.w.org\/{rel}","templated":true}]}}