{"id":1963,"date":"2025-03-18T11:17:47","date_gmt":"2025-03-18T10:17:47","guid":{"rendered":"https:\/\/microrelleus.com\/discover-cars-on-the-road\/"},"modified":"2025-03-18T13:32:19","modified_gmt":"2025-03-18T12:32:19","slug":"veure-cotxes-en-circulacio","status":"publish","type":"page","link":"https:\/\/microrelleus.com\/ca\/veure-cotxes-en-circulacio\/","title":{"rendered":"Veure cotxes en circulaci\u00f3"},"content":{"rendered":"<div class=\"vce-row-container\"><div class=\"vce-row vce-element--has-background vce-row--col-gap-30 vce-row-equal-height vce-row-content--top\" data-vce-full-width=\"true\" id=\"el-a5c516aa\" data-vce-do-apply=\"all el-a5c516aa\"><div class=\"vce-content-background-container\"><\/div><div class=\"vce-row-content\" data-vce-element-content=\"true\"><div class=\"vce-col vce-col--md-auto vce-col--xs-1 vce-col--xs-last vce-col--xs-first vce-col--sm-last vce-col--sm-first vce-col--md-last vce-col--lg-last vce-col--xl-last vce-col--md-first vce-col--lg-first vce-col--xl-first\" id=\"el-b09eb64f\"><div class=\"vce-col-inner\" data-vce-do-apply=\"border margin background  el-b09eb64f\"><div class=\"vce-col-content\" data-vce-element-content=\"true\" data-vce-do-apply=\"padding el-b09eb64f\"><div class=\"vce-text-block case-study-title\"><div class=\"vce-text-block-wrapper vce\" id=\"el-b03db9d5\" data-vce-do-apply=\"all el-b03db9d5\"><h1 style=\"text-align: center;\">Veure cotxes en circulaci\u00f3<\/h1><\/div><\/div><\/div><\/div><\/div><\/div><\/div><\/div><div class=\"vce-row-container\"><div class=\"vce-row vce-row--col-gap-0 vce-row-wrap--reverse vce-row-equal-height vce-row-content--top\" data-vce-full-width=\"true\" id=\"el-71e4a344\" data-vce-do-apply=\"all el-71e4a344\"><div class=\"vce-content-background-container\"><\/div><div class=\"vce-row-content\" data-vce-element-content=\"true\"><div class=\"vce-col vce-col--xs-100p vce-col--xs-visible vce-col--xs-last vce-col--xs-first vce-col--sm-100p vce-col--sm-visible vce-col--sm-last vce-col--sm-first vce-col--md-auto vce-col--md-visible vce-col--md-last vce-col--md-first vce-col--lg-auto vce-col--lg-visible vce-col--lg-last vce-col--lg-first vce-col--xl-auto vce-col--xl-visible vce-col--xl-last vce-col--xl-first\" id=\"el-baf09ab6\"><div class=\"vce-col-inner\" data-vce-do-apply=\"border margin background  el-baf09ab6\"><div class=\"vce-col-content\" data-vce-element-content=\"true\" data-vce-do-apply=\"padding el-baf09ab6\"><div class=\"vce-row-container\" data-vce-boxed-width=\"true\"><div class=\"vce-row vce-row--col-gap-30 vce-row-equal-height vce-row-content--top\" id=\"el-bfbf08ca\" data-vce-do-apply=\"all el-bfbf08ca\"><div class=\"vce-row-content\" data-vce-element-content=\"true\"><div class=\"vce-col vce-col--xs-100p vce-col--xs-visible vce-col--xs-last vce-col--xs-first vce-col--sm-50p vce-col--sm-visible vce-col--sm-first vce-col--md-50p vce-col--md-visible vce-col--md-first vce-col--lg-auto vce-col--lg-visible vce-col--lg-first vce-col--xl-auto vce-col--xl-visible vce-col--xl-first\" id=\"el-db1df6f9\"><div class=\"vce-col-inner\" data-vce-do-apply=\"border margin background  el-db1df6f9\"><div class=\"vce-col-content\" data-vce-element-content=\"true\" data-vce-do-apply=\"padding el-db1df6f9\"><div class=\"vce-single-image-container vce-single-image--align-center\"><div class=\"vce vce-single-image-wrapper\" id=\"el-d1d03daf\" data-vce-do-apply=\"all el-d1d03daf\"><figure><div class=\"vce-single-image-figure-inner\" style=\"width: 600px;\"><div class=\"vce-single-image-inner vce-single-image--absolute\" style=\"width: 100%; padding-bottom: 100%;\"><img decoding=\"async\" class=\"vce-single-image\" src=\"https:\/\/microrelleus.com\/wp\/wp-content\/uploads\/2025\/03\/Cars-Renault-Rafale.jpg\" data-img-src=\"https:\/\/microrelleus.com\/wp\/wp-content\/uploads\/2025\/03\/Cars-Renault-Rafale.jpg\" data-attachment-id=\"1953\" alt=\"\" title=\"Cars-Renault-Rafale\"><\/div><\/div><figcaption hidden=\"\"><\/figcaption><\/figure><\/div><\/div><div class=\"vce-text-block\"><div class=\"vce-text-block-wrapper vce\" id=\"el-b8f5776a\" data-vce-do-apply=\"all el-b8f5776a\"><p style=\"text-align: center;\">Renault Rafale<\/p><\/div><\/div><\/div><\/div><\/div><div class=\"vce-col vce-col--xs-100p vce-col--xs-visible vce-col--xs-last vce-col--xs-first vce-col--sm-50p vce-col--sm-visible vce-col--sm-last vce-col--md-50p vce-col--md-visible vce-col--md-last vce-col--lg-auto vce-col--lg-visible vce-col--lg-last vce-col--xl-auto vce-col--xl-visible vce-col--xl-last\" id=\"el-e7dd96f9\"><div class=\"vce-col-inner\" data-vce-do-apply=\"border margin background  el-e7dd96f9\"><div class=\"vce-col-content\" data-vce-element-content=\"true\" data-vce-do-apply=\"padding el-e7dd96f9\"><div class=\"vce-single-image-container vce-single-image--align-center\"><div class=\"vce vce-single-image-wrapper\" id=\"el-d5b6908d\" data-vce-do-apply=\"all el-d5b6908d\"><figure><div class=\"vce-single-image-figure-inner\" style=\"width: 600px;\"><div class=\"vce-single-image-inner vce-single-image--absolute\" style=\"width: 100%; padding-bottom: 100%;\"><img decoding=\"async\" class=\"vce-single-image\" src=\"https:\/\/microrelleus.com\/wp\/wp-content\/uploads\/2025\/03\/Cars-Citroen-DS-1.jpg\" data-img-src=\"https:\/\/microrelleus.com\/wp\/wp-content\/uploads\/2025\/03\/Cars-Citroen-DS-1.jpg\" data-attachment-id=\"1938\" alt=\"\" title=\"Cars-Citroen-DS\"><\/div><\/div><figcaption hidden=\"\"><\/figcaption><\/figure><\/div><\/div><div class=\"vce-text-block\"><div class=\"vce-text-block-wrapper vce\" id=\"el-81bce5e4\" data-vce-do-apply=\"all el-81bce5e4\"><p style=\"text-align: center;\">DS N.8<\/p><\/div><\/div><\/div><\/div><\/div><\/div><\/div><\/div><div class=\"vce-row-container\" data-vce-boxed-width=\"true\"><div class=\"vce-row vce-row--col-gap-30 vce-row-equal-height vce-row-content--top\" id=\"el-bd9ff864\" data-vce-do-apply=\"all el-bd9ff864\"><div class=\"vce-row-content\" data-vce-element-content=\"true\"><div class=\"vce-col vce-col--xs-100p vce-col--xs-visible vce-col--xs-last vce-col--xs-first vce-col--sm-50p vce-col--sm-visible vce-col--sm-first vce-col--md-50p vce-col--md-visible vce-col--md-first vce-col--lg-auto vce-col--lg-visible vce-col--lg-first vce-col--xl-auto vce-col--xl-visible vce-col--xl-first\" id=\"el-2d0e1277\"><div class=\"vce-col-inner\" data-vce-do-apply=\"border margin background  el-2d0e1277\"><div class=\"vce-col-content\" data-vce-element-content=\"true\" data-vce-do-apply=\"padding el-2d0e1277\"><div class=\"vce-single-image-container vce-single-image--align-center\"><div class=\"vce vce-single-image-wrapper\" id=\"el-baed8748\" data-vce-do-apply=\"all el-baed8748\"><figure><div class=\"vce-single-image-figure-inner\" style=\"width: 600px;\"><div class=\"vce-single-image-inner vce-single-image--absolute\" style=\"width: 100%; padding-bottom: 100%;\"><img decoding=\"async\" class=\"vce-single-image\" src=\"https:\/\/microrelleus.com\/wp\/wp-content\/uploads\/2025\/03\/Cars-Cupra-Formentor-1.jpg\" data-img-src=\"https:\/\/microrelleus.com\/wp\/wp-content\/uploads\/2025\/03\/Cars-Cupra-Formentor-1.jpg\" data-attachment-id=\"1978\" alt=\"\" title=\"Cars-Cupra-Formentor\"><\/div><\/div><figcaption hidden=\"\"><\/figcaption><\/figure><\/div><\/div><div class=\"vce-text-block\"><div class=\"vce-text-block-wrapper vce\" id=\"el-856b2aaa\" data-vce-do-apply=\"all el-856b2aaa\"><p style=\"text-align: center;\">Cupra Formentor<\/p><\/div><\/div><\/div><\/div><\/div><div class=\"vce-col vce-col--xs-100p vce-col--xs-visible vce-col--xs-last vce-col--xs-first vce-col--sm-50p vce-col--sm-visible vce-col--sm-last vce-col--md-50p vce-col--md-visible vce-col--md-last vce-col--lg-auto vce-col--lg-visible vce-col--lg-last vce-col--xl-auto vce-col--xl-visible vce-col--xl-last\" id=\"el-9342d74f\"><div class=\"vce-col-inner\" data-vce-do-apply=\"border margin background  el-9342d74f\"><div class=\"vce-col-content\" data-vce-element-content=\"true\" data-vce-do-apply=\"padding el-9342d74f\"><div class=\"vce-single-image-container vce-single-image--align-center\"><div class=\"vce vce-single-image-wrapper\" id=\"el-92f4649d\" data-vce-do-apply=\"all el-92f4649d\"><figure><div class=\"vce-single-image-figure-inner\" style=\"width: 600px;\"><div class=\"vce-single-image-inner vce-single-image--absolute\" style=\"width: 100%; padding-bottom: 100%;\"><img decoding=\"async\" class=\"vce-single-image\" src=\"https:\/\/microrelleus.com\/wp\/wp-content\/uploads\/2025\/03\/Cars-Lancia-Ypsilon.jpg\" data-img-src=\"https:\/\/microrelleus.com\/wp\/wp-content\/uploads\/2025\/03\/Cars-Lancia-Ypsilon.jpg\" data-attachment-id=\"1935\" alt=\"\" title=\"Cars-Lancia-Ypsilon\"><\/div><\/div><figcaption hidden=\"\"><\/figcaption><\/figure><\/div><\/div><div class=\"vce-text-block\"><div class=\"vce-text-block-wrapper vce\" id=\"el-32b99e4f\" data-vce-do-apply=\"all el-32b99e4f\"><p style=\"text-align: center;\">Lancia Ypsilon<\/p><\/div><\/div><\/div><\/div><\/div><\/div><\/div><\/div><div class=\"vce-row-container\" data-vce-boxed-width=\"true\"><div class=\"vce-row vce-row--col-gap-30 vce-row-equal-height vce-row-content--top\" id=\"el-595e5ced\" data-vce-do-apply=\"all el-595e5ced\"><div class=\"vce-row-content\" data-vce-element-content=\"true\"><div class=\"vce-col vce-col--xs-100p vce-col--xs-visible vce-col--xs-last vce-col--xs-first vce-col--sm-50p vce-col--sm-visible vce-col--sm-first vce-col--md-50p vce-col--md-visible vce-col--md-first vce-col--lg-auto vce-col--lg-visible vce-col--lg-first vce-col--xl-auto vce-col--xl-visible vce-col--xl-first\" id=\"el-975b8fb1\"><div class=\"vce-col-inner\" data-vce-do-apply=\"border margin background  el-975b8fb1\"><div class=\"vce-col-content\" data-vce-element-content=\"true\" data-vce-do-apply=\"padding el-975b8fb1\"><div class=\"vce-single-image-container vce-single-image--align-center\"><div class=\"vce vce-single-image-wrapper\" id=\"el-3e9f896d\" data-vce-do-apply=\"all el-3e9f896d\"><figure><div class=\"vce-single-image-figure-inner\" style=\"width: 600px;\"><div class=\"vce-single-image-inner vce-single-image--absolute\" style=\"width: 100%; padding-bottom: 100%;\"><img decoding=\"async\" class=\"vce-single-image\" src=\"https:\/\/microrelleus.com\/wp\/wp-content\/uploads\/2025\/03\/Cars-Range-Rover.jpg\" data-img-src=\"https:\/\/microrelleus.com\/wp\/wp-content\/uploads\/2025\/03\/Cars-Range-Rover.jpg\" data-attachment-id=\"1944\" alt=\"\" title=\"Cars-Range-Rover\"><\/div><\/div><figcaption hidden=\"\"><\/figcaption><\/figure><\/div><\/div><div class=\"vce-text-block\"><div class=\"vce-text-block-wrapper vce\" id=\"el-9a34ef6a\" data-vce-do-apply=\"all el-9a34ef6a\"><p style=\"text-align: center;\">Range Rover Sport<\/p><\/div><\/div><\/div><\/div><\/div><div class=\"vce-col vce-col--xs-100p vce-col--xs-visible vce-col--xs-last vce-col--xs-first vce-col--sm-50p vce-col--sm-visible vce-col--sm-last vce-col--md-50p vce-col--md-visible vce-col--md-last vce-col--lg-auto vce-col--lg-visible vce-col--lg-last vce-col--xl-auto vce-col--xl-visible vce-col--xl-last\" id=\"el-a5ed2bc5\"><div class=\"vce-col-inner\" data-vce-do-apply=\"border margin background  el-a5ed2bc5\"><div class=\"vce-col-content\" data-vce-element-content=\"true\" data-vce-do-apply=\"padding el-a5ed2bc5\"><div class=\"vce-single-image-container vce-single-image--align-center\"><div class=\"vce vce-single-image-wrapper\" id=\"el-f41c49ad\" data-vce-do-apply=\"all el-f41c49ad\"><figure><div class=\"vce-single-image-figure-inner\" style=\"width: 600px;\"><div class=\"vce-single-image-inner vce-single-image--absolute\" style=\"width: 100%; padding-bottom: 100%;\"><img decoding=\"async\" class=\"vce-single-image\" src=\"https:\/\/microrelleus.com\/wp\/wp-content\/uploads\/2025\/03\/Cars-Cupra-Leon-1.jpg\" data-img-src=\"https:\/\/microrelleus.com\/wp\/wp-content\/uploads\/2025\/03\/Cars-Cupra-Leon-1.jpg\" data-attachment-id=\"1974\" alt=\"\" title=\"Cars-Cupra-Leon\"><\/div><\/div><figcaption hidden=\"\"><\/figcaption><\/figure><\/div><\/div><div class=\"vce-text-block\"><div class=\"vce-text-block-wrapper vce\" id=\"el-cb0f5437\" data-vce-do-apply=\"all el-cb0f5437\"><p style=\"text-align: center;\">Cupra Le\u00f3n<\/p><\/div><\/div><\/div><\/div><\/div><\/div><\/div><\/div><div class=\"vce-row-container\" data-vce-boxed-width=\"true\"><div class=\"vce-row vce-row--col-gap-30 vce-row-equal-height vce-row-content--top\" id=\"el-ef5a9baf\" data-vce-do-apply=\"all el-ef5a9baf\"><div class=\"vce-row-content\" data-vce-element-content=\"true\"><div class=\"vce-col vce-col--xs-100p vce-col--xs-visible vce-col--xs-last vce-col--xs-first vce-col--sm-50p vce-col--sm-visible vce-col--sm-first vce-col--md-50p vce-col--md-visible vce-col--md-first vce-col--lg-auto vce-col--lg-visible vce-col--lg-first vce-col--xl-auto vce-col--xl-visible vce-col--xl-first\" id=\"el-b0c052a2\"><div class=\"vce-col-inner\" data-vce-do-apply=\"border margin background  el-b0c052a2\"><div class=\"vce-col-content\" data-vce-element-content=\"true\" data-vce-do-apply=\"padding el-b0c052a2\"><div class=\"vce-single-image-container vce-single-image--align-center\"><div class=\"vce vce-single-image-wrapper\" id=\"el-bb69658a\" data-vce-do-apply=\"all el-bb69658a\"><figure><div class=\"vce-single-image-figure-inner\" style=\"width: 600px;\"><div class=\"vce-single-image-inner vce-single-image--absolute\" style=\"width: 100%; padding-bottom: 100%;\"><img decoding=\"async\" class=\"vce-single-image\" src=\"https:\/\/microrelleus.com\/wp\/wp-content\/uploads\/2025\/03\/Cars-Fiat-Topolino.jpg\" data-img-src=\"https:\/\/microrelleus.com\/wp\/wp-content\/uploads\/2025\/03\/Cars-Fiat-Topolino.jpg\" data-attachment-id=\"1932\" alt=\"\" title=\"Cars-Fiat-Topolino\"><\/div><\/div><figcaption hidden=\"\"><\/figcaption><\/figure><\/div><\/div><div class=\"vce-text-block\"><div class=\"vce-text-block-wrapper vce\" id=\"el-a6de4f32\" data-vce-do-apply=\"all el-a6de4f32\"><p style=\"text-align: center;\">Fiat Topolino<\/p><\/div><\/div><\/div><\/div><\/div><div class=\"vce-col vce-col--xs-100p vce-col--xs-visible vce-col--xs-last vce-col--xs-first vce-col--sm-50p vce-col--sm-visible vce-col--sm-last vce-col--md-50p vce-col--md-visible vce-col--md-last vce-col--lg-auto vce-col--lg-visible vce-col--lg-last vce-col--xl-auto vce-col--xl-visible vce-col--xl-last\" id=\"el-90091149\"><div class=\"vce-col-inner\" data-vce-do-apply=\"border margin background  el-90091149\"><div class=\"vce-col-content\" data-vce-element-content=\"true\" data-vce-do-apply=\"padding el-90091149\"><div class=\"vce-single-image-container vce-single-image--align-center\"><div class=\"vce vce-single-image-wrapper\" id=\"el-f4e8b20a\" data-vce-do-apply=\"all el-f4e8b20a\"><figure><div class=\"vce-single-image-figure-inner\" style=\"width: 600px;\"><div class=\"vce-single-image-inner vce-single-image--absolute\" style=\"width: 100%; padding-bottom: 100%;\"><img decoding=\"async\" class=\"vce-single-image\" src=\"https:\/\/microrelleus.com\/wp\/wp-content\/uploads\/2025\/03\/Cars-Seat-Leon.jpg\" data-img-src=\"https:\/\/microrelleus.com\/wp\/wp-content\/uploads\/2025\/03\/Cars-Seat-Leon.jpg\" data-attachment-id=\"1941\" alt=\"\" title=\"Cars-Seat-Leon\"><\/div><\/div><figcaption hidden=\"\"><\/figcaption><\/figure><\/div><\/div><div class=\"vce-text-block\"><div class=\"vce-text-block-wrapper vce\" id=\"el-18ac2847\" data-vce-do-apply=\"all el-18ac2847\"><p style=\"text-align: center;\">Seat Le\u00f3n<\/p><\/div><\/div><\/div><\/div><\/div><\/div><\/div><\/div><\/div><\/div><\/div><\/div><\/div><\/div>\n","protected":false},"excerpt":{"rendered":"<p>Veure cotxes en circulaci\u00f3Renault RafaleDS N.8Cupra FormentorLancia YpsilonRange Rover SportCupra Le\u00f3nFiat TopolinoSeat Le\u00f3n<\/p>\n","protected":false},"author":1,"featured_media":1954,"parent":0,"menu_order":0,"comment_status":"closed","ping_status":"closed","template":"","meta":{"_acf_changed":false,"footnotes":""},"class_list":["post-1963","page","type-page","status-publish","has-post-thumbnail","hentry"],"acf":[],"yoast_head":"<!-- This site is optimized with the Yoast SEO plugin v27.1.1 - https:\/\/yoast.com\/product\/yoast-seo-wordpress\/ -->\n<title>Veure cotxes en circulaci\u00f3 | Microrelleus<\/title>\n<meta name=\"robots\" content=\"index, follow, max-snippet:-1, max-image-preview:large, max-video-preview:-1\" \/>\n<link rel=\"canonical\" href=\"https:\/\/microrelleus.com\/ca\/veure-cotxes-en-circulacio\/\" \/>\n<meta property=\"og:locale\" content=\"ca_ES\" \/>\n<meta property=\"og:type\" content=\"article\" \/>\n<meta property=\"og:title\" content=\"Veure cotxes en circulaci\u00f3 | Microrelleus\" \/>\n<meta property=\"og:description\" content=\"Veure cotxes en circulaci\u00f3Renault RafaleDS N.8Cupra FormentorLancia YpsilonRange Rover SportCupra Le\u00f3nFiat TopolinoSeat Le\u00f3n\" \/>\n<meta property=\"og:url\" content=\"https:\/\/microrelleus.com\/ca\/veure-cotxes-en-circulacio\/\" \/>\n<meta property=\"og:site_name\" content=\"Microrelleus\" \/>\n<meta property=\"article:modified_time\" content=\"2025-03-18T12:32:19+00:00\" \/>\n<meta property=\"og:image\" content=\"https:\/\/microrelleus.com\/wp\/wp-content\/uploads\/2025\/03\/Cars-Renault-Rafale.jpg\" \/>\n\t<meta property=\"og:image:width\" content=\"600\" \/>\n\t<meta property=\"og:image:height\" content=\"600\" \/>\n\t<meta property=\"og:image:type\" content=\"image\/jpeg\" \/>\n<meta name=\"twitter:card\" content=\"summary_large_image\" \/>\n<meta name=\"twitter:label1\" content=\"Est. reading time\" \/>\n\t<meta name=\"twitter:data1\" content=\"2 minutes\" \/>\n<script type=\"application\/ld+json\" class=\"yoast-schema-graph\">{\"@context\":\"https:\/\/schema.org\",\"@graph\":[{\"@type\":\"WebPage\",\"@id\":\"https:\/\/microrelleus.com\/ca\/veure-cotxes-en-circulacio\/\",\"url\":\"https:\/\/microrelleus.com\/ca\/veure-cotxes-en-circulacio\/\",\"name\":\"Veure cotxes en circulaci\u00f3 | Microrelleus\",\"isPartOf\":{\"@id\":\"https:\/\/microrelleus.com\/ca\/#website\"},\"primaryImageOfPage\":{\"@id\":\"https:\/\/microrelleus.com\/ca\/veure-cotxes-en-circulacio\/#primaryimage\"},\"image\":{\"@id\":\"https:\/\/microrelleus.com\/ca\/veure-cotxes-en-circulacio\/#primaryimage\"},\"thumbnailUrl\":\"https:\/\/microrelleus.com\/wp\/wp-content\/uploads\/2025\/03\/Cars-Renault-Rafale.jpg\",\"datePublished\":\"2025-03-18T10:17:47+00:00\",\"dateModified\":\"2025-03-18T12:32:19+00:00\",\"breadcrumb\":{\"@id\":\"https:\/\/microrelleus.com\/ca\/veure-cotxes-en-circulacio\/#breadcrumb\"},\"inLanguage\":\"ca\",\"potentialAction\":[{\"@type\":\"ReadAction\",\"target\":[\"https:\/\/microrelleus.com\/ca\/veure-cotxes-en-circulacio\/\"]}]},{\"@type\":\"ImageObject\",\"inLanguage\":\"ca\",\"@id\":\"https:\/\/microrelleus.com\/ca\/veure-cotxes-en-circulacio\/#primaryimage\",\"url\":\"https:\/\/microrelleus.com\/wp\/wp-content\/uploads\/2025\/03\/Cars-Renault-Rafale.jpg\",\"contentUrl\":\"https:\/\/microrelleus.com\/wp\/wp-content\/uploads\/2025\/03\/Cars-Renault-Rafale.jpg\",\"width\":600,\"height\":600},{\"@type\":\"BreadcrumbList\",\"@id\":\"https:\/\/microrelleus.com\/ca\/veure-cotxes-en-circulacio\/#breadcrumb\",\"itemListElement\":[{\"@type\":\"ListItem\",\"position\":1,\"name\":\"Home\",\"item\":\"https:\/\/microrelleus.com\/ca\/\"},{\"@type\":\"ListItem\",\"position\":2,\"name\":\"Veure cotxes en circulaci\u00f3\"}]},{\"@type\":\"WebSite\",\"@id\":\"https:\/\/microrelleus.com\/ca\/#website\",\"url\":\"https:\/\/microrelleus.com\/ca\/\",\"name\":\"Microrelleus\",\"description\":\"Industrial engraving and laser texturing\",\"publisher\":{\"@id\":\"https:\/\/microrelleus.com\/ca\/#organization\"},\"potentialAction\":[{\"@type\":\"SearchAction\",\"target\":{\"@type\":\"EntryPoint\",\"urlTemplate\":\"https:\/\/microrelleus.com\/ca\/?s={search_term_string}\"},\"query-input\":{\"@type\":\"PropertyValueSpecification\",\"valueRequired\":true,\"valueName\":\"search_term_string\"}}],\"inLanguage\":\"ca\"},{\"@type\":\"Organization\",\"@id\":\"https:\/\/microrelleus.com\/ca\/#organization\",\"name\":\"Microrelleus\",\"url\":\"https:\/\/microrelleus.com\/ca\/\",\"logo\":{\"@type\":\"ImageObject\",\"inLanguage\":\"ca\",\"@id\":\"https:\/\/microrelleus.com\/ca\/#\/schema\/logo\/image\/\",\"url\":\"https:\/\/microrelleus.com\/wp\/wp-content\/uploads\/2023\/03\/logo-microrelleus.png\",\"contentUrl\":\"https:\/\/microrelleus.com\/wp\/wp-content\/uploads\/2023\/03\/logo-microrelleus.png\",\"width\":768,\"height\":112,\"caption\":\"Microrelleus\"},\"image\":{\"@id\":\"https:\/\/microrelleus.com\/ca\/#\/schema\/logo\/image\/\"},\"sameAs\":[\"https:\/\/www.youtube.com\/channel\/UC7gqjntoVh6fdql5NE23p0A\",\"https:\/\/www.instagram.com\/microrelleus\/\"]}]}<\/script>\n<!-- \/ Yoast SEO plugin. -->","yoast_head_json":{"title":"Veure cotxes en circulaci\u00f3 | Microrelleus","robots":{"index":"index","follow":"follow","max-snippet":"max-snippet:-1","max-image-preview":"max-image-preview:large","max-video-preview":"max-video-preview:-1"},"canonical":"https:\/\/microrelleus.com\/ca\/veure-cotxes-en-circulacio\/","og_locale":"ca_ES","og_type":"article","og_title":"Veure cotxes en circulaci\u00f3 | Microrelleus","og_description":"Veure cotxes en circulaci\u00f3Renault RafaleDS N.8Cupra FormentorLancia YpsilonRange Rover SportCupra Le\u00f3nFiat TopolinoSeat Le\u00f3n","og_url":"https:\/\/microrelleus.com\/ca\/veure-cotxes-en-circulacio\/","og_site_name":"Microrelleus","article_modified_time":"2025-03-18T12:32:19+00:00","og_image":[{"width":600,"height":600,"url":"https:\/\/microrelleus.com\/wp\/wp-content\/uploads\/2025\/03\/Cars-Renault-Rafale.jpg","type":"image\/jpeg"}],"twitter_card":"summary_large_image","twitter_misc":{"Est. reading time":"2 minutes"},"schema":{"@context":"https:\/\/schema.org","@graph":[{"@type":"WebPage","@id":"https:\/\/microrelleus.com\/ca\/veure-cotxes-en-circulacio\/","url":"https:\/\/microrelleus.com\/ca\/veure-cotxes-en-circulacio\/","name":"Veure cotxes en circulaci\u00f3 | Microrelleus","isPartOf":{"@id":"https:\/\/microrelleus.com\/ca\/#website"},"primaryImageOfPage":{"@id":"https:\/\/microrelleus.com\/ca\/veure-cotxes-en-circulacio\/#primaryimage"},"image":{"@id":"https:\/\/microrelleus.com\/ca\/veure-cotxes-en-circulacio\/#primaryimage"},"thumbnailUrl":"https:\/\/microrelleus.com\/wp\/wp-content\/uploads\/2025\/03\/Cars-Renault-Rafale.jpg","datePublished":"2025-03-18T10:17:47+00:00","dateModified":"2025-03-18T12:32:19+00:00","breadcrumb":{"@id":"https:\/\/microrelleus.com\/ca\/veure-cotxes-en-circulacio\/#breadcrumb"},"inLanguage":"ca","potentialAction":[{"@type":"ReadAction","target":["https:\/\/microrelleus.com\/ca\/veure-cotxes-en-circulacio\/"]}]},{"@type":"ImageObject","inLanguage":"ca","@id":"https:\/\/microrelleus.com\/ca\/veure-cotxes-en-circulacio\/#primaryimage","url":"https:\/\/microrelleus.com\/wp\/wp-content\/uploads\/2025\/03\/Cars-Renault-Rafale.jpg","contentUrl":"https:\/\/microrelleus.com\/wp\/wp-content\/uploads\/2025\/03\/Cars-Renault-Rafale.jpg","width":600,"height":600},{"@type":"BreadcrumbList","@id":"https:\/\/microrelleus.com\/ca\/veure-cotxes-en-circulacio\/#breadcrumb","itemListElement":[{"@type":"ListItem","position":1,"name":"Home","item":"https:\/\/microrelleus.com\/ca\/"},{"@type":"ListItem","position":2,"name":"Veure cotxes en circulaci\u00f3"}]},{"@type":"WebSite","@id":"https:\/\/microrelleus.com\/ca\/#website","url":"https:\/\/microrelleus.com\/ca\/","name":"Microrelleus","description":"Industrial engraving and laser texturing","publisher":{"@id":"https:\/\/microrelleus.com\/ca\/#organization"},"potentialAction":[{"@type":"SearchAction","target":{"@type":"EntryPoint","urlTemplate":"https:\/\/microrelleus.com\/ca\/?s={search_term_string}"},"query-input":{"@type":"PropertyValueSpecification","valueRequired":true,"valueName":"search_term_string"}}],"inLanguage":"ca"},{"@type":"Organization","@id":"https:\/\/microrelleus.com\/ca\/#organization","name":"Microrelleus","url":"https:\/\/microrelleus.com\/ca\/","logo":{"@type":"ImageObject","inLanguage":"ca","@id":"https:\/\/microrelleus.com\/ca\/#\/schema\/logo\/image\/","url":"https:\/\/microrelleus.com\/wp\/wp-content\/uploads\/2023\/03\/logo-microrelleus.png","contentUrl":"https:\/\/microrelleus.com\/wp\/wp-content\/uploads\/2023\/03\/logo-microrelleus.png","width":768,"height":112,"caption":"Microrelleus"},"image":{"@id":"https:\/\/microrelleus.com\/ca\/#\/schema\/logo\/image\/"},"sameAs":["https:\/\/www.youtube.com\/channel\/UC7gqjntoVh6fdql5NE23p0A","https:\/\/www.instagram.com\/microrelleus\/"]}]}},"_links":{"self":[{"href":"https:\/\/microrelleus.com\/ca\/wp-json\/wp\/v2\/pages\/1963","targetHints":{"allow":["GET"]}}],"collection":[{"href":"https:\/\/microrelleus.com\/ca\/wp-json\/wp\/v2\/pages"}],"about":[{"href":"https:\/\/microrelleus.com\/ca\/wp-json\/wp\/v2\/types\/page"}],"author":[{"embeddable":true,"href":"https:\/\/microrelleus.com\/ca\/wp-json\/wp\/v2\/users\/1"}],"replies":[{"embeddable":true,"href":"https:\/\/microrelleus.com\/ca\/wp-json\/wp\/v2\/comments?post=1963"}],"version-history":[{"count":5,"href":"https:\/\/microrelleus.com\/ca\/wp-json\/wp\/v2\/pages\/1963\/revisions"}],"predecessor-version":[{"id":1985,"href":"https:\/\/microrelleus.com\/ca\/wp-json\/wp\/v2\/pages\/1963\/revisions\/1985"}],"wp:featuredmedia":[{"embeddable":true,"href":"https:\/\/microrelleus.com\/ca\/wp-json\/wp\/v2\/media\/1954"}],"wp:attachment":[{"href":"https:\/\/microrelleus.com\/ca\/wp-json\/wp\/v2\/media?parent=1963"}],"curies":[{"name":"wp","href":"https:\/\/api.w.org\/{rel}","templated":true}]}}