{"id":2732,"date":"2025-11-25T10:02:14","date_gmt":"2025-11-25T09:02:14","guid":{"rendered":"https:\/\/microrelleus.com\/?page_id=2732"},"modified":"2025-11-25T10:11:47","modified_gmt":"2025-11-25T09:11:47","slug":"accio","status":"publish","type":"page","link":"https:\/\/microrelleus.com\/ca\/recerca-desenvolupament-laser\/accio\/","title":{"rendered":"Acci\u00f3"},"content":{"rendered":"<div class=\"vce-row-container\" data-vce-boxed-width=\"true\"><div class=\"vce-row vce-row--col-gap-30 vce-row-equal-height vce-row-content--top\" id=\"el-7125cc4c\" data-vce-do-apply=\"all el-7125cc4c\"><div class=\"vce-content-background-container\"><\/div><div class=\"vce-row-content\" data-vce-element-content=\"true\"><div class=\"vce-col vce-col--md-auto vce-col--xs-1 vce-col--xs-last vce-col--xs-first vce-col--sm-last vce-col--sm-first vce-col--md-last vce-col--lg-last vce-col--xl-last vce-col--md-first vce-col--lg-first vce-col--xl-first\" id=\"el-3941ba8f\"><div class=\"vce-col-inner\" data-vce-do-apply=\"border margin background  el-3941ba8f\"><div class=\"vce-col-content\" data-vce-element-content=\"true\" data-vce-do-apply=\"padding el-3941ba8f\"><div class=\"vce-text-block\"><div class=\"vce-text-block-wrapper vce\" id=\"el-a71a0ce2\" data-vce-do-apply=\"all el-a71a0ce2\"><h1>ACCI\u00d3<\/h1><\/div><\/div><\/div><\/div><\/div><\/div><\/div><\/div><div class=\"vce-row-container\" data-vce-boxed-width=\"true\"><div class=\"vce-row vce-row--col-gap-30 vce-row-equal-height vce-row-content--top\" id=\"el-b17ae622\" data-vce-do-apply=\"all el-b17ae622\"><div class=\"vce-content-background-container\"><\/div><div class=\"vce-row-content\" data-vce-element-content=\"true\"><div class=\"vce-col vce-col--xs-100p vce-col--xs-visible vce-col--xs-last vce-col--xs-first vce-col--sm-100p vce-col--sm-visible vce-col--sm-last vce-col--sm-first vce-col--md-100p vce-col--md-visible vce-col--md-last vce-col--md-first vce-col--lg-auto vce-col--lg-visible vce-col--lg-first vce-col--xl-auto vce-col--xl-visible vce-col--xl-first\" id=\"el-6b347b57\"><div class=\"vce-col-inner\" data-vce-do-apply=\"border margin background  el-6b347b57\"><div class=\"vce-col-content\" data-vce-element-content=\"true\" data-vce-do-apply=\"padding el-6b347b57\"><div class=\"vce-text-block\"><div class=\"vce-text-block-wrapper vce\" id=\"el-7e475107\" data-vce-do-apply=\"all el-7e475107\"><p>L\u2019empresa MICRORELLEUS SL ha desenvolupat el projecte PoC \u201cmicroestructurat l\u00e0ser per reducci\u00f3 de fricci\u00f3\u201d que ha estat subvencionat amb el suport d\u2019ACCI\u00d3 en el marc del programa Cupons tecnologies digitals avan\u00e7ades.<\/p><p>Aquests servei permetr\u00e0 a Microrelleus incrementar les seves capacitats en texturitzaci\u00f3 funcional i oferir una sol\u00b7luci\u00f3 nova i innovadora en el m\u00f3n del motlle.<\/p><p><span style=\"color: #e73e25;\"><a style=\"color: #e73e25;\" href=\"https:\/\/microrelleus.com\/ca\/recerca-desenvolupament-laser\/\">&lt; Tornar a R+D<\/a><\/span><\/p><\/div><\/div><\/div><\/div><\/div><div class=\"vce-col vce-col--xs-100p vce-col--xs-visible vce-col--xs-last vce-col--xs-first vce-col--sm-100p vce-col--sm-visible vce-col--sm-last vce-col--sm-first vce-col--md-100p vce-col--md-visible vce-col--md-last vce-col--md-first vce-col--lg-auto vce-col--lg-visible vce-col--lg-last vce-col--xl-auto vce-col--xl-visible vce-col--xl-last\" id=\"el-a3e5de3b\"><div class=\"vce-col-inner\" data-vce-do-apply=\"border margin background  el-a3e5de3b\"><div class=\"vce-col-content\" data-vce-element-content=\"true\" data-vce-do-apply=\"padding el-a3e5de3b\"><div class=\"vce-single-image-container vce-single-image--align-center\"><div class=\"vce vce-single-image-wrapper\" id=\"el-680a9766\" data-vce-do-apply=\"all el-680a9766\"><figure><div class=\"vce-single-image-figure-inner\" style=\"width: 333px;\"><div class=\"vce-single-image-inner vce-single-image--absolute\" style=\"width: 100%; padding-bottom: 89.4895%;\"><img decoding=\"async\" class=\"vce-single-image\" src=\"https:\/\/microrelleus.com\/wp\/wp-content\/uploads\/2025\/11\/ACCIO-integrat-vertical-CAT.webp\" data-img-src=\"https:\/\/microrelleus.com\/wp\/wp-content\/uploads\/2025\/11\/ACCIO-integrat-vertical-CAT.webp\" data-attachment-id=\"2735\" alt=\"\" title=\"ACCIO-integrat-vertical-CAT\"><\/div><\/div><figcaption hidden=\"\"><\/figcaption><\/figure><\/div><\/div><\/div><\/div><\/div><\/div><\/div><\/div>\n","protected":false},"excerpt":{"rendered":"<p>ACCI\u00d3L\u2019empresa MICRORELLEUS SL ha desenvolupat el projecte PoC \u201cmicroestructurat l\u00e0ser per reducci\u00f3 de fricci\u00f3\u201d que ha estat subvencionat amb el suport d\u2019ACCI\u00d3 en el marc del programa Cupons tecnologies digitals avan\u00e7ades.Aquests servei permetr\u00e0 a Microrelleus incrementar les seves capacitats en texturitzaci\u00f3 funcional i oferir una sol\u00b7luci\u00f3 nova i innovadora en el m\u00f3n del motlle.&lt; Tornar [&hellip;]<\/p>\n","protected":false},"author":1,"featured_media":2736,"parent":1104,"menu_order":0,"comment_status":"closed","ping_status":"closed","template":"","meta":{"_acf_changed":false,"footnotes":""},"class_list":["post-2732","page","type-page","status-publish","has-post-thumbnail","hentry"],"acf":[],"yoast_head":"<!-- This site is optimized with the Yoast SEO plugin v27.1.1 - https:\/\/yoast.com\/product\/yoast-seo-wordpress\/ -->\n<title>Microrelleus obtained in 2020 Actphast innovation | Microrelleus<\/title>\n<meta name=\"description\" content=\"Microrelleus obtained in 2020 Actphast innovation support for its internal R&amp;D on automotive lighting using femtosecond laser technology.\" \/>\n<meta name=\"robots\" content=\"index, follow, max-snippet:-1, max-image-preview:large, max-video-preview:-1\" \/>\n<link rel=\"canonical\" href=\"https:\/\/microrelleus.com\/ca\/recerca-desenvolupament-laser\/accio\/\" \/>\n<meta property=\"og:locale\" content=\"ca_ES\" \/>\n<meta property=\"og:type\" content=\"article\" \/>\n<meta property=\"og:title\" content=\"Microrelleus obtained in 2020 Actphast innovation | Microrelleus\" \/>\n<meta property=\"og:description\" content=\"Microrelleus obtained in 2020 Actphast innovation support for its internal R&amp;D on automotive lighting using femtosecond laser technology.\" \/>\n<meta property=\"og:url\" content=\"https:\/\/microrelleus.com\/ca\/recerca-desenvolupament-laser\/accio\/\" \/>\n<meta property=\"og:site_name\" content=\"Microrelleus\" \/>\n<meta property=\"article:modified_time\" content=\"2025-11-25T09:11:47+00:00\" \/>\n<meta property=\"og:image\" content=\"https:\/\/microrelleus.com\/wp\/wp-content\/uploads\/2025\/11\/ACCIO-integrat-vertical-CAT.webp\" \/>\n\t<meta property=\"og:image:width\" content=\"333\" \/>\n\t<meta property=\"og:image:height\" content=\"298\" \/>\n\t<meta property=\"og:image:type\" content=\"image\/webp\" \/>\n<meta name=\"twitter:card\" content=\"summary_large_image\" \/>\n<meta name=\"twitter:label1\" content=\"Est. reading time\" \/>\n\t<meta name=\"twitter:data1\" content=\"1 minute\" \/>\n<script type=\"application\/ld+json\" class=\"yoast-schema-graph\">{\"@context\":\"https:\/\/schema.org\",\"@graph\":[{\"@type\":\"WebPage\",\"@id\":\"https:\/\/microrelleus.com\/ca\/recerca-desenvolupament-laser\/accio\/\",\"url\":\"https:\/\/microrelleus.com\/ca\/recerca-desenvolupament-laser\/accio\/\",\"name\":\"Microrelleus obtained in 2020 Actphast innovation | Microrelleus\",\"isPartOf\":{\"@id\":\"https:\/\/microrelleus.com\/ca\/#website\"},\"primaryImageOfPage\":{\"@id\":\"https:\/\/microrelleus.com\/ca\/recerca-desenvolupament-laser\/accio\/#primaryimage\"},\"image\":{\"@id\":\"https:\/\/microrelleus.com\/ca\/recerca-desenvolupament-laser\/accio\/#primaryimage\"},\"thumbnailUrl\":\"https:\/\/microrelleus.com\/wp\/wp-content\/uploads\/2025\/11\/ACCIO-integrat-vertical-CAT.webp\",\"datePublished\":\"2025-11-25T09:02:14+00:00\",\"dateModified\":\"2025-11-25T09:11:47+00:00\",\"description\":\"Microrelleus obtained in 2020 Actphast innovation support for its internal R&D on automotive lighting using femtosecond laser technology.\",\"breadcrumb\":{\"@id\":\"https:\/\/microrelleus.com\/ca\/recerca-desenvolupament-laser\/accio\/#breadcrumb\"},\"inLanguage\":\"ca\",\"potentialAction\":[{\"@type\":\"ReadAction\",\"target\":[\"https:\/\/microrelleus.com\/ca\/recerca-desenvolupament-laser\/accio\/\"]}]},{\"@type\":\"ImageObject\",\"inLanguage\":\"ca\",\"@id\":\"https:\/\/microrelleus.com\/ca\/recerca-desenvolupament-laser\/accio\/#primaryimage\",\"url\":\"https:\/\/microrelleus.com\/wp\/wp-content\/uploads\/2025\/11\/ACCIO-integrat-vertical-CAT.webp\",\"contentUrl\":\"https:\/\/microrelleus.com\/wp\/wp-content\/uploads\/2025\/11\/ACCIO-integrat-vertical-CAT.webp\",\"width\":333,\"height\":298},{\"@type\":\"BreadcrumbList\",\"@id\":\"https:\/\/microrelleus.com\/ca\/recerca-desenvolupament-laser\/accio\/#breadcrumb\",\"itemListElement\":[{\"@type\":\"ListItem\",\"position\":1,\"name\":\"Home\",\"item\":\"https:\/\/microrelleus.com\/ca\/\"},{\"@type\":\"ListItem\",\"position\":2,\"name\":\"R+D\",\"item\":\"https:\/\/microrelleus.com\/ca\/recerca-desenvolupament-laser\/\"},{\"@type\":\"ListItem\",\"position\":3,\"name\":\"Acci\u00f3\"}]},{\"@type\":\"WebSite\",\"@id\":\"https:\/\/microrelleus.com\/ca\/#website\",\"url\":\"https:\/\/microrelleus.com\/ca\/\",\"name\":\"Microrelleus\",\"description\":\"Industrial engraving and laser texturing\",\"publisher\":{\"@id\":\"https:\/\/microrelleus.com\/ca\/#organization\"},\"potentialAction\":[{\"@type\":\"SearchAction\",\"target\":{\"@type\":\"EntryPoint\",\"urlTemplate\":\"https:\/\/microrelleus.com\/ca\/?s={search_term_string}\"},\"query-input\":{\"@type\":\"PropertyValueSpecification\",\"valueRequired\":true,\"valueName\":\"search_term_string\"}}],\"inLanguage\":\"ca\"},{\"@type\":\"Organization\",\"@id\":\"https:\/\/microrelleus.com\/ca\/#organization\",\"name\":\"Microrelleus\",\"url\":\"https:\/\/microrelleus.com\/ca\/\",\"logo\":{\"@type\":\"ImageObject\",\"inLanguage\":\"ca\",\"@id\":\"https:\/\/microrelleus.com\/ca\/#\/schema\/logo\/image\/\",\"url\":\"https:\/\/microrelleus.com\/wp\/wp-content\/uploads\/2023\/03\/logo-microrelleus.png\",\"contentUrl\":\"https:\/\/microrelleus.com\/wp\/wp-content\/uploads\/2023\/03\/logo-microrelleus.png\",\"width\":768,\"height\":112,\"caption\":\"Microrelleus\"},\"image\":{\"@id\":\"https:\/\/microrelleus.com\/ca\/#\/schema\/logo\/image\/\"},\"sameAs\":[\"https:\/\/www.youtube.com\/channel\/UC7gqjntoVh6fdql5NE23p0A\",\"https:\/\/www.instagram.com\/microrelleus\/\"]}]}<\/script>\n<!-- \/ Yoast SEO plugin. -->","yoast_head_json":{"title":"Microrelleus obtained in 2020 Actphast innovation | Microrelleus","description":"Microrelleus obtained in 2020 Actphast innovation support for its internal R&D on automotive lighting using femtosecond laser technology.","robots":{"index":"index","follow":"follow","max-snippet":"max-snippet:-1","max-image-preview":"max-image-preview:large","max-video-preview":"max-video-preview:-1"},"canonical":"https:\/\/microrelleus.com\/ca\/recerca-desenvolupament-laser\/accio\/","og_locale":"ca_ES","og_type":"article","og_title":"Microrelleus obtained in 2020 Actphast innovation | Microrelleus","og_description":"Microrelleus obtained in 2020 Actphast innovation support for its internal R&D on automotive lighting using femtosecond laser technology.","og_url":"https:\/\/microrelleus.com\/ca\/recerca-desenvolupament-laser\/accio\/","og_site_name":"Microrelleus","article_modified_time":"2025-11-25T09:11:47+00:00","og_image":[{"width":333,"height":298,"url":"https:\/\/microrelleus.com\/wp\/wp-content\/uploads\/2025\/11\/ACCIO-integrat-vertical-CAT.webp","type":"image\/webp"}],"twitter_card":"summary_large_image","twitter_misc":{"Est. reading time":"1 minute"},"schema":{"@context":"https:\/\/schema.org","@graph":[{"@type":"WebPage","@id":"https:\/\/microrelleus.com\/ca\/recerca-desenvolupament-laser\/accio\/","url":"https:\/\/microrelleus.com\/ca\/recerca-desenvolupament-laser\/accio\/","name":"Microrelleus obtained in 2020 Actphast innovation | Microrelleus","isPartOf":{"@id":"https:\/\/microrelleus.com\/ca\/#website"},"primaryImageOfPage":{"@id":"https:\/\/microrelleus.com\/ca\/recerca-desenvolupament-laser\/accio\/#primaryimage"},"image":{"@id":"https:\/\/microrelleus.com\/ca\/recerca-desenvolupament-laser\/accio\/#primaryimage"},"thumbnailUrl":"https:\/\/microrelleus.com\/wp\/wp-content\/uploads\/2025\/11\/ACCIO-integrat-vertical-CAT.webp","datePublished":"2025-11-25T09:02:14+00:00","dateModified":"2025-11-25T09:11:47+00:00","description":"Microrelleus obtained in 2020 Actphast innovation support for its internal R&D on automotive lighting using femtosecond laser technology.","breadcrumb":{"@id":"https:\/\/microrelleus.com\/ca\/recerca-desenvolupament-laser\/accio\/#breadcrumb"},"inLanguage":"ca","potentialAction":[{"@type":"ReadAction","target":["https:\/\/microrelleus.com\/ca\/recerca-desenvolupament-laser\/accio\/"]}]},{"@type":"ImageObject","inLanguage":"ca","@id":"https:\/\/microrelleus.com\/ca\/recerca-desenvolupament-laser\/accio\/#primaryimage","url":"https:\/\/microrelleus.com\/wp\/wp-content\/uploads\/2025\/11\/ACCIO-integrat-vertical-CAT.webp","contentUrl":"https:\/\/microrelleus.com\/wp\/wp-content\/uploads\/2025\/11\/ACCIO-integrat-vertical-CAT.webp","width":333,"height":298},{"@type":"BreadcrumbList","@id":"https:\/\/microrelleus.com\/ca\/recerca-desenvolupament-laser\/accio\/#breadcrumb","itemListElement":[{"@type":"ListItem","position":1,"name":"Home","item":"https:\/\/microrelleus.com\/ca\/"},{"@type":"ListItem","position":2,"name":"R+D","item":"https:\/\/microrelleus.com\/ca\/recerca-desenvolupament-laser\/"},{"@type":"ListItem","position":3,"name":"Acci\u00f3"}]},{"@type":"WebSite","@id":"https:\/\/microrelleus.com\/ca\/#website","url":"https:\/\/microrelleus.com\/ca\/","name":"Microrelleus","description":"Industrial engraving and laser texturing","publisher":{"@id":"https:\/\/microrelleus.com\/ca\/#organization"},"potentialAction":[{"@type":"SearchAction","target":{"@type":"EntryPoint","urlTemplate":"https:\/\/microrelleus.com\/ca\/?s={search_term_string}"},"query-input":{"@type":"PropertyValueSpecification","valueRequired":true,"valueName":"search_term_string"}}],"inLanguage":"ca"},{"@type":"Organization","@id":"https:\/\/microrelleus.com\/ca\/#organization","name":"Microrelleus","url":"https:\/\/microrelleus.com\/ca\/","logo":{"@type":"ImageObject","inLanguage":"ca","@id":"https:\/\/microrelleus.com\/ca\/#\/schema\/logo\/image\/","url":"https:\/\/microrelleus.com\/wp\/wp-content\/uploads\/2023\/03\/logo-microrelleus.png","contentUrl":"https:\/\/microrelleus.com\/wp\/wp-content\/uploads\/2023\/03\/logo-microrelleus.png","width":768,"height":112,"caption":"Microrelleus"},"image":{"@id":"https:\/\/microrelleus.com\/ca\/#\/schema\/logo\/image\/"},"sameAs":["https:\/\/www.youtube.com\/channel\/UC7gqjntoVh6fdql5NE23p0A","https:\/\/www.instagram.com\/microrelleus\/"]}]}},"_links":{"self":[{"href":"https:\/\/microrelleus.com\/ca\/wp-json\/wp\/v2\/pages\/2732","targetHints":{"allow":["GET"]}}],"collection":[{"href":"https:\/\/microrelleus.com\/ca\/wp-json\/wp\/v2\/pages"}],"about":[{"href":"https:\/\/microrelleus.com\/ca\/wp-json\/wp\/v2\/types\/page"}],"author":[{"embeddable":true,"href":"https:\/\/microrelleus.com\/ca\/wp-json\/wp\/v2\/users\/1"}],"replies":[{"embeddable":true,"href":"https:\/\/microrelleus.com\/ca\/wp-json\/wp\/v2\/comments?post=2732"}],"version-history":[{"count":4,"href":"https:\/\/microrelleus.com\/ca\/wp-json\/wp\/v2\/pages\/2732\/revisions"}],"predecessor-version":[{"id":2745,"href":"https:\/\/microrelleus.com\/ca\/wp-json\/wp\/v2\/pages\/2732\/revisions\/2745"}],"up":[{"embeddable":true,"href":"https:\/\/microrelleus.com\/ca\/wp-json\/wp\/v2\/pages\/1104"}],"wp:featuredmedia":[{"embeddable":true,"href":"https:\/\/microrelleus.com\/ca\/wp-json\/wp\/v2\/media\/2736"}],"wp:attachment":[{"href":"https:\/\/microrelleus.com\/ca\/wp-json\/wp\/v2\/media?parent=2732"}],"curies":[{"name":"wp","href":"https:\/\/api.w.org\/{rel}","templated":true}]}}