{"id":2773,"date":"2025-11-25T11:22:03","date_gmt":"2025-11-25T10:22:03","guid":{"rendered":"https:\/\/microrelleus.com\/?page_id=2773"},"modified":"2025-11-25T11:34:16","modified_gmt":"2025-11-25T10:34:16","slug":"ieee-i-spie","status":"publish","type":"page","link":"https:\/\/microrelleus.com\/ca\/recerca-desenvolupament-laser\/ieee-i-spie\/","title":{"rendered":"IEEE i SPIE"},"content":{"rendered":"<div class=\"vce-row-container\" data-vce-boxed-width=\"true\"><div class=\"vce-row vce-row--col-gap-30 vce-row-equal-height vce-row-content--top\" id=\"el-7125cc4c\" data-vce-do-apply=\"all el-7125cc4c\"><div class=\"vce-content-background-container\"><\/div><div class=\"vce-row-content\" data-vce-element-content=\"true\"><div class=\"vce-col vce-col--md-auto vce-col--xs-1 vce-col--xs-last vce-col--xs-first vce-col--sm-last vce-col--sm-first vce-col--md-last vce-col--lg-last vce-col--xl-last vce-col--md-first vce-col--lg-first vce-col--xl-first\" id=\"el-3941ba8f\"><div class=\"vce-col-inner\" data-vce-do-apply=\"border margin background  el-3941ba8f\"><div class=\"vce-col-content\" data-vce-element-content=\"true\" data-vce-do-apply=\"padding el-3941ba8f\"><div class=\"vce-text-block\"><div class=\"vce-text-block-wrapper vce\" id=\"el-a71a0ce2\" data-vce-do-apply=\"all el-a71a0ce2\"><h1>IEEE i SPIE<\/h1><\/div><\/div><\/div><\/div><\/div><\/div><\/div><\/div><div class=\"vce-row-container\" data-vce-boxed-width=\"true\"><div class=\"vce-row vce-row--col-gap-30 vce-row-equal-height vce-row-content--top\" id=\"el-b17ae622\" data-vce-do-apply=\"all el-b17ae622\"><div class=\"vce-content-background-container\"><\/div><div class=\"vce-row-content\" data-vce-element-content=\"true\"><div class=\"vce-col vce-col--xs-100p vce-col--xs-visible vce-col--xs-last vce-col--xs-first vce-col--sm-100p vce-col--sm-visible vce-col--sm-last vce-col--sm-first vce-col--md-100p vce-col--md-visible vce-col--md-last vce-col--md-first vce-col--lg-auto vce-col--lg-visible vce-col--lg-first vce-col--xl-auto vce-col--xl-visible vce-col--xl-first\" id=\"el-6b347b57\"><div class=\"vce-col-inner\" data-vce-do-apply=\"border margin background  el-6b347b57\"><div class=\"vce-col-content\" data-vce-element-content=\"true\" data-vce-do-apply=\"padding el-6b347b57\"><div class=\"vce-text-block\"><div class=\"vce-text-block-wrapper vce\" id=\"el-7e475107\" data-vce-do-apply=\"all el-7e475107\"><p>Microrelleus va contribuir a projectes publicats per IEEE i SPIE, aplicant la seva experi\u00e8ncia en l\u00e0ser de femtosegon per engravir una xarxa de difracci\u00f3 reflectant en alumini, dissenyada per operar al voltant de ~3,3 THz en instrumentaci\u00f3 per a l\u2019espai profund. El nostre proc\u00e9s l\u00e0ser de 5 eixos va oferir una qualitat superficial excepcional i una efici\u00e8ncia de difracci\u00f3 superior al 85%, afavorint la polaritzaci\u00f3 TM per a un rendiment \u00f2ptic optimitzat.<\/p><p><strong>Tota la informaci\u00f3 en els seg\u00fcents enlla\u00e7os:<\/strong><\/p><p><a href=\"https:\/\/www.spiedigitallibrary.org\/conference-proceedings-of-spie\/12994\/1299408\/Reflective-diffraction-grating-operating-around-33-THz-for-space-applications\/10.1117\/12.3016978.short\" target=\"_blank\" rel=\"noopener\">Reflective diffraction grating operating around 3,3 THz for space applications<\/a><\/p><p><a href=\"https:\/\/ieeexplore.ieee.org\/document\/10746638\" target=\"_blank\" rel=\"noopener\">Experimental Analysis of the Spectral Reflectivity of Metallic Blazed Diffraction Gratings in the THz Range for Space Instrumentation | IEEE Journals &amp; Magazine | IEEE Xplore<\/a><\/p><p><span style=\"color: #e73e25;\"><a style=\"color: #e73e25;\" href=\"https:\/\/microrelleus.com\/ca\/recerca-i-desenvolupament-laser\/\">&lt; Tornar a R+D<\/a><\/span><\/p><\/div><\/div><\/div><\/div><\/div><div class=\"vce-col vce-col--xs-100p vce-col--xs-visible vce-col--xs-last vce-col--xs-first vce-col--sm-100p vce-col--sm-visible vce-col--sm-last vce-col--sm-first vce-col--md-100p vce-col--md-visible vce-col--md-last vce-col--md-first vce-col--lg-auto vce-col--lg-visible vce-col--lg-last vce-col--xl-auto vce-col--xl-visible vce-col--xl-last\" id=\"el-a3e5de3b\"><div class=\"vce-col-inner\" data-vce-do-apply=\"border margin background  el-a3e5de3b\"><div class=\"vce-col-content\" data-vce-element-content=\"true\" data-vce-do-apply=\"padding el-a3e5de3b\"><div class=\"vce-single-image-container vce-single-image--align-center\"><div class=\"vce vce-single-image-wrapper\" id=\"el-680a9766\" data-vce-do-apply=\"all el-680a9766\"><figure><div class=\"vce-single-image-figure-inner\" style=\"width: 810px;\"><div class=\"vce-single-image-inner vce-single-image--absolute\" style=\"width: 100%; padding-bottom: 119.877%;\"><img loading=\"lazy\" decoding=\"async\" class=\"vce-single-image\"  width=\"810\" height=\"971\" srcset=\"https:\/\/microrelleus.com\/wp\/wp-content\/uploads\/2025\/11\/Imatge-post-320x384.png 320w, https:\/\/microrelleus.com\/wp\/wp-content\/uploads\/2025\/11\/Imatge-post-480x575.png 480w, https:\/\/microrelleus.com\/wp\/wp-content\/uploads\/2025\/11\/Imatge-post-800x959.png 800w, https:\/\/microrelleus.com\/wp\/wp-content\/uploads\/2025\/11\/Imatge-post-810x971.png 810w\" src=\"https:\/\/microrelleus.com\/wp\/wp-content\/uploads\/2025\/11\/Imatge-post-810x971.png\" data-img-src=\"https:\/\/microrelleus.com\/wp\/wp-content\/uploads\/2025\/11\/Imatge-post.png\" data-attachment-id=\"2777\"  alt=\"\" title=\"Imatge post\" \/><\/div><\/div><figcaption hidden=\"\"><\/figcaption><\/figure><\/div><\/div><\/div><\/div><\/div><\/div><\/div><\/div>\n","protected":false},"excerpt":{"rendered":"<p>IEEE i SPIEMicrorelleus va contribuir a projectes publicats per IEEE i SPIE, aplicant la seva experi\u00e8ncia en l\u00e0ser de femtosegon per engravir una xarxa de difracci\u00f3 reflectant en alumini, dissenyada per operar al voltant de ~3,3 THz en instrumentaci\u00f3 per a l\u2019espai profund. El nostre proc\u00e9s l\u00e0ser de 5 eixos va oferir una qualitat superficial [&hellip;]<\/p>\n","protected":false},"author":1,"featured_media":2777,"parent":1104,"menu_order":0,"comment_status":"closed","ping_status":"closed","template":"","meta":{"_acf_changed":false,"footnotes":""},"class_list":["post-2773","page","type-page","status-publish","has-post-thumbnail","hentry"],"acf":[],"yoast_head":"<!-- This site is optimized with the Yoast SEO plugin v27.4 - https:\/\/yoast.com\/product\/yoast-seo-wordpress\/ -->\n<title>Microrelleus va obtenir l\u2019any 2020 l\u2019ajusta Actphast | Microrelleus<\/title>\n<meta name=\"description\" content=\"Microrelleus va obtenir l\u2019ajusta Actphast per al seu projecte de R+D a la ind\u00fastria automotriu de la il\u00b7luminaci\u00f3 fent servir la tecnologia l\u00e0ser de femtosegon.\" \/>\n<meta name=\"robots\" content=\"index, follow, max-snippet:-1, max-image-preview:large, max-video-preview:-1\" \/>\n<link rel=\"canonical\" href=\"https:\/\/microrelleus.com\/ca\/recerca-desenvolupament-laser\/ieee-i-spie\/\" \/>\n<meta property=\"og:locale\" content=\"ca_ES\" \/>\n<meta property=\"og:type\" content=\"article\" \/>\n<meta property=\"og:title\" content=\"Microrelleus va obtenir l\u2019any 2020 l\u2019ajusta Actphast | Microrelleus\" \/>\n<meta property=\"og:description\" content=\"Microrelleus va obtenir l\u2019ajusta Actphast per al seu projecte de R+D a la ind\u00fastria automotriu de la il\u00b7luminaci\u00f3 fent servir la tecnologia l\u00e0ser de femtosegon.\" \/>\n<meta property=\"og:url\" content=\"https:\/\/microrelleus.com\/ca\/recerca-desenvolupament-laser\/ieee-i-spie\/\" \/>\n<meta property=\"og:site_name\" content=\"Microrelleus\" \/>\n<meta property=\"article:modified_time\" content=\"2025-11-25T10:34:16+00:00\" \/>\n<meta property=\"og:image\" content=\"https:\/\/microrelleus.com\/wp\/wp-content\/uploads\/2025\/11\/Imatge-post.png\" \/>\n\t<meta property=\"og:image:width\" content=\"810\" \/>\n\t<meta property=\"og:image:height\" content=\"971\" \/>\n\t<meta property=\"og:image:type\" content=\"image\/png\" \/>\n<meta name=\"twitter:card\" content=\"summary_large_image\" \/>\n<meta name=\"twitter:label1\" content=\"Est. reading time\" \/>\n\t<meta name=\"twitter:data1\" content=\"1 minute\" \/>\n<script type=\"application\/ld+json\" class=\"yoast-schema-graph\">{\"@context\":\"https:\\\/\\\/schema.org\",\"@graph\":[{\"@type\":\"WebPage\",\"@id\":\"https:\\\/\\\/microrelleus.com\\\/ca\\\/recerca-desenvolupament-laser\\\/ieee-i-spie\\\/\",\"url\":\"https:\\\/\\\/microrelleus.com\\\/ca\\\/recerca-desenvolupament-laser\\\/ieee-i-spie\\\/\",\"name\":\"Microrelleus va obtenir l\u2019any 2020 l\u2019ajusta Actphast | Microrelleus\",\"isPartOf\":{\"@id\":\"https:\\\/\\\/microrelleus.com\\\/ca\\\/#website\"},\"primaryImageOfPage\":{\"@id\":\"https:\\\/\\\/microrelleus.com\\\/ca\\\/recerca-desenvolupament-laser\\\/ieee-i-spie\\\/#primaryimage\"},\"image\":{\"@id\":\"https:\\\/\\\/microrelleus.com\\\/ca\\\/recerca-desenvolupament-laser\\\/ieee-i-spie\\\/#primaryimage\"},\"thumbnailUrl\":\"https:\\\/\\\/microrelleus.com\\\/wp\\\/wp-content\\\/uploads\\\/2025\\\/11\\\/Imatge-post.png\",\"datePublished\":\"2025-11-25T10:22:03+00:00\",\"dateModified\":\"2025-11-25T10:34:16+00:00\",\"description\":\"Microrelleus va obtenir l\u2019ajusta Actphast per al seu projecte de R+D a la ind\u00fastria automotriu de la il\u00b7luminaci\u00f3 fent servir la tecnologia l\u00e0ser de femtosegon.\",\"breadcrumb\":{\"@id\":\"https:\\\/\\\/microrelleus.com\\\/ca\\\/recerca-desenvolupament-laser\\\/ieee-i-spie\\\/#breadcrumb\"},\"inLanguage\":\"ca\",\"potentialAction\":[{\"@type\":\"ReadAction\",\"target\":[\"https:\\\/\\\/microrelleus.com\\\/ca\\\/recerca-desenvolupament-laser\\\/ieee-i-spie\\\/\"]}]},{\"@type\":\"ImageObject\",\"inLanguage\":\"ca\",\"@id\":\"https:\\\/\\\/microrelleus.com\\\/ca\\\/recerca-desenvolupament-laser\\\/ieee-i-spie\\\/#primaryimage\",\"url\":\"https:\\\/\\\/microrelleus.com\\\/wp\\\/wp-content\\\/uploads\\\/2025\\\/11\\\/Imatge-post.png\",\"contentUrl\":\"https:\\\/\\\/microrelleus.com\\\/wp\\\/wp-content\\\/uploads\\\/2025\\\/11\\\/Imatge-post.png\",\"width\":810,\"height\":971},{\"@type\":\"BreadcrumbList\",\"@id\":\"https:\\\/\\\/microrelleus.com\\\/ca\\\/recerca-desenvolupament-laser\\\/ieee-i-spie\\\/#breadcrumb\",\"itemListElement\":[{\"@type\":\"ListItem\",\"position\":1,\"name\":\"Home\",\"item\":\"https:\\\/\\\/microrelleus.com\\\/ca\\\/\"},{\"@type\":\"ListItem\",\"position\":2,\"name\":\"R+D\",\"item\":\"https:\\\/\\\/microrelleus.com\\\/ca\\\/recerca-desenvolupament-laser\\\/\"},{\"@type\":\"ListItem\",\"position\":3,\"name\":\"IEEE i SPIE\"}]},{\"@type\":\"WebSite\",\"@id\":\"https:\\\/\\\/microrelleus.com\\\/ca\\\/#website\",\"url\":\"https:\\\/\\\/microrelleus.com\\\/ca\\\/\",\"name\":\"Microrelleus\",\"description\":\"Industrial engraving and laser texturing\",\"publisher\":{\"@id\":\"https:\\\/\\\/microrelleus.com\\\/ca\\\/#organization\"},\"potentialAction\":[{\"@type\":\"SearchAction\",\"target\":{\"@type\":\"EntryPoint\",\"urlTemplate\":\"https:\\\/\\\/microrelleus.com\\\/ca\\\/?s={search_term_string}\"},\"query-input\":{\"@type\":\"PropertyValueSpecification\",\"valueRequired\":true,\"valueName\":\"search_term_string\"}}],\"inLanguage\":\"ca\"},{\"@type\":\"Organization\",\"@id\":\"https:\\\/\\\/microrelleus.com\\\/ca\\\/#organization\",\"name\":\"Microrelleus\",\"url\":\"https:\\\/\\\/microrelleus.com\\\/ca\\\/\",\"logo\":{\"@type\":\"ImageObject\",\"inLanguage\":\"ca\",\"@id\":\"https:\\\/\\\/microrelleus.com\\\/ca\\\/#\\\/schema\\\/logo\\\/image\\\/\",\"url\":\"https:\\\/\\\/microrelleus.com\\\/wp\\\/wp-content\\\/uploads\\\/2023\\\/03\\\/logo-microrelleus.png\",\"contentUrl\":\"https:\\\/\\\/microrelleus.com\\\/wp\\\/wp-content\\\/uploads\\\/2023\\\/03\\\/logo-microrelleus.png\",\"width\":768,\"height\":112,\"caption\":\"Microrelleus\"},\"image\":{\"@id\":\"https:\\\/\\\/microrelleus.com\\\/ca\\\/#\\\/schema\\\/logo\\\/image\\\/\"},\"sameAs\":[\"https:\\\/\\\/www.youtube.com\\\/channel\\\/UC7gqjntoVh6fdql5NE23p0A\",\"https:\\\/\\\/www.instagram.com\\\/microrelleus\\\/\"]}]}<\/script>\n<!-- \/ Yoast SEO plugin. -->","yoast_head_json":{"title":"Microrelleus va obtenir l\u2019any 2020 l\u2019ajusta Actphast | Microrelleus","description":"Microrelleus va obtenir l\u2019ajusta Actphast per al seu projecte de R+D a la ind\u00fastria automotriu de la il\u00b7luminaci\u00f3 fent servir la tecnologia l\u00e0ser de femtosegon.","robots":{"index":"index","follow":"follow","max-snippet":"max-snippet:-1","max-image-preview":"max-image-preview:large","max-video-preview":"max-video-preview:-1"},"canonical":"https:\/\/microrelleus.com\/ca\/recerca-desenvolupament-laser\/ieee-i-spie\/","og_locale":"ca_ES","og_type":"article","og_title":"Microrelleus va obtenir l\u2019any 2020 l\u2019ajusta Actphast | Microrelleus","og_description":"Microrelleus va obtenir l\u2019ajusta Actphast per al seu projecte de R+D a la ind\u00fastria automotriu de la il\u00b7luminaci\u00f3 fent servir la tecnologia l\u00e0ser de femtosegon.","og_url":"https:\/\/microrelleus.com\/ca\/recerca-desenvolupament-laser\/ieee-i-spie\/","og_site_name":"Microrelleus","article_modified_time":"2025-11-25T10:34:16+00:00","og_image":[{"width":810,"height":971,"url":"https:\/\/microrelleus.com\/wp\/wp-content\/uploads\/2025\/11\/Imatge-post.png","type":"image\/png"}],"twitter_card":"summary_large_image","twitter_misc":{"Est. reading time":"1 minute"},"schema":{"@context":"https:\/\/schema.org","@graph":[{"@type":"WebPage","@id":"https:\/\/microrelleus.com\/ca\/recerca-desenvolupament-laser\/ieee-i-spie\/","url":"https:\/\/microrelleus.com\/ca\/recerca-desenvolupament-laser\/ieee-i-spie\/","name":"Microrelleus va obtenir l\u2019any 2020 l\u2019ajusta Actphast | Microrelleus","isPartOf":{"@id":"https:\/\/microrelleus.com\/ca\/#website"},"primaryImageOfPage":{"@id":"https:\/\/microrelleus.com\/ca\/recerca-desenvolupament-laser\/ieee-i-spie\/#primaryimage"},"image":{"@id":"https:\/\/microrelleus.com\/ca\/recerca-desenvolupament-laser\/ieee-i-spie\/#primaryimage"},"thumbnailUrl":"https:\/\/microrelleus.com\/wp\/wp-content\/uploads\/2025\/11\/Imatge-post.png","datePublished":"2025-11-25T10:22:03+00:00","dateModified":"2025-11-25T10:34:16+00:00","description":"Microrelleus va obtenir l\u2019ajusta Actphast per al seu projecte de R+D a la ind\u00fastria automotriu de la il\u00b7luminaci\u00f3 fent servir la tecnologia l\u00e0ser de femtosegon.","breadcrumb":{"@id":"https:\/\/microrelleus.com\/ca\/recerca-desenvolupament-laser\/ieee-i-spie\/#breadcrumb"},"inLanguage":"ca","potentialAction":[{"@type":"ReadAction","target":["https:\/\/microrelleus.com\/ca\/recerca-desenvolupament-laser\/ieee-i-spie\/"]}]},{"@type":"ImageObject","inLanguage":"ca","@id":"https:\/\/microrelleus.com\/ca\/recerca-desenvolupament-laser\/ieee-i-spie\/#primaryimage","url":"https:\/\/microrelleus.com\/wp\/wp-content\/uploads\/2025\/11\/Imatge-post.png","contentUrl":"https:\/\/microrelleus.com\/wp\/wp-content\/uploads\/2025\/11\/Imatge-post.png","width":810,"height":971},{"@type":"BreadcrumbList","@id":"https:\/\/microrelleus.com\/ca\/recerca-desenvolupament-laser\/ieee-i-spie\/#breadcrumb","itemListElement":[{"@type":"ListItem","position":1,"name":"Home","item":"https:\/\/microrelleus.com\/ca\/"},{"@type":"ListItem","position":2,"name":"R+D","item":"https:\/\/microrelleus.com\/ca\/recerca-desenvolupament-laser\/"},{"@type":"ListItem","position":3,"name":"IEEE i SPIE"}]},{"@type":"WebSite","@id":"https:\/\/microrelleus.com\/ca\/#website","url":"https:\/\/microrelleus.com\/ca\/","name":"Microrelleus","description":"Industrial engraving and laser texturing","publisher":{"@id":"https:\/\/microrelleus.com\/ca\/#organization"},"potentialAction":[{"@type":"SearchAction","target":{"@type":"EntryPoint","urlTemplate":"https:\/\/microrelleus.com\/ca\/?s={search_term_string}"},"query-input":{"@type":"PropertyValueSpecification","valueRequired":true,"valueName":"search_term_string"}}],"inLanguage":"ca"},{"@type":"Organization","@id":"https:\/\/microrelleus.com\/ca\/#organization","name":"Microrelleus","url":"https:\/\/microrelleus.com\/ca\/","logo":{"@type":"ImageObject","inLanguage":"ca","@id":"https:\/\/microrelleus.com\/ca\/#\/schema\/logo\/image\/","url":"https:\/\/microrelleus.com\/wp\/wp-content\/uploads\/2023\/03\/logo-microrelleus.png","contentUrl":"https:\/\/microrelleus.com\/wp\/wp-content\/uploads\/2023\/03\/logo-microrelleus.png","width":768,"height":112,"caption":"Microrelleus"},"image":{"@id":"https:\/\/microrelleus.com\/ca\/#\/schema\/logo\/image\/"},"sameAs":["https:\/\/www.youtube.com\/channel\/UC7gqjntoVh6fdql5NE23p0A","https:\/\/www.instagram.com\/microrelleus\/"]}]}},"_links":{"self":[{"href":"https:\/\/microrelleus.com\/ca\/wp-json\/wp\/v2\/pages\/2773","targetHints":{"allow":["GET"]}}],"collection":[{"href":"https:\/\/microrelleus.com\/ca\/wp-json\/wp\/v2\/pages"}],"about":[{"href":"https:\/\/microrelleus.com\/ca\/wp-json\/wp\/v2\/types\/page"}],"author":[{"embeddable":true,"href":"https:\/\/microrelleus.com\/ca\/wp-json\/wp\/v2\/users\/1"}],"replies":[{"embeddable":true,"href":"https:\/\/microrelleus.com\/ca\/wp-json\/wp\/v2\/comments?post=2773"}],"version-history":[{"count":2,"href":"https:\/\/microrelleus.com\/ca\/wp-json\/wp\/v2\/pages\/2773\/revisions"}],"predecessor-version":[{"id":2786,"href":"https:\/\/microrelleus.com\/ca\/wp-json\/wp\/v2\/pages\/2773\/revisions\/2786"}],"up":[{"embeddable":true,"href":"https:\/\/microrelleus.com\/ca\/wp-json\/wp\/v2\/pages\/1104"}],"wp:featuredmedia":[{"embeddable":true,"href":"https:\/\/microrelleus.com\/ca\/wp-json\/wp\/v2\/media\/2777"}],"wp:attachment":[{"href":"https:\/\/microrelleus.com\/ca\/wp-json\/wp\/v2\/media?parent=2773"}],"curies":[{"name":"wp","href":"https:\/\/api.w.org\/{rel}","templated":true}]}}