{"id":959,"date":"2023-04-05T16:02:03","date_gmt":"2023-04-05T14:02:03","guid":{"rendered":"https:\/\/microrelleus.com\/legal-notice\/"},"modified":"2023-06-28T10:24:08","modified_gmt":"2023-06-28T08:24:08","slug":"avis-legal","status":"publish","type":"page","link":"https:\/\/microrelleus.com\/ca\/avis-legal\/","title":{"rendered":"Av\u00eds legal"},"content":{"rendered":"<div class=\"vce-row-container\" data-vce-boxed-width=\"true\"><div class=\"vce-row vce-row--col-gap-30 vce-row-equal-height vce-row-content--top\" id=\"el-d9c5ec3b\" data-vce-do-apply=\"all el-d9c5ec3b\"><div class=\"vce-content-background-container\"><\/div><div class=\"vce-row-content\" data-vce-element-content=\"true\"><div class=\"vce-col vce-col--md-16-66p vce-col--xs-1 vce-col--xs-last vce-col--xs-first vce-col--sm-last vce-col--sm-first vce-col--md-first vce-col--lg-first vce-col--xl-first\" id=\"el-e5ace203\"><div class=\"vce-col-inner\" data-vce-do-apply=\"border margin background  el-e5ace203\"><div class=\"vce-col-content\" data-vce-element-content=\"true\" data-vce-do-apply=\"padding el-e5ace203\"><div><\/div><\/div><\/div><\/div><div class=\"vce-col vce-col--md-66-66p vce-col--xs-1 vce-col--xs-last vce-col--xs-first vce-col--sm-last vce-col--sm-first\" id=\"el-34eae345\"><div class=\"vce-col-inner\" data-vce-do-apply=\"border margin background  el-34eae345\"><div class=\"vce-col-content\" data-vce-element-content=\"true\" data-vce-do-apply=\"padding el-34eae345\"><div class=\"vce-text-block\"><div class=\"vce-text-block-wrapper vce\" id=\"el-4ed2adfb\" data-vce-do-apply=\"all el-4ed2adfb\"><h1>Av\u00eds legal<\/h1>\n<p><strong>1. Empresa<\/strong><\/p>\n<p>En compliment d\u2019all\u00f2 que disposa l\u2019article 10 de la Llei 34\/2002, d\u201911 de juliol, de serveis de la societat de la informaci\u00f3 i de comer\u00e7 electr\u00f2nic, a continuaci\u00f3 s\u2019exposen les dades identificatives de Microrelleus, S.L., titular dels drets de propietat intel\u00b7lectual i industrial:<\/p>\n<p>MICRORELLEUS, S.L.<br>C. Pla de Fonollar, 5A<br>08205 Sabadell<br>Barcelona<br>Spain<br>Tel.: 935 769 074<br>E-mail: info@microrelleus.com<\/p>\n<p><strong>2. Objecte<\/strong><\/p>\n<p>Aquest lloc web (http:\/\/www.microrelleus.com), propietat de MICRORELLEUS, S.L. (en endavant MICRORELLEUS), s\u2019ha creat i dissenyat per donar a con\u00e8ixer i permetre l\u2019acc\u00e9s general de tots els usuaris d\u2019Internet a la informaci\u00f3 corporativa i comercial de MICRORELLEUS.<\/p>\n<p>El present av\u00eds legal t\u00e9 com a finalitat establir les condicions generals que regulen l\u2019acc\u00e9s i \u00fas general d\u2019aquest lloc web per part de tots els usuaris, de manera que l\u2019acc\u00e9s i \u00fas d\u2019aquesta implica necess\u00e0riament la submissi\u00f3 i acceptaci\u00f3 de les condicions generals citades i incloses en aquest av\u00eds legal. MICRORELLEUS es reserva el dret de modificar o actualitzar, en qualsevol moment i sense necessitat d\u2019av\u00eds previ, els continguts i serveis d'aquestes disposicions d'acc\u00e9s i \u00fas i, en general, de tots els elements que integrin el disseny i configuraci\u00f3 del seu lloc web. Per aquest motiu, es recomana que l\u2019usuari llegeixi detingudament les condicions generals cada cop que desitgi entrar en el lloc web per fer-ne \u00fas, ja que poden sofrir algunes modificacions.<\/p>\n<p><strong>3. Propietat industrial i intel\u00b7lectual<\/strong><\/p>\n<p>Tots els continguts del lloc web (en endavant els continguts) s\u00f3n propietat intel\u00b7lectual de MICRORELLEUS o, en el seu cas, de tercers, excepte si s\u2019especifica el contrari. A t\u00edtol merament enunciatiu, s\u2019inclouen en els continguts els textos, fotografies, gr\u00e0fics, imatges, icones, software, vincles i altres continguts audiovisuals o sonors, aix\u00ed com el seu disseny gr\u00e0fic i els seus codis font.<\/p>\n<p>A m\u00e9s a m\u00e9s, les marques, noms comercials o signes distintius s\u00f3n titularitat de MICRORELLEUS o, en el seu cas, de tercers, excepte si s\u2019especifica el contrari.<\/p>\n<p>L\u2019usuari haur\u00e0 de respectar sempre tots els drets de propietat intel\u00b7lectual i industrial del lloc web, de titularitat de MICRORELLEUS o d'altres.<\/p>\n<p>Queda expressament prohibida la cessi\u00f3 dels drets de propietat intel\u00b7lectual d'aquest lloc web.<\/p>\n<p>En concret, est\u00e0 prohibida la reproducci\u00f3, transformaci\u00f3, distribuci\u00f3, comunicaci\u00f3 p\u00fablica, posta a disposici\u00f3, extracci\u00f3, reutilitzaci\u00f3, retransmissi\u00f3 i \u00fas de tota mena, per qualsevol mitj\u00e0 o procediment, excepte en els casos que estigui legalment perm\u00e8s, \u00e9s a dir, autoritzat pel titular dels drets corresponents.<\/p>\n<p>No obstant aix\u00f2, l'usuari podr\u00e0 visualitzar i obtenir una c\u00f2pia privada temporal dels continguts per al seu \u00fas personal, exclusiu i privat en els seus sistemes inform\u00e0tics (programari i maquinari), sempre que no sigui amb la finalitat de desenvolupar activitats de car\u00e0cter comercial o professional, ni amb objectius de distribuci\u00f3, modificaci\u00f3, alteraci\u00f3 o descompilaci\u00f3. La infracci\u00f3 de qualsevol dels drets abans esmentats pot constituir una vulneraci\u00f3 de les presents condicions, aix\u00ed com un delicte d\u2019acord amb els articles 270 i seg\u00fcents del Codi Penal.<\/p>\n<p><strong>4. Continguts<\/strong><\/p>\n<p>MICRORELLEUS es reserva el dret d\u2019actualitzar o modificar els continguts d\u2019aquest lloc web sense previ av\u00eds.<\/p>\n<p>Els continguts del lloc web, en especial les refer\u00e8ncies informatives, t\u00e8cniques o publicit\u00e0ries, excepte que s\u2019indiqui expressament el contrari, no constitueixen una oferta vinculant. MICRORELLEUS es reserva el dret d\u2019introduir modificacions o ometre parcialment o totalment els continguts actuals del lloc web quan ho consideri adient, aix\u00ed com d\u2019impedir o restringir l\u2019acc\u00e9s de manera temporal o permanent.<\/p>\n<p><strong>5. Pol\u00edtica de privacitat i protecci\u00f3 de dades<\/strong><\/p>\n<p>D\u2019acord amb el que estableix la Llei Org\u00e0nica 15\/1999, s\u2019informa a l\u2019usuari que les seves dades s\u2019incorporaran a un fitxer de dades de MICRORELLEUS amb la finalitat de complir amb el seu objecte social. L\u2019usuari autoritza MICRORELLEUS a utilitzar les seves dades personals amb finalitats informatives i comercials, i a enviar informacions publicit\u00e0ries relacionades amb els seus productes i serveis.<\/p>\n<p>MICRORELLEUS compleix \u00edntegrament la legislaci\u00f3 vigent en mat\u00e8ria de protecci\u00f3 de dades de car\u00e0cter personal. MICRORELLEUS ha adoptat les mesures t\u00e8cniques necess\u00e0ries per mantenir el nivell de seguretat requerit, segons el tipus de dades personals tractades i les circumst\u00e0ncies del tractament, per tal d\u2019evitar, en la mesura que sigui possible i sempre segons l\u2019estat de la t\u00e8cnica, la seva alteraci\u00f3, p\u00e8rdua, tractament o acc\u00e9s no autoritzat.<\/p>\n<p>Quan se sol\u00b7liciti l\u2019emplenament d\u2019un formulari on es recullin dades de car\u00e0cter personal, s\u2019informar\u00e0 el client o usuari de la informaci\u00f3 de la finalitat per a la qual es recullen les dades, de la identitat i adre\u00e7a del responsable del fitxer, i de la facultat de l\u2019usuari per exercir els drets d\u2019acc\u00e9s, rectificaci\u00f3, cancel\u00b7laci\u00f3 i oposici\u00f3 al tractament de les seves dades. Les dades personals recollides nom\u00e9s seran tractades i\/o cedides amb la finalitat expressada, i sempre amb el consentiment de l\u2019usuari o client.<\/p>\n<p>Algunes de les p\u00e0gines del lloc web disposen de galetes, petits fitxers de dades que es generen a l\u2019ordinador de l\u2019usuari o client i que permeten que els nostres sistemes recordin l\u2019idioma escollit, aix\u00ed com altres caracter\u00edstiques o prefer\u00e8ncies de navegaci\u00f3 de l\u2019usuari en la seva primera sessi\u00f3. Aquestes galetes no s\u00f3n invasives, ni nocives, ni contenen dades de car\u00e0cter personal, ja que la seva \u00fanica funci\u00f3 \u00e9s personalitzar la navegaci\u00f3 de la manera abans esmentada.<\/p>\n<p>L\u2019usuari tindr\u00e0 dret a accedir, oposar-se, rectificar i\/o cancel\u00b7lar les seves dades dirigint-se per escrit a MICRORELLEUS, a l\u2019adre\u00e7a que consta en aquest document o per correu electr\u00f2nic a info@microrelleus.com.<\/p>\n<p><strong>6. Enlla\u00e7os de tercers al lloc web de MICRORELLEUS<\/strong><\/p>\n<p>L\u2019usuari d\u2019Internet que vulgui introduir un enlla\u00e7 des de la seva p\u00e0gina web al lloc web de MICRORELLEUS haur\u00e0 d\u2019obtenir autoritzaci\u00f3 pr\u00e8via de MICRORELLEUS per escrit. A m\u00e9s a m\u00e9s, haur\u00e0 de complir les obligacions seg\u00fcents:<\/p>\n<p>L\u2019enlla\u00e7 o link \u00fanicament vincular\u00e0 amb la p\u00e0gina principal, excepte si es compta amb l\u2019autoritzaci\u00f3 expressa per redireccionar a una p\u00e0gina secund\u00e0ria, que en cap cas podr\u00e0 ser reprodu\u00efda de cap manera.<\/p>\n<p>Queda prohibit de forma expressa establir frames o marcs de qualsevol tipus que envoltin el lloc web o permetin la visualitzaci\u00f3 de la informaci\u00f3, activitats, serveis o productes a trav\u00e9s d\u2019adreces d\u2019Internet diferents de la d\u2019aquest lloc web.<\/p>\n<p>El link o la p\u00e0gina d\u2019enlla\u00e7 no podr\u00e0 desenvolupar activitats o fer \u00fas de dispositius que siguin contraris a les lleis, la moral o l\u2019ordre p\u00fablic.<\/p>\n<p>En cap cas es portaran a terme, des del lloc web on es troba l\u2019enlla\u00e7, manifestacions falses, inexactes o incorrectes sobre MICRORELLEUS, els seus empleats o els seus productes i serveis.<\/p>\n<p>El remitent no podr\u00e0 fer servir la marca gr\u00e0fica o mixta, ni qualsevol altre signe distintiu de MICRORELLEUS dins del seu lloc web, excepte en els casos autoritzats de forma expressa per MICRORELLEUS.<\/p>\n<p><strong>7. Responsabilitat<\/strong><\/p>\n<p>En qualsevol cas, l\u2019usuari respondr\u00e0 dels danys i perjudicis de tot tipus que MICRORELLEUS pugui sofrir com a conseq\u00fc\u00e8ncia de l\u2019incompliment de qualsevol de les obligacions a les quals queda sotm\u00e8s mitjan\u00e7ant aquest av\u00eds legal o, si escau, per les condicions particulars d\u2019aplicaci\u00f3.<\/p>\n<p>7.1 Acc\u00e9s al lloc web<\/p>\n<p>MICRORELLEUS no es responsabilitza dels danys o perjudicis de qualsevol mena produ\u00efts a l\u2019usuari causats per errors o desconnexions de les xarxes de telecomunicacions que ocasionen la suspensi\u00f3, cancel\u00b7laci\u00f3 o interrupci\u00f3 del servei del lloc web durant la prestaci\u00f3 d\u2019aquest servei o amb car\u00e0cter previ.<\/p>\n<p>7.2 Protecci\u00f3 de dades personals<\/p>\n<p>MICRORELLEUS garanteix el compliment \u00edntegre de les obligacions establertes, aix\u00ed com la implementaci\u00f3 de les mesures de seguretat que estableix l\u2019article 9 de la Llei 15\/1999 de protecci\u00f3 de dades de car\u00e0cter personal (en endavant LOPD) i el seu Reglament de desenvolupament aprovat per Real Decret 1720\/2007, de 21 de desembre.<\/p>\n<p>7.3 Qualitat del servei<\/p>\n<p>L\u2019acc\u00e9s al lloc web no implica l\u2019obligaci\u00f3 per part de MICRORELLEUS de controlar l'abs\u00e8ncia de virus, cucs o qualsevol altre element inform\u00e0tic nociu. Correspon a l\u2019usuari, en tot cas, disposar d\u2019instruments adients per a la detecci\u00f3 i desinfecci\u00f3 de programes inform\u00e0tics nocius.<\/p>\n<p>7.4 Els continguts<\/p>\n<p>MICRORELLEUS no es responsabilitza de les decisions preses a partir de la informaci\u00f3 subministrada al lloc web, ni dels danys i perjudicis produ\u00efts a l\u2019usuari o altres amb motiu d\u2019actuacions que tinguin com a \u00fanic fonament la informaci\u00f3 obtinguda a trav\u00e9s del lloc web.<\/p>\n<p>7.5 Enlla\u00e7os o links<\/p>\n<p>El servei d\u2019acc\u00e9s al lloc web inclou dispositius t\u00e8cnics d\u2019enlla\u00e7 que permeten a l\u2019usuari accedir a altres p\u00e0gines i portals d\u2019Internet. En aquests casos, MICRORELLEUS actua com a prestador de serveis d'intermediaci\u00f3, de conformitat amb l\u2019article 17 de la Llei 34\/2002, d\u201911 de juliol, de serveis de la societat de la informaci\u00f3 i el comer\u00e7 electr\u00f2nic (LSSI), i nom\u00e9s ser\u00e0 responsable dels continguts i serveis subministrats en els llocs enlla\u00e7ats en la mesura que tingui coneixement efectiu de la il\u00b7licitud i no hagi desactivat l\u2019enlla\u00e7 amb la dilig\u00e8ncia adient.<\/p>\n<p>En el cas que l\u2019usuari consideri que existeix un lloc enlla\u00e7at amb continguts il\u00b7l\u00edcits o inadequats, podr\u00e0 comunicar-ho a MICRORELLEUS, d\u2019acord amb el procediment i els efectes establerts a la cl\u00e0usula 6, sense que en cap cas aquesta comunicaci\u00f3 comporti l\u2019obligaci\u00f3 de retirar l'enlla\u00e7 corresponent.<\/p>\n<p>L\u2019exist\u00e8ncia d\u2019enlla\u00e7os o links no ha de pressuposar l\u2019exist\u00e8ncia d\u2019acords amb els responsables o titulars d\u2019aquests enlla\u00e7os, ni la recomanaci\u00f3, promoci\u00f3 o identificaci\u00f3 de MICRORELLEUS amb les manifestacions, continguts o serveis prove\u00efts.<\/p>\n<p>MICRORELLEUS no coneix els continguts i serveis dels enlla\u00e7os o links i, per tant, no es fa responsable dels danys produ\u00efts per la il\u00b7licitud, qualitat, desactualitzaci\u00f3, indisponibilitat, error o inutilitat dels continguts i\/o serveis dels enlla\u00e7os o links ni de qualsevol altre dany que no sigui imputable directament a MICRORELLEUS.<\/p>\n<p><strong>8. Legislaci\u00f3 i jurisdicci\u00f3 aplicable<\/strong><\/p>\n<p>Aquestes condicions d\u2019acc\u00e9s queden subjectes a l\u2019ordenament jur\u00eddic espanyol. Per a la resoluci\u00f3 de qualsevol conflicte que pugui derivar-se de l'acc\u00e9s al lloc web, l'usuari i MICRORELLEUS acorden sotmetre's expressament als jutjats i tribunals de la ciutat de Sabadell (Barcelona), amb ren\u00fancia a qualsevol altre fur general o especial que els pugui correspondre.<\/p><\/div><\/div><\/div><\/div><\/div><div class=\"vce-col vce-col--md-16-66p vce-col--xs-1 vce-col--xs-last vce-col--xs-first vce-col--sm-last vce-col--sm-first vce-col--md-last vce-col--lg-last vce-col--xl-last\" id=\"el-d11db865\"><div class=\"vce-col-inner\" data-vce-do-apply=\"border margin background  el-d11db865\"><div class=\"vce-col-content\" data-vce-element-content=\"true\" data-vce-do-apply=\"padding el-d11db865\"><div><\/div><\/div><\/div><\/div><\/div><\/div><\/div>","protected":false},"excerpt":{"rendered":"<p>Av\u00eds legal 1. Empresa En compliment d\u2019all\u00f2 que disposa l\u2019article 10 de la Llei 34\/2002, d\u201911 de juliol, de serveis de la societat de la informaci\u00f3 i de comer\u00e7 electr\u00f2nic, a continuaci\u00f3 s\u2019exposen les dades identificatives de Microrelleus, S.L., titular dels drets de propietat intel\u00b7lectual i industrial: MICRORELLEUS, S.L.C. Pla de Fonollar, 5A08205 SabadellBarcelonaSpainTel.: 935 [&hellip;]<\/p>\n","protected":false},"author":1,"featured_media":0,"parent":0,"menu_order":0,"comment_status":"closed","ping_status":"closed","template":"","meta":{"_acf_changed":false,"footnotes":""},"class_list":["post-959","page","type-page","status-publish","hentry"],"acf":[],"yoast_head":"<!-- This site is optimized with the Yoast SEO plugin v27.4 - https:\/\/yoast.com\/product\/yoast-seo-wordpress\/ -->\n<title>Av\u00eds legal | Microrelleus<\/title>\n<meta name=\"robots\" content=\"noindex, follow\" \/>\n<meta property=\"og:locale\" content=\"ca_ES\" \/>\n<meta property=\"og:type\" content=\"article\" \/>\n<meta property=\"og:title\" content=\"Av\u00eds legal | Microrelleus\" \/>\n<meta property=\"og:description\" content=\"Av\u00eds legal 1. Empresa En compliment d\u2019all\u00f2 que disposa l\u2019article 10 de la Llei 34\/2002, d\u201911 de juliol, de serveis de la societat de la informaci\u00f3 i de comer\u00e7 electr\u00f2nic, a continuaci\u00f3 s\u2019exposen les dades identificatives de Microrelleus, S.L., titular dels drets de propietat intel\u00b7lectual i industrial: MICRORELLEUS, S.L.C. Pla de Fonollar, 5A08205 SabadellBarcelonaSpainTel.: 935 [&hellip;]\" \/>\n<meta property=\"og:url\" content=\"https:\/\/microrelleus.com\/ca\/avis-legal\/\" \/>\n<meta property=\"og:site_name\" content=\"Microrelleus\" \/>\n<meta property=\"article:modified_time\" content=\"2023-06-28T08:24:08+00:00\" \/>\n<meta name=\"twitter:card\" content=\"summary_large_image\" \/>\n<meta name=\"twitter:label1\" content=\"Est. reading time\" \/>\n\t<meta name=\"twitter:data1\" content=\"8 minutes\" \/>\n<script type=\"application\/ld+json\" class=\"yoast-schema-graph\">{\"@context\":\"https:\\\/\\\/schema.org\",\"@graph\":[{\"@type\":\"WebPage\",\"@id\":\"https:\\\/\\\/microrelleus.com\\\/ca\\\/avis-legal\\\/\",\"url\":\"https:\\\/\\\/microrelleus.com\\\/ca\\\/avis-legal\\\/\",\"name\":\"Av\u00eds legal | Microrelleus\",\"isPartOf\":{\"@id\":\"https:\\\/\\\/microrelleus.com\\\/ca\\\/#website\"},\"datePublished\":\"2023-04-05T14:02:03+00:00\",\"dateModified\":\"2023-06-28T08:24:08+00:00\",\"breadcrumb\":{\"@id\":\"https:\\\/\\\/microrelleus.com\\\/ca\\\/avis-legal\\\/#breadcrumb\"},\"inLanguage\":\"ca\",\"potentialAction\":[{\"@type\":\"ReadAction\",\"target\":[\"https:\\\/\\\/microrelleus.com\\\/ca\\\/avis-legal\\\/\"]}]},{\"@type\":\"BreadcrumbList\",\"@id\":\"https:\\\/\\\/microrelleus.com\\\/ca\\\/avis-legal\\\/#breadcrumb\",\"itemListElement\":[{\"@type\":\"ListItem\",\"position\":1,\"name\":\"Home\",\"item\":\"https:\\\/\\\/microrelleus.com\\\/ca\\\/\"},{\"@type\":\"ListItem\",\"position\":2,\"name\":\"Av\u00eds legal\"}]},{\"@type\":\"WebSite\",\"@id\":\"https:\\\/\\\/microrelleus.com\\\/ca\\\/#website\",\"url\":\"https:\\\/\\\/microrelleus.com\\\/ca\\\/\",\"name\":\"Microrelleus\",\"description\":\"Industrial engraving and laser texturing\",\"publisher\":{\"@id\":\"https:\\\/\\\/microrelleus.com\\\/ca\\\/#organization\"},\"potentialAction\":[{\"@type\":\"SearchAction\",\"target\":{\"@type\":\"EntryPoint\",\"urlTemplate\":\"https:\\\/\\\/microrelleus.com\\\/ca\\\/?s={search_term_string}\"},\"query-input\":{\"@type\":\"PropertyValueSpecification\",\"valueRequired\":true,\"valueName\":\"search_term_string\"}}],\"inLanguage\":\"ca\"},{\"@type\":\"Organization\",\"@id\":\"https:\\\/\\\/microrelleus.com\\\/ca\\\/#organization\",\"name\":\"Microrelleus\",\"url\":\"https:\\\/\\\/microrelleus.com\\\/ca\\\/\",\"logo\":{\"@type\":\"ImageObject\",\"inLanguage\":\"ca\",\"@id\":\"https:\\\/\\\/microrelleus.com\\\/ca\\\/#\\\/schema\\\/logo\\\/image\\\/\",\"url\":\"https:\\\/\\\/microrelleus.com\\\/wp\\\/wp-content\\\/uploads\\\/2023\\\/03\\\/logo-microrelleus.png\",\"contentUrl\":\"https:\\\/\\\/microrelleus.com\\\/wp\\\/wp-content\\\/uploads\\\/2023\\\/03\\\/logo-microrelleus.png\",\"width\":768,\"height\":112,\"caption\":\"Microrelleus\"},\"image\":{\"@id\":\"https:\\\/\\\/microrelleus.com\\\/ca\\\/#\\\/schema\\\/logo\\\/image\\\/\"},\"sameAs\":[\"https:\\\/\\\/www.youtube.com\\\/channel\\\/UC7gqjntoVh6fdql5NE23p0A\",\"https:\\\/\\\/www.instagram.com\\\/microrelleus\\\/\"]}]}<\/script>\n<!-- \/ Yoast SEO plugin. -->","yoast_head_json":{"title":"Av\u00eds legal | Microrelleus","robots":{"index":"noindex","follow":"follow"},"og_locale":"ca_ES","og_type":"article","og_title":"Av\u00eds legal | Microrelleus","og_description":"Av\u00eds legal 1. Empresa En compliment d\u2019all\u00f2 que disposa l\u2019article 10 de la Llei 34\/2002, d\u201911 de juliol, de serveis de la societat de la informaci\u00f3 i de comer\u00e7 electr\u00f2nic, a continuaci\u00f3 s\u2019exposen les dades identificatives de Microrelleus, S.L., titular dels drets de propietat intel\u00b7lectual i industrial: MICRORELLEUS, S.L.C. Pla de Fonollar, 5A08205 SabadellBarcelonaSpainTel.: 935 [&hellip;]","og_url":"https:\/\/microrelleus.com\/ca\/avis-legal\/","og_site_name":"Microrelleus","article_modified_time":"2023-06-28T08:24:08+00:00","twitter_card":"summary_large_image","twitter_misc":{"Est. reading time":"8 minutes"},"schema":{"@context":"https:\/\/schema.org","@graph":[{"@type":"WebPage","@id":"https:\/\/microrelleus.com\/ca\/avis-legal\/","url":"https:\/\/microrelleus.com\/ca\/avis-legal\/","name":"Av\u00eds legal | Microrelleus","isPartOf":{"@id":"https:\/\/microrelleus.com\/ca\/#website"},"datePublished":"2023-04-05T14:02:03+00:00","dateModified":"2023-06-28T08:24:08+00:00","breadcrumb":{"@id":"https:\/\/microrelleus.com\/ca\/avis-legal\/#breadcrumb"},"inLanguage":"ca","potentialAction":[{"@type":"ReadAction","target":["https:\/\/microrelleus.com\/ca\/avis-legal\/"]}]},{"@type":"BreadcrumbList","@id":"https:\/\/microrelleus.com\/ca\/avis-legal\/#breadcrumb","itemListElement":[{"@type":"ListItem","position":1,"name":"Home","item":"https:\/\/microrelleus.com\/ca\/"},{"@type":"ListItem","position":2,"name":"Av\u00eds legal"}]},{"@type":"WebSite","@id":"https:\/\/microrelleus.com\/ca\/#website","url":"https:\/\/microrelleus.com\/ca\/","name":"Microrelleus","description":"Industrial engraving and laser texturing","publisher":{"@id":"https:\/\/microrelleus.com\/ca\/#organization"},"potentialAction":[{"@type":"SearchAction","target":{"@type":"EntryPoint","urlTemplate":"https:\/\/microrelleus.com\/ca\/?s={search_term_string}"},"query-input":{"@type":"PropertyValueSpecification","valueRequired":true,"valueName":"search_term_string"}}],"inLanguage":"ca"},{"@type":"Organization","@id":"https:\/\/microrelleus.com\/ca\/#organization","name":"Microrelleus","url":"https:\/\/microrelleus.com\/ca\/","logo":{"@type":"ImageObject","inLanguage":"ca","@id":"https:\/\/microrelleus.com\/ca\/#\/schema\/logo\/image\/","url":"https:\/\/microrelleus.com\/wp\/wp-content\/uploads\/2023\/03\/logo-microrelleus.png","contentUrl":"https:\/\/microrelleus.com\/wp\/wp-content\/uploads\/2023\/03\/logo-microrelleus.png","width":768,"height":112,"caption":"Microrelleus"},"image":{"@id":"https:\/\/microrelleus.com\/ca\/#\/schema\/logo\/image\/"},"sameAs":["https:\/\/www.youtube.com\/channel\/UC7gqjntoVh6fdql5NE23p0A","https:\/\/www.instagram.com\/microrelleus\/"]}]}},"_links":{"self":[{"href":"https:\/\/microrelleus.com\/ca\/wp-json\/wp\/v2\/pages\/959","targetHints":{"allow":["GET"]}}],"collection":[{"href":"https:\/\/microrelleus.com\/ca\/wp-json\/wp\/v2\/pages"}],"about":[{"href":"https:\/\/microrelleus.com\/ca\/wp-json\/wp\/v2\/types\/page"}],"author":[{"embeddable":true,"href":"https:\/\/microrelleus.com\/ca\/wp-json\/wp\/v2\/users\/1"}],"replies":[{"embeddable":true,"href":"https:\/\/microrelleus.com\/ca\/wp-json\/wp\/v2\/comments?post=959"}],"version-history":[{"count":4,"href":"https:\/\/microrelleus.com\/ca\/wp-json\/wp\/v2\/pages\/959\/revisions"}],"predecessor-version":[{"id":1217,"href":"https:\/\/microrelleus.com\/ca\/wp-json\/wp\/v2\/pages\/959\/revisions\/1217"}],"wp:attachment":[{"href":"https:\/\/microrelleus.com\/ca\/wp-json\/wp\/v2\/media?parent=959"}],"curies":[{"name":"wp","href":"https:\/\/api.w.org\/{rel}","templated":true}]}}