{"id":1116,"date":"2023-04-25T12:57:09","date_gmt":"2023-04-25T10:57:09","guid":{"rendered":"https:\/\/microrelleus.com\/investigacion-y-desarrollo-laser\/cir\/"},"modified":"2023-05-29T17:02:50","modified_gmt":"2023-05-29T15:02:50","slug":"cir","status":"publish","type":"page","link":"https:\/\/microrelleus.com\/es\/investigacion-desarrollo-laser\/cir\/","title":{"rendered":"CIR"},"content":{"rendered":"<div class=\"vce-row-container\" data-vce-boxed-width=\"true\"><div class=\"vce-row vce-row--col-gap-30 vce-row-equal-height vce-row-content--top\" id=\"el-7125cc4c\" data-vce-do-apply=\"all el-7125cc4c\"><div class=\"vce-content-background-container\"><\/div><div class=\"vce-row-content\" data-vce-element-content=\"true\"><div class=\"vce-col vce-col--md-auto vce-col--xs-1 vce-col--xs-last vce-col--xs-first vce-col--sm-last vce-col--sm-first vce-col--md-last vce-col--lg-last vce-col--xl-last vce-col--md-first vce-col--lg-first vce-col--xl-first\" id=\"el-3941ba8f\"><div class=\"vce-col-inner\" data-vce-do-apply=\"border margin background  el-3941ba8f\"><div class=\"vce-col-content\" data-vce-element-content=\"true\" data-vce-do-apply=\"padding el-3941ba8f\"><div class=\"vce-text-block\"><div class=\"vce-text-block-wrapper vce\" id=\"el-a71a0ce2\" data-vce-do-apply=\"all el-a71a0ce2\"><h1>CIR<\/h1><\/div><\/div><\/div><\/div><\/div><\/div><\/div><\/div><div class=\"vce-row-container\" data-vce-boxed-width=\"true\"><div class=\"vce-row vce-row--col-gap-30 vce-row-equal-height vce-row-content--top\" id=\"el-b17ae622\" data-vce-do-apply=\"all el-b17ae622\"><div class=\"vce-content-background-container\"><\/div><div class=\"vce-row-content\" data-vce-element-content=\"true\"><div class=\"vce-col vce-col--xs-100p vce-col--xs-visible vce-col--xs-last vce-col--xs-first vce-col--sm-100p vce-col--sm-visible vce-col--sm-last vce-col--sm-first vce-col--md-100p vce-col--md-visible vce-col--md-last vce-col--md-first vce-col--lg-auto vce-col--lg-visible vce-col--lg-first vce-col--xl-auto vce-col--xl-visible vce-col--xl-first\" id=\"el-6b347b57\"><div class=\"vce-col-inner\" data-vce-do-apply=\"border margin background  el-6b347b57\"><div class=\"vce-col-content\" data-vce-element-content=\"true\" data-vce-do-apply=\"padding el-6b347b57\"><div class=\"vce-text-block\"><div class=\"vce-text-block-wrapper vce\" id=\"el-7e475107\" data-vce-do-apply=\"all el-7e475107\"><p>Microrelleus ha obtenido acreditaci\u00f3n del Ministerio de Investigaci\u00f3n Franc\u00e9s para el cr\u00e9dito fiscal de investigaci\u00f3n franc\u00e9s (Cr\u00e9dit d\u2019Imp\u00f4t Recherche, CIR). La acreditaci\u00f3n permite a empresas Francesas beneficiarse de deducciones fiscales significativas en investigaciones llevadas a cabo por Microrelleus.<\/p><p>Esto significa que Microrelleus es reconocido como una empresa de servicios de investigaci\u00f3n innovadores para empresas en Francia. Los clientes franceses de Microrelleus pueden ahora solicitar una deducci\u00f3n fiscal del 30% en sus gastos de I+D externalizados.<\/p><p><span style=\"color: #e73e25;\"><a style=\"color: #e73e25;\" href=\"https:\/\/microrelleus.com\/es\/investigacion-y-desarrollo-laser\/\">&lt; Volver a I+D<\/a><\/span><\/p><\/div><\/div><\/div><\/div><\/div><div class=\"vce-col vce-col--xs-100p vce-col--xs-visible vce-col--xs-last vce-col--xs-first vce-col--sm-100p vce-col--sm-visible vce-col--sm-last vce-col--sm-first vce-col--md-100p vce-col--md-visible vce-col--md-last vce-col--md-first vce-col--lg-auto vce-col--lg-visible vce-col--lg-last vce-col--xl-auto vce-col--xl-visible vce-col--xl-last\" id=\"el-a3e5de3b\"><div class=\"vce-col-inner\" data-vce-do-apply=\"border margin background  el-a3e5de3b\"><div class=\"vce-col-content\" data-vce-element-content=\"true\" data-vce-do-apply=\"padding el-a3e5de3b\"><div class=\"vce-single-image-container vce-single-image--align-center\"><div class=\"vce vce-single-image-wrapper\" id=\"el-680a9766\" data-vce-do-apply=\"all el-680a9766\"><figure><div class=\"vce-single-image-figure-inner\" style=\"width: 600px;\"><div class=\"vce-single-image-inner vce-single-image--absolute\" style=\"width: 100%; padding-bottom: 37%;\"><img decoding=\"async\" class=\"vce-single-image\" src=\"https:\/\/microrelleus.com\/wp\/wp-content\/uploads\/2023\/04\/cir.jpg\" data-img-src=\"https:\/\/microrelleus.com\/wp\/wp-content\/uploads\/2023\/04\/cir.jpg\" data-attachment-id=\"486\" alt=\"\" title=\"cir\"><\/div><\/div><figcaption hidden=\"\"><\/figcaption><\/figure><\/div><\/div><\/div><\/div><\/div><\/div><\/div><\/div>\n","protected":false},"excerpt":{"rendered":"<p>CIRMicrorelleus ha obtenido acreditaci\u00f3n del Ministerio de Investigaci\u00f3n Franc\u00e9s para el cr\u00e9dito fiscal de investigaci\u00f3n franc\u00e9s (Cr\u00e9dit d\u2019Imp\u00f4t Recherche, CIR). La acreditaci\u00f3n permite a empresas Francesas beneficiarse de deducciones fiscales significativas en investigaciones llevadas a cabo por Microrelleus.Esto significa que Microrelleus es reconocido como una empresa de servicios de investigaci\u00f3n innovadores para empresas en Francia. [&hellip;]<\/p>\n","protected":false},"author":1,"featured_media":926,"parent":1105,"menu_order":0,"comment_status":"closed","ping_status":"closed","template":"","meta":{"_acf_changed":false,"footnotes":""},"class_list":["post-1116","page","type-page","status-publish","has-post-thumbnail","hentry"],"acf":[],"yoast_head":"<!-- This site is optimized with the Yoast SEO plugin v27.1.1 - https:\/\/yoast.com\/product\/yoast-seo-wordpress\/ -->\n<title>Acreditaci\u00f3n CIR del ministerio de investigaci\u00f3n Franc\u00e9s | Microrelleus<\/title>\n<meta name=\"description\" content=\"Microrelleus ha obtenido acreditaci\u00f3n del Ministerio de Investigaci\u00f3n Franc\u00e9s para el cr\u00e9dito fiscal de investigaci\u00f3n Franc\u00e9s (Cr\u00e9dit d\u2019Imp\u00f4t Recherche)\" \/>\n<meta name=\"robots\" content=\"index, follow, max-snippet:-1, max-image-preview:large, max-video-preview:-1\" \/>\n<link rel=\"canonical\" href=\"https:\/\/microrelleus.com\/es\/investigacion-desarrollo-laser\/cir\/\" \/>\n<meta property=\"og:locale\" content=\"es_ES\" \/>\n<meta property=\"og:type\" content=\"article\" \/>\n<meta property=\"og:title\" content=\"Acreditaci\u00f3n CIR del ministerio de investigaci\u00f3n Franc\u00e9s | Microrelleus\" \/>\n<meta property=\"og:description\" content=\"Microrelleus ha obtenido acreditaci\u00f3n del Ministerio de Investigaci\u00f3n Franc\u00e9s para el cr\u00e9dito fiscal de investigaci\u00f3n Franc\u00e9s (Cr\u00e9dit d\u2019Imp\u00f4t Recherche)\" \/>\n<meta property=\"og:url\" content=\"https:\/\/microrelleus.com\/es\/investigacion-desarrollo-laser\/cir\/\" \/>\n<meta property=\"og:site_name\" content=\"Microrelleus\" \/>\n<meta property=\"article:modified_time\" content=\"2023-05-29T15:02:50+00:00\" \/>\n<meta property=\"og:image\" content=\"https:\/\/microrelleus.com\/wp\/wp-content\/uploads\/2023\/04\/cir.jpg\" \/>\n\t<meta property=\"og:image:width\" content=\"600\" \/>\n\t<meta property=\"og:image:height\" content=\"222\" \/>\n\t<meta property=\"og:image:type\" content=\"image\/jpeg\" \/>\n<meta name=\"twitter:card\" content=\"summary_large_image\" \/>\n<meta name=\"twitter:label1\" content=\"Tiempo de lectura\" \/>\n\t<meta name=\"twitter:data1\" content=\"1 minuto\" \/>\n<script type=\"application\/ld+json\" class=\"yoast-schema-graph\">{\"@context\":\"https:\/\/schema.org\",\"@graph\":[{\"@type\":\"WebPage\",\"@id\":\"https:\/\/microrelleus.com\/es\/investigacion-desarrollo-laser\/cir\/\",\"url\":\"https:\/\/microrelleus.com\/es\/investigacion-desarrollo-laser\/cir\/\",\"name\":\"Acreditaci\u00f3n CIR del ministerio de investigaci\u00f3n Franc\u00e9s | Microrelleus\",\"isPartOf\":{\"@id\":\"https:\/\/microrelleus.com\/es\/#website\"},\"primaryImageOfPage\":{\"@id\":\"https:\/\/microrelleus.com\/es\/investigacion-desarrollo-laser\/cir\/#primaryimage\"},\"image\":{\"@id\":\"https:\/\/microrelleus.com\/es\/investigacion-desarrollo-laser\/cir\/#primaryimage\"},\"thumbnailUrl\":\"https:\/\/microrelleus.com\/wp\/wp-content\/uploads\/2023\/04\/cir.jpg\",\"datePublished\":\"2023-04-25T10:57:09+00:00\",\"dateModified\":\"2023-05-29T15:02:50+00:00\",\"description\":\"Microrelleus ha obtenido acreditaci\u00f3n del Ministerio de Investigaci\u00f3n Franc\u00e9s para el cr\u00e9dito fiscal de investigaci\u00f3n Franc\u00e9s (Cr\u00e9dit d\u2019Imp\u00f4t Recherche)\",\"breadcrumb\":{\"@id\":\"https:\/\/microrelleus.com\/es\/investigacion-desarrollo-laser\/cir\/#breadcrumb\"},\"inLanguage\":\"es\",\"potentialAction\":[{\"@type\":\"ReadAction\",\"target\":[\"https:\/\/microrelleus.com\/es\/investigacion-desarrollo-laser\/cir\/\"]}]},{\"@type\":\"ImageObject\",\"inLanguage\":\"es\",\"@id\":\"https:\/\/microrelleus.com\/es\/investigacion-desarrollo-laser\/cir\/#primaryimage\",\"url\":\"https:\/\/microrelleus.com\/wp\/wp-content\/uploads\/2023\/04\/cir.jpg\",\"contentUrl\":\"https:\/\/microrelleus.com\/wp\/wp-content\/uploads\/2023\/04\/cir.jpg\",\"width\":600,\"height\":222},{\"@type\":\"BreadcrumbList\",\"@id\":\"https:\/\/microrelleus.com\/es\/investigacion-desarrollo-laser\/cir\/#breadcrumb\",\"itemListElement\":[{\"@type\":\"ListItem\",\"position\":1,\"name\":\"Home\",\"item\":\"https:\/\/microrelleus.com\/es\/\"},{\"@type\":\"ListItem\",\"position\":2,\"name\":\"I+D\",\"item\":\"https:\/\/microrelleus.com\/es\/investigacion-desarrollo-laser\/\"},{\"@type\":\"ListItem\",\"position\":3,\"name\":\"CIR\"}]},{\"@type\":\"WebSite\",\"@id\":\"https:\/\/microrelleus.com\/es\/#website\",\"url\":\"https:\/\/microrelleus.com\/es\/\",\"name\":\"Microrelleus\",\"description\":\"Industrial engraving and laser texturing\",\"publisher\":{\"@id\":\"https:\/\/microrelleus.com\/es\/#organization\"},\"potentialAction\":[{\"@type\":\"SearchAction\",\"target\":{\"@type\":\"EntryPoint\",\"urlTemplate\":\"https:\/\/microrelleus.com\/es\/?s={search_term_string}\"},\"query-input\":{\"@type\":\"PropertyValueSpecification\",\"valueRequired\":true,\"valueName\":\"search_term_string\"}}],\"inLanguage\":\"es\"},{\"@type\":\"Organization\",\"@id\":\"https:\/\/microrelleus.com\/es\/#organization\",\"name\":\"Microrelleus\",\"url\":\"https:\/\/microrelleus.com\/es\/\",\"logo\":{\"@type\":\"ImageObject\",\"inLanguage\":\"es\",\"@id\":\"https:\/\/microrelleus.com\/es\/#\/schema\/logo\/image\/\",\"url\":\"https:\/\/microrelleus.com\/wp\/wp-content\/uploads\/2023\/03\/logo-microrelleus.png\",\"contentUrl\":\"https:\/\/microrelleus.com\/wp\/wp-content\/uploads\/2023\/03\/logo-microrelleus.png\",\"width\":768,\"height\":112,\"caption\":\"Microrelleus\"},\"image\":{\"@id\":\"https:\/\/microrelleus.com\/es\/#\/schema\/logo\/image\/\"},\"sameAs\":[\"https:\/\/www.youtube.com\/channel\/UC7gqjntoVh6fdql5NE23p0A\",\"https:\/\/www.instagram.com\/microrelleus\/\"]}]}<\/script>\n<!-- \/ Yoast SEO plugin. -->","yoast_head_json":{"title":"Acreditaci\u00f3n CIR del ministerio de investigaci\u00f3n Franc\u00e9s | Microrelleus","description":"Microrelleus ha obtenido acreditaci\u00f3n del Ministerio de Investigaci\u00f3n Franc\u00e9s para el cr\u00e9dito fiscal de investigaci\u00f3n Franc\u00e9s (Cr\u00e9dit d\u2019Imp\u00f4t Recherche)","robots":{"index":"index","follow":"follow","max-snippet":"max-snippet:-1","max-image-preview":"max-image-preview:large","max-video-preview":"max-video-preview:-1"},"canonical":"https:\/\/microrelleus.com\/es\/investigacion-desarrollo-laser\/cir\/","og_locale":"es_ES","og_type":"article","og_title":"Acreditaci\u00f3n CIR del ministerio de investigaci\u00f3n Franc\u00e9s | Microrelleus","og_description":"Microrelleus ha obtenido acreditaci\u00f3n del Ministerio de Investigaci\u00f3n Franc\u00e9s para el cr\u00e9dito fiscal de investigaci\u00f3n Franc\u00e9s (Cr\u00e9dit d\u2019Imp\u00f4t Recherche)","og_url":"https:\/\/microrelleus.com\/es\/investigacion-desarrollo-laser\/cir\/","og_site_name":"Microrelleus","article_modified_time":"2023-05-29T15:02:50+00:00","og_image":[{"width":600,"height":222,"url":"https:\/\/microrelleus.com\/wp\/wp-content\/uploads\/2023\/04\/cir.jpg","type":"image\/jpeg"}],"twitter_card":"summary_large_image","twitter_misc":{"Tiempo de lectura":"1 minuto"},"schema":{"@context":"https:\/\/schema.org","@graph":[{"@type":"WebPage","@id":"https:\/\/microrelleus.com\/es\/investigacion-desarrollo-laser\/cir\/","url":"https:\/\/microrelleus.com\/es\/investigacion-desarrollo-laser\/cir\/","name":"Acreditaci\u00f3n CIR del ministerio de investigaci\u00f3n Franc\u00e9s | Microrelleus","isPartOf":{"@id":"https:\/\/microrelleus.com\/es\/#website"},"primaryImageOfPage":{"@id":"https:\/\/microrelleus.com\/es\/investigacion-desarrollo-laser\/cir\/#primaryimage"},"image":{"@id":"https:\/\/microrelleus.com\/es\/investigacion-desarrollo-laser\/cir\/#primaryimage"},"thumbnailUrl":"https:\/\/microrelleus.com\/wp\/wp-content\/uploads\/2023\/04\/cir.jpg","datePublished":"2023-04-25T10:57:09+00:00","dateModified":"2023-05-29T15:02:50+00:00","description":"Microrelleus ha obtenido acreditaci\u00f3n del Ministerio de Investigaci\u00f3n Franc\u00e9s para el cr\u00e9dito fiscal de investigaci\u00f3n Franc\u00e9s (Cr\u00e9dit d\u2019Imp\u00f4t Recherche)","breadcrumb":{"@id":"https:\/\/microrelleus.com\/es\/investigacion-desarrollo-laser\/cir\/#breadcrumb"},"inLanguage":"es","potentialAction":[{"@type":"ReadAction","target":["https:\/\/microrelleus.com\/es\/investigacion-desarrollo-laser\/cir\/"]}]},{"@type":"ImageObject","inLanguage":"es","@id":"https:\/\/microrelleus.com\/es\/investigacion-desarrollo-laser\/cir\/#primaryimage","url":"https:\/\/microrelleus.com\/wp\/wp-content\/uploads\/2023\/04\/cir.jpg","contentUrl":"https:\/\/microrelleus.com\/wp\/wp-content\/uploads\/2023\/04\/cir.jpg","width":600,"height":222},{"@type":"BreadcrumbList","@id":"https:\/\/microrelleus.com\/es\/investigacion-desarrollo-laser\/cir\/#breadcrumb","itemListElement":[{"@type":"ListItem","position":1,"name":"Home","item":"https:\/\/microrelleus.com\/es\/"},{"@type":"ListItem","position":2,"name":"I+D","item":"https:\/\/microrelleus.com\/es\/investigacion-desarrollo-laser\/"},{"@type":"ListItem","position":3,"name":"CIR"}]},{"@type":"WebSite","@id":"https:\/\/microrelleus.com\/es\/#website","url":"https:\/\/microrelleus.com\/es\/","name":"Microrelleus","description":"Industrial engraving and laser texturing","publisher":{"@id":"https:\/\/microrelleus.com\/es\/#organization"},"potentialAction":[{"@type":"SearchAction","target":{"@type":"EntryPoint","urlTemplate":"https:\/\/microrelleus.com\/es\/?s={search_term_string}"},"query-input":{"@type":"PropertyValueSpecification","valueRequired":true,"valueName":"search_term_string"}}],"inLanguage":"es"},{"@type":"Organization","@id":"https:\/\/microrelleus.com\/es\/#organization","name":"Microrelleus","url":"https:\/\/microrelleus.com\/es\/","logo":{"@type":"ImageObject","inLanguage":"es","@id":"https:\/\/microrelleus.com\/es\/#\/schema\/logo\/image\/","url":"https:\/\/microrelleus.com\/wp\/wp-content\/uploads\/2023\/03\/logo-microrelleus.png","contentUrl":"https:\/\/microrelleus.com\/wp\/wp-content\/uploads\/2023\/03\/logo-microrelleus.png","width":768,"height":112,"caption":"Microrelleus"},"image":{"@id":"https:\/\/microrelleus.com\/es\/#\/schema\/logo\/image\/"},"sameAs":["https:\/\/www.youtube.com\/channel\/UC7gqjntoVh6fdql5NE23p0A","https:\/\/www.instagram.com\/microrelleus\/"]}]}},"_links":{"self":[{"href":"https:\/\/microrelleus.com\/es\/wp-json\/wp\/v2\/pages\/1116","targetHints":{"allow":["GET"]}}],"collection":[{"href":"https:\/\/microrelleus.com\/es\/wp-json\/wp\/v2\/pages"}],"about":[{"href":"https:\/\/microrelleus.com\/es\/wp-json\/wp\/v2\/types\/page"}],"author":[{"embeddable":true,"href":"https:\/\/microrelleus.com\/es\/wp-json\/wp\/v2\/users\/1"}],"replies":[{"embeddable":true,"href":"https:\/\/microrelleus.com\/es\/wp-json\/wp\/v2\/comments?post=1116"}],"version-history":[{"count":1,"href":"https:\/\/microrelleus.com\/es\/wp-json\/wp\/v2\/pages\/1116\/revisions"}],"predecessor-version":[{"id":1118,"href":"https:\/\/microrelleus.com\/es\/wp-json\/wp\/v2\/pages\/1116\/revisions\/1118"}],"up":[{"embeddable":true,"href":"https:\/\/microrelleus.com\/es\/wp-json\/wp\/v2\/pages\/1105"}],"wp:featuredmedia":[{"embeddable":true,"href":"https:\/\/microrelleus.com\/es\/wp-json\/wp\/v2\/media\/926"}],"wp:attachment":[{"href":"https:\/\/microrelleus.com\/es\/wp-json\/wp\/v2\/media?parent=1116"}],"curies":[{"name":"wp","href":"https:\/\/api.w.org\/{rel}","templated":true}]}}