{"id":1120,"date":"2023-04-25T13:02:34","date_gmt":"2023-04-25T11:02:34","guid":{"rendered":"https:\/\/microrelleus.com\/investigacion-y-desarrollo-laser\/plastfun\/"},"modified":"2025-02-24T09:21:36","modified_gmt":"2025-02-24T08:21:36","slug":"plastfun","status":"publish","type":"page","link":"https:\/\/microrelleus.com\/es\/investigacion-desarrollo-laser\/plastfun\/","title":{"rendered":"Plastfun"},"content":{"rendered":"<div class=\"vce-row-container\" data-vce-boxed-width=\"true\"><div class=\"vce-row vce-row--col-gap-30 vce-row-equal-height vce-row-content--top\" id=\"el-7125cc4c\" data-vce-do-apply=\"all el-7125cc4c\"><div class=\"vce-content-background-container\"><\/div><div class=\"vce-row-content\" data-vce-element-content=\"true\"><div class=\"vce-col vce-col--md-auto vce-col--xs-1 vce-col--xs-last vce-col--xs-first vce-col--sm-last vce-col--sm-first vce-col--md-last vce-col--lg-last vce-col--xl-last vce-col--md-first vce-col--lg-first vce-col--xl-first\" id=\"el-3941ba8f\"><div class=\"vce-col-inner\" data-vce-do-apply=\"border margin background  el-3941ba8f\"><div class=\"vce-col-content\" data-vce-element-content=\"true\" data-vce-do-apply=\"padding el-3941ba8f\"><div class=\"vce-text-block\"><div class=\"vce-text-block-wrapper vce\" id=\"el-a71a0ce2\" data-vce-do-apply=\"all el-a71a0ce2\"><h1>Plastfun<\/h1><\/div><\/div><\/div><\/div><\/div><\/div><\/div><\/div><div class=\"vce-row-container\" data-vce-boxed-width=\"true\"><div class=\"vce-row vce-row--col-gap-30 vce-row-equal-height vce-row-content--top\" id=\"el-b17ae622\" data-vce-do-apply=\"all el-b17ae622\"><div class=\"vce-content-background-container\"><\/div><div class=\"vce-row-content\" data-vce-element-content=\"true\"><div class=\"vce-col vce-col--xs-100p vce-col--xs-visible vce-col--xs-last vce-col--xs-first vce-col--sm-100p vce-col--sm-visible vce-col--sm-last vce-col--sm-first vce-col--md-100p vce-col--md-visible vce-col--md-last vce-col--md-first vce-col--lg-auto vce-col--lg-visible vce-col--lg-first vce-col--xl-auto vce-col--xl-visible vce-col--xl-first\" id=\"el-6b347b57\"><div class=\"vce-col-inner\" data-vce-do-apply=\"border margin background  el-6b347b57\"><div class=\"vce-col-content\" data-vce-element-content=\"true\" data-vce-do-apply=\"padding el-6b347b57\"><div class=\"vce-text-block\"><div class=\"vce-text-block-wrapper vce\" id=\"el-7e475107\" data-vce-do-apply=\"all el-7e475107\"><p>Microrelleus est\u00e1 involucrado en el proyecto PLASTFUN, con la comunidad de las Industrias del Futuro. Con un presupuesto de 16,5 millones de euros, la comunidad IdF persigue consolidar la innovaci\u00f3n en fabricaci\u00f3n sostenible y eficiente. Es parte del programa RIS3CAT, con m\u00e1s de 73 millones de euros invertidos en 32 proyectos. El presupuesto de la comunidad RIS3CAT proviene del Fondo Europeo de Desarrollo Regional de la Uni\u00f3n Europea.<\/p><p>Microrelleus es parte de las 32 empresas y 13 entidades, incluidas Universidades y Centros de Investigaci\u00f3n que son parte de la comunidad RIS3CAT IdF.<\/p><p>En el marco del proyecto PLASTFUN, Microrelleus trabaja en fabricar micro y nano estructuras en moldes para la replicaci\u00f3n en pl\u00e1stico para que el resultado final tenga alguna funcionalidad.<\/p><p><span style=\"color: #e73e25;\"><a style=\"color: #e73e25;\" href=\"https:\/\/microrelleus.com\/es\/investigacion-y-desarrollo-laser\/\">&lt; Volver a I+D<\/a><\/span><\/p><\/div><\/div><\/div><\/div><\/div><div class=\"vce-col vce-col--xs-100p vce-col--xs-visible vce-col--xs-last vce-col--xs-first vce-col--sm-100p vce-col--sm-visible vce-col--sm-last vce-col--sm-first vce-col--md-100p vce-col--md-visible vce-col--md-last vce-col--md-first vce-col--lg-auto vce-col--lg-visible vce-col--lg-last vce-col--xl-auto vce-col--xl-visible vce-col--xl-last\" id=\"el-a3e5de3b\"><div class=\"vce-col-inner\" data-vce-do-apply=\"border margin background  el-a3e5de3b\"><div class=\"vce-col-content\" data-vce-element-content=\"true\" data-vce-do-apply=\"padding el-a3e5de3b\"><div class=\"vce-single-image-container vce-single-image--align-center\"><div class=\"vce vce-single-image-wrapper\" id=\"el-f38d6689\" data-vce-do-apply=\"all el-f38d6689\"><figure><div class=\"vce-single-image-figure-inner\" style=\"width: 300px;\"><div class=\"vce-single-image-inner vce-single-image--absolute\" style=\"width: 100%; padding-bottom: 25.3333%;\"><img decoding=\"async\" class=\"vce-single-image\" src=\"https:\/\/microrelleus.com\/wp\/wp-content\/uploads\/2023\/04\/plastfun-eu.png\" data-img-src=\"https:\/\/microrelleus.com\/wp\/wp-content\/uploads\/2023\/04\/plastfun-eu.png\" data-attachment-id=\"491\" alt=\"\" title=\"plastfun-eu\"><\/div><\/div><figcaption hidden=\"\"><\/figcaption><\/figure><\/div><\/div><div class=\"vce-single-image-container vce-single-image--align-center\"><div class=\"vce vce-single-image-wrapper\" id=\"el-d2175f0e\" data-vce-do-apply=\"all el-d2175f0e\"><figure><div class=\"vce-single-image-figure-inner\" style=\"width: 300px;\"><div class=\"vce-single-image-inner vce-single-image--absolute\" style=\"width: 100%; padding-bottom: 29.3333%;\"><img decoding=\"async\" class=\"vce-single-image\" src=\"https:\/\/microrelleus.com\/wp\/wp-content\/uploads\/2023\/04\/plastfun-ris3cat.png\" data-img-src=\"https:\/\/microrelleus.com\/wp\/wp-content\/uploads\/2023\/04\/plastfun-ris3cat.png\" data-attachment-id=\"493\" alt=\"\" title=\"plastfun-ris3cat\"><\/div><\/div><figcaption hidden=\"\"><\/figcaption><\/figure><\/div><\/div><div class=\"vce-single-image-container vce-single-image--align-center\"><div class=\"vce vce-single-image-wrapper\" id=\"el-680a9766\" data-vce-do-apply=\"all el-680a9766\"><figure><div class=\"vce-single-image-figure-inner\" style=\"width: 300px;\"><div class=\"vce-single-image-inner vce-single-image--absolute\" style=\"width: 100%; padding-bottom: 26.6667%;\"><img decoding=\"async\" class=\"vce-single-image\" src=\"https:\/\/microrelleus.com\/wp\/wp-content\/uploads\/2023\/04\/plastfun-gene.png\" data-img-src=\"https:\/\/microrelleus.com\/wp\/wp-content\/uploads\/2023\/04\/plastfun-gene.png\" data-attachment-id=\"492\" alt=\"\" title=\"plastfun-gene\"><\/div><\/div><figcaption hidden=\"\"><\/figcaption><\/figure><\/div><\/div><\/div><\/div><\/div><\/div><\/div><\/div>\n","protected":false},"excerpt":{"rendered":"<p>PlastfunMicrorelleus est\u00e1 involucrado en el proyecto PLASTFUN, con la comunidad de las Industrias del Futuro. Con un presupuesto de 16,5 millones de euros, la comunidad IdF persigue consolidar la innovaci\u00f3n en fabricaci\u00f3n sostenible y eficiente. Es parte del programa RIS3CAT, con m\u00e1s de 73 millones de euros invertidos en 32 proyectos. El presupuesto de la [&hellip;]<\/p>\n","protected":false},"author":1,"featured_media":0,"parent":1105,"menu_order":0,"comment_status":"closed","ping_status":"closed","template":"","meta":{"_acf_changed":false,"footnotes":""},"class_list":["post-1120","page","type-page","status-publish","hentry"],"acf":[],"yoast_head":"<!-- This site is optimized with the Yoast SEO plugin v27.1.1 - https:\/\/yoast.com\/product\/yoast-seo-wordpress\/ -->\n<title>Microrelleus forma parte del proyecto Plastfun | Microrelleus<\/title>\n<meta name=\"description\" content=\"Microrelleus est\u00e1 involucrado en el proyecto PLASTFUN, con la comunidad de las Industrias del Futuro. Microrelleus trabaja en fabricar micro y nano estructuras\" \/>\n<meta name=\"robots\" content=\"index, follow, max-snippet:-1, max-image-preview:large, max-video-preview:-1\" \/>\n<link rel=\"canonical\" href=\"https:\/\/microrelleus.com\/es\/investigacion-desarrollo-laser\/plastfun\/\" \/>\n<meta property=\"og:locale\" content=\"es_ES\" \/>\n<meta property=\"og:type\" content=\"article\" \/>\n<meta property=\"og:title\" content=\"Microrelleus forma parte del proyecto Plastfun | Microrelleus\" \/>\n<meta property=\"og:description\" content=\"Microrelleus est\u00e1 involucrado en el proyecto PLASTFUN, con la comunidad de las Industrias del Futuro. Microrelleus trabaja en fabricar micro y nano estructuras\" \/>\n<meta property=\"og:url\" content=\"https:\/\/microrelleus.com\/es\/investigacion-desarrollo-laser\/plastfun\/\" \/>\n<meta property=\"og:site_name\" content=\"Microrelleus\" \/>\n<meta property=\"article:modified_time\" content=\"2025-02-24T08:21:36+00:00\" \/>\n<meta name=\"twitter:card\" content=\"summary_large_image\" \/>\n<meta name=\"twitter:label1\" content=\"Tiempo de lectura\" \/>\n\t<meta name=\"twitter:data1\" content=\"2 minutos\" \/>\n<script type=\"application\/ld+json\" class=\"yoast-schema-graph\">{\"@context\":\"https:\/\/schema.org\",\"@graph\":[{\"@type\":\"WebPage\",\"@id\":\"https:\/\/microrelleus.com\/es\/investigacion-desarrollo-laser\/plastfun\/\",\"url\":\"https:\/\/microrelleus.com\/es\/investigacion-desarrollo-laser\/plastfun\/\",\"name\":\"Microrelleus forma parte del proyecto Plastfun | Microrelleus\",\"isPartOf\":{\"@id\":\"https:\/\/microrelleus.com\/es\/#website\"},\"datePublished\":\"2023-04-25T11:02:34+00:00\",\"dateModified\":\"2025-02-24T08:21:36+00:00\",\"description\":\"Microrelleus est\u00e1 involucrado en el proyecto PLASTFUN, con la comunidad de las Industrias del Futuro. Microrelleus trabaja en fabricar micro y nano estructuras\",\"breadcrumb\":{\"@id\":\"https:\/\/microrelleus.com\/es\/investigacion-desarrollo-laser\/plastfun\/#breadcrumb\"},\"inLanguage\":\"es\",\"potentialAction\":[{\"@type\":\"ReadAction\",\"target\":[\"https:\/\/microrelleus.com\/es\/investigacion-desarrollo-laser\/plastfun\/\"]}]},{\"@type\":\"BreadcrumbList\",\"@id\":\"https:\/\/microrelleus.com\/es\/investigacion-desarrollo-laser\/plastfun\/#breadcrumb\",\"itemListElement\":[{\"@type\":\"ListItem\",\"position\":1,\"name\":\"Home\",\"item\":\"https:\/\/microrelleus.com\/es\/\"},{\"@type\":\"ListItem\",\"position\":2,\"name\":\"I+D\",\"item\":\"https:\/\/microrelleus.com\/es\/investigacion-desarrollo-laser\/\"},{\"@type\":\"ListItem\",\"position\":3,\"name\":\"Plastfun\"}]},{\"@type\":\"WebSite\",\"@id\":\"https:\/\/microrelleus.com\/es\/#website\",\"url\":\"https:\/\/microrelleus.com\/es\/\",\"name\":\"Microrelleus\",\"description\":\"Industrial engraving and laser texturing\",\"publisher\":{\"@id\":\"https:\/\/microrelleus.com\/es\/#organization\"},\"potentialAction\":[{\"@type\":\"SearchAction\",\"target\":{\"@type\":\"EntryPoint\",\"urlTemplate\":\"https:\/\/microrelleus.com\/es\/?s={search_term_string}\"},\"query-input\":{\"@type\":\"PropertyValueSpecification\",\"valueRequired\":true,\"valueName\":\"search_term_string\"}}],\"inLanguage\":\"es\"},{\"@type\":\"Organization\",\"@id\":\"https:\/\/microrelleus.com\/es\/#organization\",\"name\":\"Microrelleus\",\"url\":\"https:\/\/microrelleus.com\/es\/\",\"logo\":{\"@type\":\"ImageObject\",\"inLanguage\":\"es\",\"@id\":\"https:\/\/microrelleus.com\/es\/#\/schema\/logo\/image\/\",\"url\":\"https:\/\/microrelleus.com\/wp\/wp-content\/uploads\/2023\/03\/logo-microrelleus.png\",\"contentUrl\":\"https:\/\/microrelleus.com\/wp\/wp-content\/uploads\/2023\/03\/logo-microrelleus.png\",\"width\":768,\"height\":112,\"caption\":\"Microrelleus\"},\"image\":{\"@id\":\"https:\/\/microrelleus.com\/es\/#\/schema\/logo\/image\/\"},\"sameAs\":[\"https:\/\/www.youtube.com\/channel\/UC7gqjntoVh6fdql5NE23p0A\",\"https:\/\/www.instagram.com\/microrelleus\/\"]}]}<\/script>\n<!-- \/ Yoast SEO plugin. -->","yoast_head_json":{"title":"Microrelleus forma parte del proyecto Plastfun | Microrelleus","description":"Microrelleus est\u00e1 involucrado en el proyecto PLASTFUN, con la comunidad de las Industrias del Futuro. Microrelleus trabaja en fabricar micro y nano estructuras","robots":{"index":"index","follow":"follow","max-snippet":"max-snippet:-1","max-image-preview":"max-image-preview:large","max-video-preview":"max-video-preview:-1"},"canonical":"https:\/\/microrelleus.com\/es\/investigacion-desarrollo-laser\/plastfun\/","og_locale":"es_ES","og_type":"article","og_title":"Microrelleus forma parte del proyecto Plastfun | Microrelleus","og_description":"Microrelleus est\u00e1 involucrado en el proyecto PLASTFUN, con la comunidad de las Industrias del Futuro. Microrelleus trabaja en fabricar micro y nano estructuras","og_url":"https:\/\/microrelleus.com\/es\/investigacion-desarrollo-laser\/plastfun\/","og_site_name":"Microrelleus","article_modified_time":"2025-02-24T08:21:36+00:00","twitter_card":"summary_large_image","twitter_misc":{"Tiempo de lectura":"2 minutos"},"schema":{"@context":"https:\/\/schema.org","@graph":[{"@type":"WebPage","@id":"https:\/\/microrelleus.com\/es\/investigacion-desarrollo-laser\/plastfun\/","url":"https:\/\/microrelleus.com\/es\/investigacion-desarrollo-laser\/plastfun\/","name":"Microrelleus forma parte del proyecto Plastfun | Microrelleus","isPartOf":{"@id":"https:\/\/microrelleus.com\/es\/#website"},"datePublished":"2023-04-25T11:02:34+00:00","dateModified":"2025-02-24T08:21:36+00:00","description":"Microrelleus est\u00e1 involucrado en el proyecto PLASTFUN, con la comunidad de las Industrias del Futuro. Microrelleus trabaja en fabricar micro y nano estructuras","breadcrumb":{"@id":"https:\/\/microrelleus.com\/es\/investigacion-desarrollo-laser\/plastfun\/#breadcrumb"},"inLanguage":"es","potentialAction":[{"@type":"ReadAction","target":["https:\/\/microrelleus.com\/es\/investigacion-desarrollo-laser\/plastfun\/"]}]},{"@type":"BreadcrumbList","@id":"https:\/\/microrelleus.com\/es\/investigacion-desarrollo-laser\/plastfun\/#breadcrumb","itemListElement":[{"@type":"ListItem","position":1,"name":"Home","item":"https:\/\/microrelleus.com\/es\/"},{"@type":"ListItem","position":2,"name":"I+D","item":"https:\/\/microrelleus.com\/es\/investigacion-desarrollo-laser\/"},{"@type":"ListItem","position":3,"name":"Plastfun"}]},{"@type":"WebSite","@id":"https:\/\/microrelleus.com\/es\/#website","url":"https:\/\/microrelleus.com\/es\/","name":"Microrelleus","description":"Industrial engraving and laser texturing","publisher":{"@id":"https:\/\/microrelleus.com\/es\/#organization"},"potentialAction":[{"@type":"SearchAction","target":{"@type":"EntryPoint","urlTemplate":"https:\/\/microrelleus.com\/es\/?s={search_term_string}"},"query-input":{"@type":"PropertyValueSpecification","valueRequired":true,"valueName":"search_term_string"}}],"inLanguage":"es"},{"@type":"Organization","@id":"https:\/\/microrelleus.com\/es\/#organization","name":"Microrelleus","url":"https:\/\/microrelleus.com\/es\/","logo":{"@type":"ImageObject","inLanguage":"es","@id":"https:\/\/microrelleus.com\/es\/#\/schema\/logo\/image\/","url":"https:\/\/microrelleus.com\/wp\/wp-content\/uploads\/2023\/03\/logo-microrelleus.png","contentUrl":"https:\/\/microrelleus.com\/wp\/wp-content\/uploads\/2023\/03\/logo-microrelleus.png","width":768,"height":112,"caption":"Microrelleus"},"image":{"@id":"https:\/\/microrelleus.com\/es\/#\/schema\/logo\/image\/"},"sameAs":["https:\/\/www.youtube.com\/channel\/UC7gqjntoVh6fdql5NE23p0A","https:\/\/www.instagram.com\/microrelleus\/"]}]}},"_links":{"self":[{"href":"https:\/\/microrelleus.com\/es\/wp-json\/wp\/v2\/pages\/1120","targetHints":{"allow":["GET"]}}],"collection":[{"href":"https:\/\/microrelleus.com\/es\/wp-json\/wp\/v2\/pages"}],"about":[{"href":"https:\/\/microrelleus.com\/es\/wp-json\/wp\/v2\/types\/page"}],"author":[{"embeddable":true,"href":"https:\/\/microrelleus.com\/es\/wp-json\/wp\/v2\/users\/1"}],"replies":[{"embeddable":true,"href":"https:\/\/microrelleus.com\/es\/wp-json\/wp\/v2\/comments?post=1120"}],"version-history":[{"count":1,"href":"https:\/\/microrelleus.com\/es\/wp-json\/wp\/v2\/pages\/1120\/revisions"}],"predecessor-version":[{"id":1122,"href":"https:\/\/microrelleus.com\/es\/wp-json\/wp\/v2\/pages\/1120\/revisions\/1122"}],"up":[{"embeddable":true,"href":"https:\/\/microrelleus.com\/es\/wp-json\/wp\/v2\/pages\/1105"}],"wp:attachment":[{"href":"https:\/\/microrelleus.com\/es\/wp-json\/wp\/v2\/media?parent=1120"}],"curies":[{"name":"wp","href":"https:\/\/api.w.org\/{rel}","templated":true}]}}