{"id":1705,"date":"2024-10-24T09:38:49","date_gmt":"2024-10-24T07:38:49","guid":{"rendered":"https:\/\/microrelleus.com\/next-generation-eu\/"},"modified":"2024-10-24T09:38:49","modified_gmt":"2024-10-24T07:38:49","slug":"next-generation-eu","status":"publish","type":"page","link":"https:\/\/microrelleus.com\/es\/next-generation-eu\/","title":{"rendered":"Next Generation EU"},"content":{"rendered":"<div class=\"vce-row-container\" data-vce-boxed-width=\"true\"><div class=\"vce-row vce-row--col-gap-30 vce-row-equal-height vce-row-content--top\" id=\"el-ae2de13b\" data-vce-do-apply=\"all el-ae2de13b\"><div class=\"vce-row-content\" data-vce-element-content=\"true\"><div class=\"vce-col vce-col--md-16-66p vce-col--xs-1 vce-col--xs-last vce-col--xs-first vce-col--sm-last vce-col--sm-first vce-col--md-first vce-col--lg-first vce-col--xl-first\" id=\"el-74c5ba09\"><div class=\"vce-col-inner\" data-vce-do-apply=\"border margin background  el-74c5ba09\"><div class=\"vce-col-content\" data-vce-element-content=\"true\" data-vce-do-apply=\"padding el-74c5ba09\"><div class=\"vcv-row-control-wrapper\"><\/div><\/div><\/div><\/div><div class=\"vce-col vce-col--md-66-66p vce-col--xs-1 vce-col--xs-last vce-col--xs-first vce-col--sm-last vce-col--sm-first\" id=\"el-0c8df948\"><div class=\"vce-col-inner\" data-vce-do-apply=\"border margin background  el-0c8df948\"><div class=\"vce-col-content\" data-vce-element-content=\"true\" data-vce-do-apply=\"padding el-0c8df948\"><div class=\"vce-text-block\"><div class=\"vce-text-block-wrapper vce\" id=\"el-1b196a21\" data-vce-do-apply=\"all el-1b196a21\"><h1>EXPEDIENTE ICA025\/21\/027447<\/h1><\/div><\/div><div class=\"vce-single-image-container vce-single-image--align-left\"><div class=\"vce vce-single-image-wrapper\" id=\"el-91cc2efe\" data-vce-do-apply=\"all el-91cc2efe\"><figure><div class=\"vce-single-image-figure-inner\" style=\"width: 1024px;\"><div class=\"vce-single-image-inner vce-single-image--absolute\" style=\"width: 100%; padding-bottom: 70.9961%;\"><img loading=\"lazy\" decoding=\"async\" class=\"vce-single-image\"  width=\"1024\" height=\"727\" srcset=\"https:\/\/microrelleus.com\/wp\/wp-content\/uploads\/2024\/10\/nextgeneration-1-1024x728.jpg 1024w, https:\/\/microrelleus.com\/wp\/wp-content\/uploads\/2024\/10\/nextgeneration-1-320x227.jpg 320w, https:\/\/microrelleus.com\/wp\/wp-content\/uploads\/2024\/10\/nextgeneration-1-480x341.jpg 480w, https:\/\/microrelleus.com\/wp\/wp-content\/uploads\/2024\/10\/nextgeneration-1-800x569.jpg 800w\" src=\"https:\/\/microrelleus.com\/wp\/wp-content\/uploads\/2024\/10\/nextgeneration-1-1024x728.jpg\" data-img-src=\"https:\/\/microrelleus.com\/wp\/wp-content\/uploads\/2024\/10\/nextgeneration-1.jpg\" data-attachment-id=\"1700\"  alt=\"\" title=\"nextgeneration\" \/><\/div><\/div><figcaption hidden=\"\"><\/figcaption><\/figure><\/div><\/div><div class=\"vce-text-block\"><div class=\"vce-text-block-wrapper vce\" id=\"el-dfe6cb57\" data-vce-do-apply=\"all el-dfe6cb57\"><p>SARAGAR RELIEFS SL ha recibido una ayuda para su proyecto de autoconsumo \u201cInstal\u00b7laci\u00f3 fotovoltaica per autoconsum de 49,5 kWp\u201d, cofinanciada por el Mecanismo Europeo de Recuperaci\u00f3n y Resiliencia PRTR-Next Generation EU, coordinada por el Ministerio para la Transici\u00f3n Ecol\u00f3gica y el Reto Demogr\u00e1fico trav\u00e9s de IDAE y gestionada por las autonom\u00edas seg\u00fan el Real Decreto 477\/2021, con el objetivo de conseguir una econom\u00eda m\u00e1s limpia y sostenible. Se ha elaborado un proyecto de autoconsumo con fuentes de energ\u00eda renovable, consistente en una instalaci\u00f3n de placas fotovoltaicas en las instalaciones de SARAGAR RELIEFS SL en Sabadell (Barcelona). En este proyecto se han una potencia total de 49,50 kWp.<\/p><\/div><\/div><\/div><\/div><\/div><div class=\"vce-col vce-col--md-16-66p vce-col--xs-1 vce-col--xs-last vce-col--xs-first vce-col--sm-last vce-col--sm-first vce-col--md-last vce-col--lg-last vce-col--xl-last\" id=\"el-117577de\"><div class=\"vce-col-inner\" data-vce-do-apply=\"border margin background  el-117577de\"><div class=\"vce-col-content\" data-vce-element-content=\"true\" data-vce-do-apply=\"padding el-117577de\"><div class=\"vcv-row-control-wrapper\"><\/div><\/div><\/div><\/div><\/div><\/div><\/div>","protected":false},"excerpt":{"rendered":"<p>EXPEDIENTE ICA025\/21\/027447SARAGAR RELIEFS SL ha recibido una ayuda para su proyecto de autoconsumo \u201cInstal\u00b7laci\u00f3 fotovoltaica per autoconsum de 49,5 kWp\u201d, cofinanciada por el Mecanismo Europeo de Recuperaci\u00f3n y Resiliencia PRTR-Next Generation EU, coordinada por el Ministerio para la Transici\u00f3n Ecol\u00f3gica y el Reto Demogr\u00e1fico trav\u00e9s de IDAE y gestionada por las autonom\u00edas seg\u00fan el Real [&hellip;]<\/p>\n","protected":false},"author":1,"featured_media":0,"parent":0,"menu_order":0,"comment_status":"closed","ping_status":"closed","template":"","meta":{"_acf_changed":false,"footnotes":""},"class_list":["post-1705","page","type-page","status-publish","hentry"],"acf":[],"yoast_head":"<!-- This site is optimized with the Yoast SEO plugin v27.1.1 - https:\/\/yoast.com\/product\/yoast-seo-wordpress\/ -->\n<title>Next Generation EU | Microrelleus<\/title>\n<meta name=\"robots\" content=\"index, follow, max-snippet:-1, max-image-preview:large, max-video-preview:-1\" \/>\n<link rel=\"canonical\" href=\"https:\/\/microrelleus.com\/es\/next-generation-eu\/\" \/>\n<meta property=\"og:locale\" content=\"es_ES\" \/>\n<meta property=\"og:type\" content=\"article\" \/>\n<meta property=\"og:title\" content=\"Next Generation EU | Microrelleus\" \/>\n<meta property=\"og:description\" content=\"EXPEDIENTE ICA025\/21\/027447SARAGAR RELIEFS SL ha recibido una ayuda para su proyecto de autoconsumo \u201cInstal\u00b7laci\u00f3 fotovoltaica per autoconsum de 49,5 kWp\u201d, cofinanciada por el Mecanismo Europeo de Recuperaci\u00f3n y Resiliencia PRTR-Next Generation EU, coordinada por el Ministerio para la Transici\u00f3n Ecol\u00f3gica y el Reto Demogr\u00e1fico trav\u00e9s de IDAE y gestionada por las autonom\u00edas seg\u00fan el Real [&hellip;]\" \/>\n<meta property=\"og:url\" content=\"https:\/\/microrelleus.com\/es\/next-generation-eu\/\" \/>\n<meta property=\"og:site_name\" content=\"Microrelleus\" \/>\n<meta name=\"twitter:card\" content=\"summary_large_image\" \/>\n<meta name=\"twitter:label1\" content=\"Tiempo de lectura\" \/>\n\t<meta name=\"twitter:data1\" content=\"1 minuto\" \/>\n<script type=\"application\/ld+json\" class=\"yoast-schema-graph\">{\"@context\":\"https:\/\/schema.org\",\"@graph\":[{\"@type\":\"WebPage\",\"@id\":\"https:\/\/microrelleus.com\/es\/next-generation-eu\/\",\"url\":\"https:\/\/microrelleus.com\/es\/next-generation-eu\/\",\"name\":\"Next Generation EU | Microrelleus\",\"isPartOf\":{\"@id\":\"https:\/\/microrelleus.com\/es\/#website\"},\"datePublished\":\"2024-10-24T07:38:49+00:00\",\"breadcrumb\":{\"@id\":\"https:\/\/microrelleus.com\/es\/next-generation-eu\/#breadcrumb\"},\"inLanguage\":\"es\",\"potentialAction\":[{\"@type\":\"ReadAction\",\"target\":[\"https:\/\/microrelleus.com\/es\/next-generation-eu\/\"]}]},{\"@type\":\"BreadcrumbList\",\"@id\":\"https:\/\/microrelleus.com\/es\/next-generation-eu\/#breadcrumb\",\"itemListElement\":[{\"@type\":\"ListItem\",\"position\":1,\"name\":\"Home\",\"item\":\"https:\/\/microrelleus.com\/es\/\"},{\"@type\":\"ListItem\",\"position\":2,\"name\":\"Next Generation EU\"}]},{\"@type\":\"WebSite\",\"@id\":\"https:\/\/microrelleus.com\/es\/#website\",\"url\":\"https:\/\/microrelleus.com\/es\/\",\"name\":\"Microrelleus\",\"description\":\"Industrial engraving and laser texturing\",\"publisher\":{\"@id\":\"https:\/\/microrelleus.com\/es\/#organization\"},\"potentialAction\":[{\"@type\":\"SearchAction\",\"target\":{\"@type\":\"EntryPoint\",\"urlTemplate\":\"https:\/\/microrelleus.com\/es\/?s={search_term_string}\"},\"query-input\":{\"@type\":\"PropertyValueSpecification\",\"valueRequired\":true,\"valueName\":\"search_term_string\"}}],\"inLanguage\":\"es\"},{\"@type\":\"Organization\",\"@id\":\"https:\/\/microrelleus.com\/es\/#organization\",\"name\":\"Microrelleus\",\"url\":\"https:\/\/microrelleus.com\/es\/\",\"logo\":{\"@type\":\"ImageObject\",\"inLanguage\":\"es\",\"@id\":\"https:\/\/microrelleus.com\/es\/#\/schema\/logo\/image\/\",\"url\":\"https:\/\/microrelleus.com\/wp\/wp-content\/uploads\/2023\/03\/logo-microrelleus.png\",\"contentUrl\":\"https:\/\/microrelleus.com\/wp\/wp-content\/uploads\/2023\/03\/logo-microrelleus.png\",\"width\":768,\"height\":112,\"caption\":\"Microrelleus\"},\"image\":{\"@id\":\"https:\/\/microrelleus.com\/es\/#\/schema\/logo\/image\/\"},\"sameAs\":[\"https:\/\/www.youtube.com\/channel\/UC7gqjntoVh6fdql5NE23p0A\",\"https:\/\/www.instagram.com\/microrelleus\/\"]}]}<\/script>\n<!-- \/ Yoast SEO plugin. -->","yoast_head_json":{"title":"Next Generation EU | Microrelleus","robots":{"index":"index","follow":"follow","max-snippet":"max-snippet:-1","max-image-preview":"max-image-preview:large","max-video-preview":"max-video-preview:-1"},"canonical":"https:\/\/microrelleus.com\/es\/next-generation-eu\/","og_locale":"es_ES","og_type":"article","og_title":"Next Generation EU | Microrelleus","og_description":"EXPEDIENTE ICA025\/21\/027447SARAGAR RELIEFS SL ha recibido una ayuda para su proyecto de autoconsumo \u201cInstal\u00b7laci\u00f3 fotovoltaica per autoconsum de 49,5 kWp\u201d, cofinanciada por el Mecanismo Europeo de Recuperaci\u00f3n y Resiliencia PRTR-Next Generation EU, coordinada por el Ministerio para la Transici\u00f3n Ecol\u00f3gica y el Reto Demogr\u00e1fico trav\u00e9s de IDAE y gestionada por las autonom\u00edas seg\u00fan el Real [&hellip;]","og_url":"https:\/\/microrelleus.com\/es\/next-generation-eu\/","og_site_name":"Microrelleus","twitter_card":"summary_large_image","twitter_misc":{"Tiempo de lectura":"1 minuto"},"schema":{"@context":"https:\/\/schema.org","@graph":[{"@type":"WebPage","@id":"https:\/\/microrelleus.com\/es\/next-generation-eu\/","url":"https:\/\/microrelleus.com\/es\/next-generation-eu\/","name":"Next Generation EU | Microrelleus","isPartOf":{"@id":"https:\/\/microrelleus.com\/es\/#website"},"datePublished":"2024-10-24T07:38:49+00:00","breadcrumb":{"@id":"https:\/\/microrelleus.com\/es\/next-generation-eu\/#breadcrumb"},"inLanguage":"es","potentialAction":[{"@type":"ReadAction","target":["https:\/\/microrelleus.com\/es\/next-generation-eu\/"]}]},{"@type":"BreadcrumbList","@id":"https:\/\/microrelleus.com\/es\/next-generation-eu\/#breadcrumb","itemListElement":[{"@type":"ListItem","position":1,"name":"Home","item":"https:\/\/microrelleus.com\/es\/"},{"@type":"ListItem","position":2,"name":"Next Generation EU"}]},{"@type":"WebSite","@id":"https:\/\/microrelleus.com\/es\/#website","url":"https:\/\/microrelleus.com\/es\/","name":"Microrelleus","description":"Industrial engraving and laser texturing","publisher":{"@id":"https:\/\/microrelleus.com\/es\/#organization"},"potentialAction":[{"@type":"SearchAction","target":{"@type":"EntryPoint","urlTemplate":"https:\/\/microrelleus.com\/es\/?s={search_term_string}"},"query-input":{"@type":"PropertyValueSpecification","valueRequired":true,"valueName":"search_term_string"}}],"inLanguage":"es"},{"@type":"Organization","@id":"https:\/\/microrelleus.com\/es\/#organization","name":"Microrelleus","url":"https:\/\/microrelleus.com\/es\/","logo":{"@type":"ImageObject","inLanguage":"es","@id":"https:\/\/microrelleus.com\/es\/#\/schema\/logo\/image\/","url":"https:\/\/microrelleus.com\/wp\/wp-content\/uploads\/2023\/03\/logo-microrelleus.png","contentUrl":"https:\/\/microrelleus.com\/wp\/wp-content\/uploads\/2023\/03\/logo-microrelleus.png","width":768,"height":112,"caption":"Microrelleus"},"image":{"@id":"https:\/\/microrelleus.com\/es\/#\/schema\/logo\/image\/"},"sameAs":["https:\/\/www.youtube.com\/channel\/UC7gqjntoVh6fdql5NE23p0A","https:\/\/www.instagram.com\/microrelleus\/"]}]}},"_links":{"self":[{"href":"https:\/\/microrelleus.com\/es\/wp-json\/wp\/v2\/pages\/1705","targetHints":{"allow":["GET"]}}],"collection":[{"href":"https:\/\/microrelleus.com\/es\/wp-json\/wp\/v2\/pages"}],"about":[{"href":"https:\/\/microrelleus.com\/es\/wp-json\/wp\/v2\/types\/page"}],"author":[{"embeddable":true,"href":"https:\/\/microrelleus.com\/es\/wp-json\/wp\/v2\/users\/1"}],"replies":[{"embeddable":true,"href":"https:\/\/microrelleus.com\/es\/wp-json\/wp\/v2\/comments?post=1705"}],"version-history":[{"count":0,"href":"https:\/\/microrelleus.com\/es\/wp-json\/wp\/v2\/pages\/1705\/revisions"}],"wp:attachment":[{"href":"https:\/\/microrelleus.com\/es\/wp-json\/wp\/v2\/media?parent=1705"}],"curies":[{"name":"wp","href":"https:\/\/api.w.org\/{rel}","templated":true}]}}