{"id":2765,"date":"2025-11-25T11:09:17","date_gmt":"2025-11-25T10:09:17","guid":{"rendered":"https:\/\/microrelleus.com\/?page_id=2765"},"modified":"2025-11-25T11:13:57","modified_gmt":"2025-11-25T10:13:57","slug":"pyme-innovadora","status":"publish","type":"page","link":"https:\/\/microrelleus.com\/es\/investigacion-desarrollo-laser\/pyme-innovadora\/","title":{"rendered":"Pyme Innovadora"},"content":{"rendered":"<div class=\"vce-row-container\" data-vce-boxed-width=\"true\"><div class=\"vce-row vce-row--col-gap-30 vce-row-equal-height vce-row-content--top\" id=\"el-7125cc4c\" data-vce-do-apply=\"all el-7125cc4c\"><div class=\"vce-content-background-container\"><\/div><div class=\"vce-row-content\" data-vce-element-content=\"true\"><div class=\"vce-col vce-col--md-auto vce-col--xs-1 vce-col--xs-last vce-col--xs-first vce-col--sm-last vce-col--sm-first vce-col--md-last vce-col--lg-last vce-col--xl-last vce-col--md-first vce-col--lg-first vce-col--xl-first\" id=\"el-3941ba8f\"><div class=\"vce-col-inner\" data-vce-do-apply=\"border margin background  el-3941ba8f\"><div class=\"vce-col-content\" data-vce-element-content=\"true\" data-vce-do-apply=\"padding el-3941ba8f\"><div class=\"vce-text-block\"><div class=\"vce-text-block-wrapper vce\" id=\"el-a71a0ce2\" data-vce-do-apply=\"all el-a71a0ce2\"><h1>Pyme Innovadora<\/h1><\/div><\/div><\/div><\/div><\/div><\/div><\/div><\/div><div class=\"vce-row-container\" data-vce-boxed-width=\"true\"><div class=\"vce-row vce-row--col-gap-30 vce-row-equal-height vce-row-content--top\" id=\"el-b17ae622\" data-vce-do-apply=\"all el-b17ae622\"><div class=\"vce-content-background-container\"><\/div><div class=\"vce-row-content\" data-vce-element-content=\"true\"><div class=\"vce-col vce-col--xs-100p vce-col--xs-visible vce-col--xs-last vce-col--xs-first vce-col--sm-100p vce-col--sm-visible vce-col--sm-last vce-col--sm-first vce-col--md-100p vce-col--md-visible vce-col--md-last vce-col--md-first vce-col--lg-auto vce-col--lg-visible vce-col--lg-first vce-col--xl-auto vce-col--xl-visible vce-col--xl-first\" id=\"el-6b347b57\"><div class=\"vce-col-inner\" data-vce-do-apply=\"border margin background  el-6b347b57\"><div class=\"vce-col-content\" data-vce-element-content=\"true\" data-vce-do-apply=\"padding el-6b347b57\"><div class=\"vce-text-block\"><div class=\"vce-text-block-wrapper vce\" id=\"el-7e475107\" data-vce-do-apply=\"all el-7e475107\"><p>Microrelleus obtiene el sello de Pyme Innovadora del Ministerio de Ciencia, Innovaci\u00f3n y Universidades. Este prestigioso sello reconoce a las empresas que demuestran una inversi\u00f3n continuada en I+D, poseen patentes o se benefician de incentivos fiscales para la innovaci\u00f3n.<\/p><p><span style=\"color: #e73e25;\"><a style=\"color: #e73e25;\" href=\"https:\/\/microrelleus.com\/es\/investigacion-y-desarrollo-laser\/\">&lt; Volver a I+D<\/a><\/span><\/p><\/div><\/div><\/div><\/div><\/div><div class=\"vce-col vce-col--xs-100p vce-col--xs-visible vce-col--xs-last vce-col--xs-first vce-col--sm-100p vce-col--sm-visible vce-col--sm-last vce-col--sm-first vce-col--md-100p vce-col--md-visible vce-col--md-last vce-col--md-first vce-col--lg-auto vce-col--lg-visible vce-col--lg-last vce-col--xl-auto vce-col--xl-visible vce-col--xl-last\" id=\"el-a3e5de3b\"><div class=\"vce-col-inner\" data-vce-do-apply=\"border margin background  el-a3e5de3b\"><div class=\"vce-col-content\" data-vce-element-content=\"true\" data-vce-do-apply=\"padding el-a3e5de3b\"><div class=\"vce-single-image-container vce-single-image--align-center\"><div class=\"vce vce-single-image-wrapper\" id=\"el-680a9766\" data-vce-do-apply=\"all el-680a9766\"><figure><div class=\"vce-single-image-figure-inner\" style=\"width: 215px;\"><div class=\"vce-single-image-inner vce-single-image--absolute\" style=\"width: 100%; padding-bottom: 139.535%;\"><img loading=\"lazy\" decoding=\"async\" class=\"vce-single-image\"  width=\"215\" height=\"300\" srcset=\"https:\/\/microrelleus.com\/wp\/wp-content\/uploads\/2025\/11\/pyme-innovadora-es-215x300.png 215w\" src=\"https:\/\/microrelleus.com\/wp\/wp-content\/uploads\/2025\/11\/pyme-innovadora-es-215x300.png\" data-img-src=\"https:\/\/microrelleus.com\/wp\/wp-content\/uploads\/2025\/07\/pyme-innovadora-es.png\" data-attachment-id=\"2426\"  alt=\"\" title=\"pyme-innovadora-es\" \/><\/div><\/div><figcaption hidden=\"\"><\/figcaption><\/figure><\/div><\/div><\/div><\/div><\/div><\/div><\/div><\/div>\n","protected":false},"excerpt":{"rendered":"<p>Pyme InnovadoraMicrorelleus obtiene el sello de Pyme Innovadora del Ministerio de Ciencia, Innovaci\u00f3n y Universidades. Este prestigioso sello reconoce a las empresas que demuestran una inversi\u00f3n continuada en I+D, poseen patentes o se benefician de incentivos fiscales para la innovaci\u00f3n.&lt; Volver a I+D<\/p>\n","protected":false},"author":1,"featured_media":2426,"parent":1105,"menu_order":0,"comment_status":"closed","ping_status":"closed","template":"","meta":{"_acf_changed":false,"footnotes":""},"class_list":["post-2765","page","type-page","status-publish","has-post-thumbnail","hentry"],"acf":[],"yoast_head":"<!-- This site is optimized with the Yoast SEO plugin v27.1.1 - https:\/\/yoast.com\/product\/yoast-seo-wordpress\/ -->\n<title>Microrelleus obtuvo en 2020 la ayuda de Actphast | Microrelleus<\/title>\n<meta name=\"description\" content=\"Microrelleus obtuvo la ayuda de Actphast para su proyecto de I+D en la industria automotriz de la iluminaci\u00f3n utilizando la tecnolog\u00eda de l\u00e1ser de femtosegundo\" \/>\n<meta name=\"robots\" content=\"index, follow, max-snippet:-1, max-image-preview:large, max-video-preview:-1\" \/>\n<link rel=\"canonical\" href=\"https:\/\/microrelleus.com\/es\/investigacion-desarrollo-laser\/pyme-innovadora\/\" \/>\n<meta property=\"og:locale\" content=\"es_ES\" \/>\n<meta property=\"og:type\" content=\"article\" \/>\n<meta property=\"og:title\" content=\"Microrelleus obtuvo en 2020 la ayuda de Actphast | Microrelleus\" \/>\n<meta property=\"og:description\" content=\"Microrelleus obtuvo la ayuda de Actphast para su proyecto de I+D en la industria automotriz de la iluminaci\u00f3n utilizando la tecnolog\u00eda de l\u00e1ser de femtosegundo\" \/>\n<meta property=\"og:url\" content=\"https:\/\/microrelleus.com\/es\/investigacion-desarrollo-laser\/pyme-innovadora\/\" \/>\n<meta property=\"og:site_name\" content=\"Microrelleus\" \/>\n<meta property=\"article:modified_time\" content=\"2025-11-25T10:13:57+00:00\" \/>\n<meta property=\"og:image\" content=\"https:\/\/microrelleus.com\/wp\/wp-content\/uploads\/2025\/07\/pyme-innovadora-es.png\" \/>\n\t<meta property=\"og:image:width\" content=\"300\" \/>\n\t<meta property=\"og:image:height\" content=\"417\" \/>\n\t<meta property=\"og:image:type\" content=\"image\/png\" \/>\n<meta name=\"twitter:card\" content=\"summary_large_image\" \/>\n<meta name=\"twitter:label1\" content=\"Tiempo de lectura\" \/>\n\t<meta name=\"twitter:data1\" content=\"1 minuto\" \/>\n<script type=\"application\/ld+json\" class=\"yoast-schema-graph\">{\"@context\":\"https:\/\/schema.org\",\"@graph\":[{\"@type\":\"WebPage\",\"@id\":\"https:\/\/microrelleus.com\/es\/investigacion-desarrollo-laser\/pyme-innovadora\/\",\"url\":\"https:\/\/microrelleus.com\/es\/investigacion-desarrollo-laser\/pyme-innovadora\/\",\"name\":\"Microrelleus obtuvo en 2020 la ayuda de Actphast | Microrelleus\",\"isPartOf\":{\"@id\":\"https:\/\/microrelleus.com\/es\/#website\"},\"primaryImageOfPage\":{\"@id\":\"https:\/\/microrelleus.com\/es\/investigacion-desarrollo-laser\/pyme-innovadora\/#primaryimage\"},\"image\":{\"@id\":\"https:\/\/microrelleus.com\/es\/investigacion-desarrollo-laser\/pyme-innovadora\/#primaryimage\"},\"thumbnailUrl\":\"https:\/\/microrelleus.com\/wp\/wp-content\/uploads\/2025\/07\/pyme-innovadora-es.png\",\"datePublished\":\"2025-11-25T10:09:17+00:00\",\"dateModified\":\"2025-11-25T10:13:57+00:00\",\"description\":\"Microrelleus obtuvo la ayuda de Actphast para su proyecto de I+D en la industria automotriz de la iluminaci\u00f3n utilizando la tecnolog\u00eda de l\u00e1ser de femtosegundo\",\"breadcrumb\":{\"@id\":\"https:\/\/microrelleus.com\/es\/investigacion-desarrollo-laser\/pyme-innovadora\/#breadcrumb\"},\"inLanguage\":\"es\",\"potentialAction\":[{\"@type\":\"ReadAction\",\"target\":[\"https:\/\/microrelleus.com\/es\/investigacion-desarrollo-laser\/pyme-innovadora\/\"]}]},{\"@type\":\"ImageObject\",\"inLanguage\":\"es\",\"@id\":\"https:\/\/microrelleus.com\/es\/investigacion-desarrollo-laser\/pyme-innovadora\/#primaryimage\",\"url\":\"https:\/\/microrelleus.com\/wp\/wp-content\/uploads\/2025\/07\/pyme-innovadora-es.png\",\"contentUrl\":\"https:\/\/microrelleus.com\/wp\/wp-content\/uploads\/2025\/07\/pyme-innovadora-es.png\",\"width\":300,\"height\":417},{\"@type\":\"BreadcrumbList\",\"@id\":\"https:\/\/microrelleus.com\/es\/investigacion-desarrollo-laser\/pyme-innovadora\/#breadcrumb\",\"itemListElement\":[{\"@type\":\"ListItem\",\"position\":1,\"name\":\"Home\",\"item\":\"https:\/\/microrelleus.com\/es\/\"},{\"@type\":\"ListItem\",\"position\":2,\"name\":\"I+D\",\"item\":\"https:\/\/microrelleus.com\/es\/investigacion-desarrollo-laser\/\"},{\"@type\":\"ListItem\",\"position\":3,\"name\":\"Pyme Innovadora\"}]},{\"@type\":\"WebSite\",\"@id\":\"https:\/\/microrelleus.com\/es\/#website\",\"url\":\"https:\/\/microrelleus.com\/es\/\",\"name\":\"Microrelleus\",\"description\":\"Industrial engraving and laser texturing\",\"publisher\":{\"@id\":\"https:\/\/microrelleus.com\/es\/#organization\"},\"potentialAction\":[{\"@type\":\"SearchAction\",\"target\":{\"@type\":\"EntryPoint\",\"urlTemplate\":\"https:\/\/microrelleus.com\/es\/?s={search_term_string}\"},\"query-input\":{\"@type\":\"PropertyValueSpecification\",\"valueRequired\":true,\"valueName\":\"search_term_string\"}}],\"inLanguage\":\"es\"},{\"@type\":\"Organization\",\"@id\":\"https:\/\/microrelleus.com\/es\/#organization\",\"name\":\"Microrelleus\",\"url\":\"https:\/\/microrelleus.com\/es\/\",\"logo\":{\"@type\":\"ImageObject\",\"inLanguage\":\"es\",\"@id\":\"https:\/\/microrelleus.com\/es\/#\/schema\/logo\/image\/\",\"url\":\"https:\/\/microrelleus.com\/wp\/wp-content\/uploads\/2023\/03\/logo-microrelleus.png\",\"contentUrl\":\"https:\/\/microrelleus.com\/wp\/wp-content\/uploads\/2023\/03\/logo-microrelleus.png\",\"width\":768,\"height\":112,\"caption\":\"Microrelleus\"},\"image\":{\"@id\":\"https:\/\/microrelleus.com\/es\/#\/schema\/logo\/image\/\"},\"sameAs\":[\"https:\/\/www.youtube.com\/channel\/UC7gqjntoVh6fdql5NE23p0A\",\"https:\/\/www.instagram.com\/microrelleus\/\"]}]}<\/script>\n<!-- \/ Yoast SEO plugin. -->","yoast_head_json":{"title":"Microrelleus obtuvo en 2020 la ayuda de Actphast | Microrelleus","description":"Microrelleus obtuvo la ayuda de Actphast para su proyecto de I+D en la industria automotriz de la iluminaci\u00f3n utilizando la tecnolog\u00eda de l\u00e1ser de femtosegundo","robots":{"index":"index","follow":"follow","max-snippet":"max-snippet:-1","max-image-preview":"max-image-preview:large","max-video-preview":"max-video-preview:-1"},"canonical":"https:\/\/microrelleus.com\/es\/investigacion-desarrollo-laser\/pyme-innovadora\/","og_locale":"es_ES","og_type":"article","og_title":"Microrelleus obtuvo en 2020 la ayuda de Actphast | Microrelleus","og_description":"Microrelleus obtuvo la ayuda de Actphast para su proyecto de I+D en la industria automotriz de la iluminaci\u00f3n utilizando la tecnolog\u00eda de l\u00e1ser de femtosegundo","og_url":"https:\/\/microrelleus.com\/es\/investigacion-desarrollo-laser\/pyme-innovadora\/","og_site_name":"Microrelleus","article_modified_time":"2025-11-25T10:13:57+00:00","og_image":[{"width":300,"height":417,"url":"https:\/\/microrelleus.com\/wp\/wp-content\/uploads\/2025\/07\/pyme-innovadora-es.png","type":"image\/png"}],"twitter_card":"summary_large_image","twitter_misc":{"Tiempo de lectura":"1 minuto"},"schema":{"@context":"https:\/\/schema.org","@graph":[{"@type":"WebPage","@id":"https:\/\/microrelleus.com\/es\/investigacion-desarrollo-laser\/pyme-innovadora\/","url":"https:\/\/microrelleus.com\/es\/investigacion-desarrollo-laser\/pyme-innovadora\/","name":"Microrelleus obtuvo en 2020 la ayuda de Actphast | Microrelleus","isPartOf":{"@id":"https:\/\/microrelleus.com\/es\/#website"},"primaryImageOfPage":{"@id":"https:\/\/microrelleus.com\/es\/investigacion-desarrollo-laser\/pyme-innovadora\/#primaryimage"},"image":{"@id":"https:\/\/microrelleus.com\/es\/investigacion-desarrollo-laser\/pyme-innovadora\/#primaryimage"},"thumbnailUrl":"https:\/\/microrelleus.com\/wp\/wp-content\/uploads\/2025\/07\/pyme-innovadora-es.png","datePublished":"2025-11-25T10:09:17+00:00","dateModified":"2025-11-25T10:13:57+00:00","description":"Microrelleus obtuvo la ayuda de Actphast para su proyecto de I+D en la industria automotriz de la iluminaci\u00f3n utilizando la tecnolog\u00eda de l\u00e1ser de femtosegundo","breadcrumb":{"@id":"https:\/\/microrelleus.com\/es\/investigacion-desarrollo-laser\/pyme-innovadora\/#breadcrumb"},"inLanguage":"es","potentialAction":[{"@type":"ReadAction","target":["https:\/\/microrelleus.com\/es\/investigacion-desarrollo-laser\/pyme-innovadora\/"]}]},{"@type":"ImageObject","inLanguage":"es","@id":"https:\/\/microrelleus.com\/es\/investigacion-desarrollo-laser\/pyme-innovadora\/#primaryimage","url":"https:\/\/microrelleus.com\/wp\/wp-content\/uploads\/2025\/07\/pyme-innovadora-es.png","contentUrl":"https:\/\/microrelleus.com\/wp\/wp-content\/uploads\/2025\/07\/pyme-innovadora-es.png","width":300,"height":417},{"@type":"BreadcrumbList","@id":"https:\/\/microrelleus.com\/es\/investigacion-desarrollo-laser\/pyme-innovadora\/#breadcrumb","itemListElement":[{"@type":"ListItem","position":1,"name":"Home","item":"https:\/\/microrelleus.com\/es\/"},{"@type":"ListItem","position":2,"name":"I+D","item":"https:\/\/microrelleus.com\/es\/investigacion-desarrollo-laser\/"},{"@type":"ListItem","position":3,"name":"Pyme Innovadora"}]},{"@type":"WebSite","@id":"https:\/\/microrelleus.com\/es\/#website","url":"https:\/\/microrelleus.com\/es\/","name":"Microrelleus","description":"Industrial engraving and laser texturing","publisher":{"@id":"https:\/\/microrelleus.com\/es\/#organization"},"potentialAction":[{"@type":"SearchAction","target":{"@type":"EntryPoint","urlTemplate":"https:\/\/microrelleus.com\/es\/?s={search_term_string}"},"query-input":{"@type":"PropertyValueSpecification","valueRequired":true,"valueName":"search_term_string"}}],"inLanguage":"es"},{"@type":"Organization","@id":"https:\/\/microrelleus.com\/es\/#organization","name":"Microrelleus","url":"https:\/\/microrelleus.com\/es\/","logo":{"@type":"ImageObject","inLanguage":"es","@id":"https:\/\/microrelleus.com\/es\/#\/schema\/logo\/image\/","url":"https:\/\/microrelleus.com\/wp\/wp-content\/uploads\/2023\/03\/logo-microrelleus.png","contentUrl":"https:\/\/microrelleus.com\/wp\/wp-content\/uploads\/2023\/03\/logo-microrelleus.png","width":768,"height":112,"caption":"Microrelleus"},"image":{"@id":"https:\/\/microrelleus.com\/es\/#\/schema\/logo\/image\/"},"sameAs":["https:\/\/www.youtube.com\/channel\/UC7gqjntoVh6fdql5NE23p0A","https:\/\/www.instagram.com\/microrelleus\/"]}]}},"_links":{"self":[{"href":"https:\/\/microrelleus.com\/es\/wp-json\/wp\/v2\/pages\/2765","targetHints":{"allow":["GET"]}}],"collection":[{"href":"https:\/\/microrelleus.com\/es\/wp-json\/wp\/v2\/pages"}],"about":[{"href":"https:\/\/microrelleus.com\/es\/wp-json\/wp\/v2\/types\/page"}],"author":[{"embeddable":true,"href":"https:\/\/microrelleus.com\/es\/wp-json\/wp\/v2\/users\/1"}],"replies":[{"embeddable":true,"href":"https:\/\/microrelleus.com\/es\/wp-json\/wp\/v2\/comments?post=2765"}],"version-history":[{"count":2,"href":"https:\/\/microrelleus.com\/es\/wp-json\/wp\/v2\/pages\/2765\/revisions"}],"predecessor-version":[{"id":2769,"href":"https:\/\/microrelleus.com\/es\/wp-json\/wp\/v2\/pages\/2765\/revisions\/2769"}],"up":[{"embeddable":true,"href":"https:\/\/microrelleus.com\/es\/wp-json\/wp\/v2\/pages\/1105"}],"wp:featuredmedia":[{"embeddable":true,"href":"https:\/\/microrelleus.com\/es\/wp-json\/wp\/v2\/media\/2426"}],"wp:attachment":[{"href":"https:\/\/microrelleus.com\/es\/wp-json\/wp\/v2\/media?parent=2765"}],"curies":[{"name":"wp","href":"https:\/\/api.w.org\/{rel}","templated":true}]}}