{"id":2774,"date":"2025-11-25T11:22:03","date_gmt":"2025-11-25T10:22:03","guid":{"rendered":"https:\/\/microrelleus.com\/?page_id=2774"},"modified":"2025-11-25T11:32:38","modified_gmt":"2025-11-25T10:32:38","slug":"ieee-y-spie","status":"publish","type":"page","link":"https:\/\/microrelleus.com\/es\/investigacion-desarrollo-laser\/ieee-y-spie\/","title":{"rendered":"IEEE y SPIE"},"content":{"rendered":"\r\n<div class=\"vce-row-container\" data-vce-boxed-width=\"true\">\r\n<div id=\"el-7125cc4c\" class=\"vce-row vce-row--col-gap-30 vce-row-equal-height vce-row-content--top\" data-vce-do-apply=\"all el-7125cc4c\">\r\n<div class=\"vce-content-background-container\"><\/div>\r\n<div class=\"vce-row-content\" data-vce-element-content=\"true\">\r\n\r\n\r\n<div id=\"el-3941ba8f\" class=\"vce-col vce-col--md-auto vce-col--xs-1 vce-col--xs-last vce-col--xs-first vce-col--sm-last vce-col--sm-first vce-col--md-last vce-col--lg-last vce-col--xl-last vce-col--md-first vce-col--lg-first vce-col--xl-first\">\r\n<div class=\"vce-col-inner\" data-vce-do-apply=\"border margin background el-3941ba8f\">\r\n<div class=\"vce-col-content\" data-vce-element-content=\"true\" data-vce-do-apply=\"padding el-3941ba8f\">\r\n\r\n\r\n<div class=\"vce-text-block\">\r\n<div id=\"el-a71a0ce2\" class=\"vce-text-block-wrapper vce\" data-vce-do-apply=\"all el-a71a0ce2\">\r\n<h1>IEEE y SPIE<\/h1>\r\n<\/div>\r\n<\/div>\r\n\r\n\r\n<\/div>\r\n<\/div>\r\n<\/div>\r\n\r\n\r\n<\/div>\r\n<\/div>\r\n<\/div>\r\n\r\n<div class=\"vce-row-container\" data-vce-boxed-width=\"true\">\r\n<div id=\"el-b17ae622\" class=\"vce-row vce-row--col-gap-30 vce-row-equal-height vce-row-content--top\" data-vce-do-apply=\"all el-b17ae622\">\r\n<div class=\"vce-content-background-container\"><\/div>\r\n<div class=\"vce-row-content\" data-vce-element-content=\"true\">\r\n\r\n\r\n<div id=\"el-6b347b57\" class=\"vce-col vce-col--xs-100p vce-col--xs-visible vce-col--xs-last vce-col--xs-first vce-col--sm-100p vce-col--sm-visible vce-col--sm-last vce-col--sm-first vce-col--md-100p vce-col--md-visible vce-col--md-last vce-col--md-first vce-col--lg-auto vce-col--lg-visible vce-col--lg-first vce-col--xl-auto vce-col--xl-visible vce-col--xl-first\">\r\n<div class=\"vce-col-inner\" data-vce-do-apply=\"border margin background el-6b347b57\">\r\n<div class=\"vce-col-content\" data-vce-element-content=\"true\" data-vce-do-apply=\"padding el-6b347b57\">\r\n\r\n\r\n<div class=\"vce-text-block\">\r\n<div id=\"el-7e475107\" class=\"vce-text-block-wrapper vce\" data-vce-do-apply=\"all el-7e475107\">\r\n\r\nMicrorelleus contribuy\u00f3 a proyectos publicados por IEEE y SPIE, aplicando su experiencia en l\u00e1ser de femtosegundo para grabar una red de difracci\u00f3n reflectante en aluminio, dise\u00f1ada para operar en torno a ~3,3 THz en instrumentaci\u00f3n para el espacio profundo. Nuestro proceso l\u00e1ser de 5 ejes proporcion\u00f3 una calidad superficial excepcional y una eficiencia de difracci\u00f3n superior al 85%, favoreciendo la polarizaci\u00f3n TM para un rendimiento \u00f3ptico optimizado.\r\n\r\n<strong>Toda la informaci\u00f3n en los siguientes enlaces:<\/strong>\r\n\r\n<a href=\"https:\/\/www.spiedigitallibrary.org\/conference-proceedings-of-spie\/12994\/1299408\/Reflective-diffraction-grating-operating-around-33-THz-for-space-applications\/10.1117\/12.3016978.short\" target=\"_blank\" rel=\"noopener\">Reflective diffraction grating operating around 3,3 THz for space applications<\/a>\r\n\r\n<a href=\"https:\/\/ieeexplore.ieee.org\/document\/10746638\" target=\"_blank\" rel=\"noopener\">Experimental Analysis of the Spectral Reflectivity of Metallic Blazed Diffraction Gratings in the THz Range for Space Instrumentation | IEEE Journals &amp; Magazine | IEEE Xplore<\/a>\r\n\r\n<span style=\"color: #e73e25;\"><a style=\"color: #e73e25;\" href=\"https:\/\/microrelleus.com\/es\/investigacion-y-desarrollo-laser\/\">&lt; Volver a I+D<\/a><\/span>\r\n\r\n<\/div>\r\n<\/div>\r\n\r\n\r\n<\/div>\r\n<\/div>\r\n<\/div>\r\n\r\n<div id=\"el-a3e5de3b\" class=\"vce-col vce-col--xs-100p vce-col--xs-visible vce-col--xs-last vce-col--xs-first vce-col--sm-100p vce-col--sm-visible vce-col--sm-last vce-col--sm-first vce-col--md-100p vce-col--md-visible vce-col--md-last vce-col--md-first vce-col--lg-auto vce-col--lg-visible vce-col--lg-last vce-col--xl-auto vce-col--xl-visible vce-col--xl-last\">\r\n<div class=\"vce-col-inner\" data-vce-do-apply=\"border margin background el-a3e5de3b\">\r\n<div class=\"vce-col-content\" data-vce-element-content=\"true\" data-vce-do-apply=\"padding el-a3e5de3b\">\r\n\r\n\r\n<div class=\"vce-single-image-container vce-single-image--align-center\">\r\n<div id=\"el-680a9766\" class=\"vce vce-single-image-wrapper\" data-vce-do-apply=\"all el-680a9766\">\r\n<figure>\r\n<div class=\"vce-single-image-figure-inner\" style=\"width: 810px;\">\r\n<div class=\"vce-single-image-inner vce-single-image--absolute\" style=\"width: 100%; padding-bottom: 119.877%;\"><img loading=\"lazy\" decoding=\"async\" class=\"vce-single-image\" title=\"Imatge post\" src=\"https:\/\/microrelleus.com\/wp\/wp-content\/uploads\/2025\/11\/Imatge-post-810x971.png\" srcset=\"https:\/\/microrelleus.com\/wp\/wp-content\/uploads\/2025\/11\/Imatge-post-320x384.png 320w, https:\/\/microrelleus.com\/wp\/wp-content\/uploads\/2025\/11\/Imatge-post-480x575.png 480w, https:\/\/microrelleus.com\/wp\/wp-content\/uploads\/2025\/11\/Imatge-post-800x959.png 800w, https:\/\/microrelleus.com\/wp\/wp-content\/uploads\/2025\/11\/Imatge-post-810x971.png 810w\" alt=\"\" width=\"810\" height=\"971\" data-img-src=\"https:\/\/microrelleus.com\/wp\/wp-content\/uploads\/2025\/11\/Imatge-post.png\" data-attachment-id=\"2778\" \/><\/div>\r\n<\/div>\r\n<figcaption hidden=\"\"><\/figcaption><\/figure>\r\n<\/div>\r\n<\/div>\r\n\r\n\r\n<\/div>\r\n<\/div>\r\n<\/div>\r\n\r\n\r\n<\/div>\r\n<\/div>\r\n<\/div>\r\n\n","protected":false},"excerpt":{"rendered":"<p>IEEE y SPIE Microrelleus contribuy\u00f3 a proyectos publicados por IEEE y SPIE, aplicando su experiencia en l\u00e1ser de femtosegundo para grabar una red de difracci\u00f3n reflectante en aluminio, dise\u00f1ada para operar en torno a ~3,3 THz en instrumentaci\u00f3n para el espacio profundo. Nuestro proceso l\u00e1ser de 5 ejes proporcion\u00f3 una calidad superficial excepcional y una [&hellip;]<\/p>\n","protected":false},"author":1,"featured_media":2778,"parent":1105,"menu_order":0,"comment_status":"closed","ping_status":"closed","template":"","meta":{"_acf_changed":false,"footnotes":""},"class_list":["post-2774","page","type-page","status-publish","has-post-thumbnail","hentry"],"acf":[],"yoast_head":"<!-- This site is optimized with the Yoast SEO plugin v27.4 - https:\/\/yoast.com\/product\/yoast-seo-wordpress\/ -->\n<title>Microrelleus obtuvo en 2020 la ayuda de Actphast | Microrelleus<\/title>\n<meta name=\"description\" content=\"Microrelleus obtuvo la ayuda de Actphast para su proyecto de I+D en la industria automotriz de la iluminaci\u00f3n utilizando la tecnolog\u00eda de l\u00e1ser de femtosegundo\" \/>\n<meta name=\"robots\" content=\"index, follow, max-snippet:-1, max-image-preview:large, max-video-preview:-1\" \/>\n<link rel=\"canonical\" href=\"https:\/\/microrelleus.com\/es\/investigacion-desarrollo-laser\/ieee-y-spie\/\" \/>\n<meta property=\"og:locale\" content=\"es_ES\" \/>\n<meta property=\"og:type\" content=\"article\" \/>\n<meta property=\"og:title\" content=\"Microrelleus obtuvo en 2020 la ayuda de Actphast | Microrelleus\" \/>\n<meta property=\"og:description\" content=\"Microrelleus obtuvo la ayuda de Actphast para su proyecto de I+D en la industria automotriz de la iluminaci\u00f3n utilizando la tecnolog\u00eda de l\u00e1ser de femtosegundo\" \/>\n<meta property=\"og:url\" content=\"https:\/\/microrelleus.com\/es\/investigacion-desarrollo-laser\/ieee-y-spie\/\" \/>\n<meta property=\"og:site_name\" content=\"Microrelleus\" \/>\n<meta property=\"article:modified_time\" content=\"2025-11-25T10:32:38+00:00\" \/>\n<meta property=\"og:image\" content=\"https:\/\/microrelleus.com\/wp\/wp-content\/uploads\/2025\/11\/Imatge-post.png\" \/>\n\t<meta property=\"og:image:width\" content=\"810\" \/>\n\t<meta property=\"og:image:height\" content=\"971\" \/>\n\t<meta property=\"og:image:type\" content=\"image\/png\" \/>\n<meta name=\"twitter:card\" content=\"summary_large_image\" \/>\n<meta name=\"twitter:label1\" content=\"Tiempo de lectura\" \/>\n\t<meta name=\"twitter:data1\" content=\"1 minuto\" \/>\n<script type=\"application\/ld+json\" class=\"yoast-schema-graph\">{\"@context\":\"https:\\\/\\\/schema.org\",\"@graph\":[{\"@type\":\"WebPage\",\"@id\":\"https:\\\/\\\/microrelleus.com\\\/es\\\/investigacion-desarrollo-laser\\\/ieee-y-spie\\\/\",\"url\":\"https:\\\/\\\/microrelleus.com\\\/es\\\/investigacion-desarrollo-laser\\\/ieee-y-spie\\\/\",\"name\":\"Microrelleus obtuvo en 2020 la ayuda de Actphast | Microrelleus\",\"isPartOf\":{\"@id\":\"https:\\\/\\\/microrelleus.com\\\/es\\\/#website\"},\"primaryImageOfPage\":{\"@id\":\"https:\\\/\\\/microrelleus.com\\\/es\\\/investigacion-desarrollo-laser\\\/ieee-y-spie\\\/#primaryimage\"},\"image\":{\"@id\":\"https:\\\/\\\/microrelleus.com\\\/es\\\/investigacion-desarrollo-laser\\\/ieee-y-spie\\\/#primaryimage\"},\"thumbnailUrl\":\"https:\\\/\\\/microrelleus.com\\\/wp\\\/wp-content\\\/uploads\\\/2025\\\/11\\\/Imatge-post.png\",\"datePublished\":\"2025-11-25T10:22:03+00:00\",\"dateModified\":\"2025-11-25T10:32:38+00:00\",\"description\":\"Microrelleus obtuvo la ayuda de Actphast para su proyecto de I+D en la industria automotriz de la iluminaci\u00f3n utilizando la tecnolog\u00eda de l\u00e1ser de femtosegundo\",\"breadcrumb\":{\"@id\":\"https:\\\/\\\/microrelleus.com\\\/es\\\/investigacion-desarrollo-laser\\\/ieee-y-spie\\\/#breadcrumb\"},\"inLanguage\":\"es\",\"potentialAction\":[{\"@type\":\"ReadAction\",\"target\":[\"https:\\\/\\\/microrelleus.com\\\/es\\\/investigacion-desarrollo-laser\\\/ieee-y-spie\\\/\"]}]},{\"@type\":\"ImageObject\",\"inLanguage\":\"es\",\"@id\":\"https:\\\/\\\/microrelleus.com\\\/es\\\/investigacion-desarrollo-laser\\\/ieee-y-spie\\\/#primaryimage\",\"url\":\"https:\\\/\\\/microrelleus.com\\\/wp\\\/wp-content\\\/uploads\\\/2025\\\/11\\\/Imatge-post.png\",\"contentUrl\":\"https:\\\/\\\/microrelleus.com\\\/wp\\\/wp-content\\\/uploads\\\/2025\\\/11\\\/Imatge-post.png\",\"width\":810,\"height\":971},{\"@type\":\"BreadcrumbList\",\"@id\":\"https:\\\/\\\/microrelleus.com\\\/es\\\/investigacion-desarrollo-laser\\\/ieee-y-spie\\\/#breadcrumb\",\"itemListElement\":[{\"@type\":\"ListItem\",\"position\":1,\"name\":\"Home\",\"item\":\"https:\\\/\\\/microrelleus.com\\\/es\\\/\"},{\"@type\":\"ListItem\",\"position\":2,\"name\":\"I+D\",\"item\":\"https:\\\/\\\/microrelleus.com\\\/es\\\/investigacion-desarrollo-laser\\\/\"},{\"@type\":\"ListItem\",\"position\":3,\"name\":\"IEEE y SPIE\"}]},{\"@type\":\"WebSite\",\"@id\":\"https:\\\/\\\/microrelleus.com\\\/es\\\/#website\",\"url\":\"https:\\\/\\\/microrelleus.com\\\/es\\\/\",\"name\":\"Microrelleus\",\"description\":\"Industrial engraving and laser texturing\",\"publisher\":{\"@id\":\"https:\\\/\\\/microrelleus.com\\\/es\\\/#organization\"},\"potentialAction\":[{\"@type\":\"SearchAction\",\"target\":{\"@type\":\"EntryPoint\",\"urlTemplate\":\"https:\\\/\\\/microrelleus.com\\\/es\\\/?s={search_term_string}\"},\"query-input\":{\"@type\":\"PropertyValueSpecification\",\"valueRequired\":true,\"valueName\":\"search_term_string\"}}],\"inLanguage\":\"es\"},{\"@type\":\"Organization\",\"@id\":\"https:\\\/\\\/microrelleus.com\\\/es\\\/#organization\",\"name\":\"Microrelleus\",\"url\":\"https:\\\/\\\/microrelleus.com\\\/es\\\/\",\"logo\":{\"@type\":\"ImageObject\",\"inLanguage\":\"es\",\"@id\":\"https:\\\/\\\/microrelleus.com\\\/es\\\/#\\\/schema\\\/logo\\\/image\\\/\",\"url\":\"https:\\\/\\\/microrelleus.com\\\/wp\\\/wp-content\\\/uploads\\\/2023\\\/03\\\/logo-microrelleus.png\",\"contentUrl\":\"https:\\\/\\\/microrelleus.com\\\/wp\\\/wp-content\\\/uploads\\\/2023\\\/03\\\/logo-microrelleus.png\",\"width\":768,\"height\":112,\"caption\":\"Microrelleus\"},\"image\":{\"@id\":\"https:\\\/\\\/microrelleus.com\\\/es\\\/#\\\/schema\\\/logo\\\/image\\\/\"},\"sameAs\":[\"https:\\\/\\\/www.youtube.com\\\/channel\\\/UC7gqjntoVh6fdql5NE23p0A\",\"https:\\\/\\\/www.instagram.com\\\/microrelleus\\\/\"]}]}<\/script>\n<!-- \/ Yoast SEO plugin. -->","yoast_head_json":{"title":"Microrelleus obtuvo en 2020 la ayuda de Actphast | Microrelleus","description":"Microrelleus obtuvo la ayuda de Actphast para su proyecto de I+D en la industria automotriz de la iluminaci\u00f3n utilizando la tecnolog\u00eda de l\u00e1ser de femtosegundo","robots":{"index":"index","follow":"follow","max-snippet":"max-snippet:-1","max-image-preview":"max-image-preview:large","max-video-preview":"max-video-preview:-1"},"canonical":"https:\/\/microrelleus.com\/es\/investigacion-desarrollo-laser\/ieee-y-spie\/","og_locale":"es_ES","og_type":"article","og_title":"Microrelleus obtuvo en 2020 la ayuda de Actphast | Microrelleus","og_description":"Microrelleus obtuvo la ayuda de Actphast para su proyecto de I+D en la industria automotriz de la iluminaci\u00f3n utilizando la tecnolog\u00eda de l\u00e1ser de femtosegundo","og_url":"https:\/\/microrelleus.com\/es\/investigacion-desarrollo-laser\/ieee-y-spie\/","og_site_name":"Microrelleus","article_modified_time":"2025-11-25T10:32:38+00:00","og_image":[{"width":810,"height":971,"url":"https:\/\/microrelleus.com\/wp\/wp-content\/uploads\/2025\/11\/Imatge-post.png","type":"image\/png"}],"twitter_card":"summary_large_image","twitter_misc":{"Tiempo de lectura":"1 minuto"},"schema":{"@context":"https:\/\/schema.org","@graph":[{"@type":"WebPage","@id":"https:\/\/microrelleus.com\/es\/investigacion-desarrollo-laser\/ieee-y-spie\/","url":"https:\/\/microrelleus.com\/es\/investigacion-desarrollo-laser\/ieee-y-spie\/","name":"Microrelleus obtuvo en 2020 la ayuda de Actphast | Microrelleus","isPartOf":{"@id":"https:\/\/microrelleus.com\/es\/#website"},"primaryImageOfPage":{"@id":"https:\/\/microrelleus.com\/es\/investigacion-desarrollo-laser\/ieee-y-spie\/#primaryimage"},"image":{"@id":"https:\/\/microrelleus.com\/es\/investigacion-desarrollo-laser\/ieee-y-spie\/#primaryimage"},"thumbnailUrl":"https:\/\/microrelleus.com\/wp\/wp-content\/uploads\/2025\/11\/Imatge-post.png","datePublished":"2025-11-25T10:22:03+00:00","dateModified":"2025-11-25T10:32:38+00:00","description":"Microrelleus obtuvo la ayuda de Actphast para su proyecto de I+D en la industria automotriz de la iluminaci\u00f3n utilizando la tecnolog\u00eda de l\u00e1ser de femtosegundo","breadcrumb":{"@id":"https:\/\/microrelleus.com\/es\/investigacion-desarrollo-laser\/ieee-y-spie\/#breadcrumb"},"inLanguage":"es","potentialAction":[{"@type":"ReadAction","target":["https:\/\/microrelleus.com\/es\/investigacion-desarrollo-laser\/ieee-y-spie\/"]}]},{"@type":"ImageObject","inLanguage":"es","@id":"https:\/\/microrelleus.com\/es\/investigacion-desarrollo-laser\/ieee-y-spie\/#primaryimage","url":"https:\/\/microrelleus.com\/wp\/wp-content\/uploads\/2025\/11\/Imatge-post.png","contentUrl":"https:\/\/microrelleus.com\/wp\/wp-content\/uploads\/2025\/11\/Imatge-post.png","width":810,"height":971},{"@type":"BreadcrumbList","@id":"https:\/\/microrelleus.com\/es\/investigacion-desarrollo-laser\/ieee-y-spie\/#breadcrumb","itemListElement":[{"@type":"ListItem","position":1,"name":"Home","item":"https:\/\/microrelleus.com\/es\/"},{"@type":"ListItem","position":2,"name":"I+D","item":"https:\/\/microrelleus.com\/es\/investigacion-desarrollo-laser\/"},{"@type":"ListItem","position":3,"name":"IEEE y SPIE"}]},{"@type":"WebSite","@id":"https:\/\/microrelleus.com\/es\/#website","url":"https:\/\/microrelleus.com\/es\/","name":"Microrelleus","description":"Industrial engraving and laser texturing","publisher":{"@id":"https:\/\/microrelleus.com\/es\/#organization"},"potentialAction":[{"@type":"SearchAction","target":{"@type":"EntryPoint","urlTemplate":"https:\/\/microrelleus.com\/es\/?s={search_term_string}"},"query-input":{"@type":"PropertyValueSpecification","valueRequired":true,"valueName":"search_term_string"}}],"inLanguage":"es"},{"@type":"Organization","@id":"https:\/\/microrelleus.com\/es\/#organization","name":"Microrelleus","url":"https:\/\/microrelleus.com\/es\/","logo":{"@type":"ImageObject","inLanguage":"es","@id":"https:\/\/microrelleus.com\/es\/#\/schema\/logo\/image\/","url":"https:\/\/microrelleus.com\/wp\/wp-content\/uploads\/2023\/03\/logo-microrelleus.png","contentUrl":"https:\/\/microrelleus.com\/wp\/wp-content\/uploads\/2023\/03\/logo-microrelleus.png","width":768,"height":112,"caption":"Microrelleus"},"image":{"@id":"https:\/\/microrelleus.com\/es\/#\/schema\/logo\/image\/"},"sameAs":["https:\/\/www.youtube.com\/channel\/UC7gqjntoVh6fdql5NE23p0A","https:\/\/www.instagram.com\/microrelleus\/"]}]}},"_links":{"self":[{"href":"https:\/\/microrelleus.com\/es\/wp-json\/wp\/v2\/pages\/2774","targetHints":{"allow":["GET"]}}],"collection":[{"href":"https:\/\/microrelleus.com\/es\/wp-json\/wp\/v2\/pages"}],"about":[{"href":"https:\/\/microrelleus.com\/es\/wp-json\/wp\/v2\/types\/page"}],"author":[{"embeddable":true,"href":"https:\/\/microrelleus.com\/es\/wp-json\/wp\/v2\/users\/1"}],"replies":[{"embeddable":true,"href":"https:\/\/microrelleus.com\/es\/wp-json\/wp\/v2\/comments?post=2774"}],"version-history":[{"count":4,"href":"https:\/\/microrelleus.com\/es\/wp-json\/wp\/v2\/pages\/2774\/revisions"}],"predecessor-version":[{"id":2784,"href":"https:\/\/microrelleus.com\/es\/wp-json\/wp\/v2\/pages\/2774\/revisions\/2784"}],"up":[{"embeddable":true,"href":"https:\/\/microrelleus.com\/es\/wp-json\/wp\/v2\/pages\/1105"}],"wp:featuredmedia":[{"embeddable":true,"href":"https:\/\/microrelleus.com\/es\/wp-json\/wp\/v2\/media\/2778"}],"wp:attachment":[{"href":"https:\/\/microrelleus.com\/es\/wp-json\/wp\/v2\/media?parent=2774"}],"curies":[{"name":"wp","href":"https:\/\/api.w.org\/{rel}","templated":true}]}}