{"id":2789,"date":"2025-11-25T11:38:58","date_gmt":"2025-11-25T10:38:58","guid":{"rendered":"https:\/\/microrelleus.com\/?page_id=2789"},"modified":"2025-11-25T11:42:14","modified_gmt":"2025-11-25T10:42:14","slug":"phabulous-pilot-line-con-csem","status":"publish","type":"page","link":"https:\/\/microrelleus.com\/es\/investigacion-desarrollo-laser\/phabulous-pilot-line-con-csem\/","title":{"rendered":"Phabulous pilot line con CSEM"},"content":{"rendered":"<div class=\"vce-row-container\" data-vce-boxed-width=\"true\"><div class=\"vce-row vce-row--col-gap-30 vce-row-equal-height vce-row-content--top\" id=\"el-7125cc4c\" data-vce-do-apply=\"all el-7125cc4c\"><div class=\"vce-content-background-container\"><\/div><div class=\"vce-row-content\" data-vce-element-content=\"true\"><div class=\"vce-col vce-col--md-auto vce-col--xs-1 vce-col--xs-last vce-col--xs-first vce-col--sm-last vce-col--sm-first vce-col--md-last vce-col--lg-last vce-col--xl-last vce-col--md-first vce-col--lg-first vce-col--xl-first\" id=\"el-3941ba8f\"><div class=\"vce-col-inner\" data-vce-do-apply=\"border margin background  el-3941ba8f\"><div class=\"vce-col-content\" data-vce-element-content=\"true\" data-vce-do-apply=\"padding el-3941ba8f\"><div class=\"vce-text-block\"><div class=\"vce-text-block-wrapper vce\" id=\"el-a71a0ce2\" data-vce-do-apply=\"all el-a71a0ce2\"><h1>Phabulous pilot line con CSEM<\/h1><\/div><\/div><\/div><\/div><\/div><\/div><\/div><\/div><div class=\"vce-row-container\" data-vce-boxed-width=\"true\"><div class=\"vce-row vce-row--col-gap-30 vce-row-equal-height vce-row-content--top\" id=\"el-b17ae622\" data-vce-do-apply=\"all el-b17ae622\"><div class=\"vce-content-background-container\"><\/div><div class=\"vce-row-content\" data-vce-element-content=\"true\"><div class=\"vce-col vce-col--xs-100p vce-col--xs-visible vce-col--xs-last vce-col--xs-first vce-col--sm-100p vce-col--sm-visible vce-col--sm-last vce-col--sm-first vce-col--md-100p vce-col--md-visible vce-col--md-last vce-col--md-first vce-col--lg-auto vce-col--lg-visible vce-col--lg-first vce-col--xl-auto vce-col--xl-visible vce-col--xl-first\" id=\"el-6b347b57\"><div class=\"vce-col-inner\" data-vce-do-apply=\"border margin background  el-6b347b57\"><div class=\"vce-col-content\" data-vce-element-content=\"true\" data-vce-do-apply=\"padding el-6b347b57\"><div class=\"vce-text-block\"><div class=\"vce-text-block-wrapper vce\" id=\"el-7e475107\" data-vce-do-apply=\"all el-7e475107\"><p>En el marco del acuerdo de subvenci\u00f3n n.\u00ba 871710 \u2014 PHABULO\u03bcS: l\u00ednea piloto que proporciona tecnolog\u00eda de fabricaci\u00f3n altamente avanzada y robusta para micro-estructuras \u00f3pticas de forma libre \u2014 Microrelleus recibi\u00f3 apoyo para un proyecto de viabilidad de I+D centrado en iluminaci\u00f3n automotriz.<\/p><p><span style=\"color: #e73e25;\"><a style=\"color: #e73e25;\" href=\"https:\/\/microrelleus.com\/es\/investigacion-y-desarrollo-laser\/\">&lt; Volver a I+D<\/a><\/span><\/p><\/div><\/div><\/div><\/div><\/div><div class=\"vce-col vce-col--xs-100p vce-col--xs-visible vce-col--xs-last vce-col--xs-first vce-col--sm-100p vce-col--sm-visible vce-col--sm-last vce-col--sm-first vce-col--md-100p vce-col--md-visible vce-col--md-last vce-col--md-first vce-col--lg-auto vce-col--lg-visible vce-col--lg-last vce-col--xl-auto vce-col--xl-visible vce-col--xl-last\" id=\"el-a3e5de3b\"><div class=\"vce-col-inner\" data-vce-do-apply=\"border margin background  el-a3e5de3b\"><div class=\"vce-col-content\" data-vce-element-content=\"true\" data-vce-do-apply=\"padding el-a3e5de3b\"><div class=\"vce-single-image-container vce-single-image--align-center\"><div class=\"vce vce-single-image-wrapper\" id=\"el-680a9766\" data-vce-do-apply=\"all el-680a9766\"><figure><div class=\"vce-single-image-figure-inner\" style=\"width: 300px;\"><div class=\"vce-single-image-inner vce-single-image--absolute\" style=\"width: 100%; padding-bottom: 35.3333%;\"><img loading=\"lazy\" decoding=\"async\" class=\"vce-single-image\"  width=\"300\" height=\"106\" srcset=\"https:\/\/microrelleus.com\/wp\/wp-content\/uploads\/2025\/11\/phabulous-300x107.png 300w, https:\/\/microrelleus.com\/wp\/wp-content\/uploads\/2025\/11\/phabulous-320x114.png 320w, https:\/\/microrelleus.com\/wp\/wp-content\/uploads\/2025\/11\/phabulous-480x171.png 480w, https:\/\/microrelleus.com\/wp\/wp-content\/uploads\/2025\/11\/phabulous-800x284.png 800w, https:\/\/microrelleus.com\/wp\/wp-content\/uploads\/2025\/11\/phabulous-600x212.png 2x\" src=\"https:\/\/microrelleus.com\/wp\/wp-content\/uploads\/2025\/11\/phabulous-300x107.png\" data-img-src=\"https:\/\/microrelleus.com\/wp\/wp-content\/uploads\/2025\/11\/phabulous.png\" data-attachment-id=\"2792\"  alt=\"\" title=\"phabulous\" \/><\/div><\/div><figcaption hidden=\"\"><\/figcaption><\/figure><\/div><\/div><\/div><\/div><\/div><\/div><\/div><\/div>\n","protected":false},"excerpt":{"rendered":"<p>Phabulous pilot line con CSEMEn el marco del acuerdo de subvenci\u00f3n n.\u00ba 871710 \u2014 PHABULO\u03bcS: l\u00ednea piloto que proporciona tecnolog\u00eda de fabricaci\u00f3n altamente avanzada y robusta para micro-estructuras \u00f3pticas de forma libre \u2014 Microrelleus recibi\u00f3 apoyo para un proyecto de viabilidad de I+D centrado en iluminaci\u00f3n automotriz.&lt; Volver a I+D<\/p>\n","protected":false},"author":1,"featured_media":2792,"parent":1105,"menu_order":0,"comment_status":"closed","ping_status":"closed","template":"","meta":{"_acf_changed":false,"footnotes":""},"class_list":["post-2789","page","type-page","status-publish","has-post-thumbnail","hentry"],"acf":[],"yoast_head":"<!-- This site is optimized with the Yoast SEO plugin v27.1.1 - https:\/\/yoast.com\/product\/yoast-seo-wordpress\/ -->\n<title>Microrelleus obtuvo en 2020 la ayuda de Actphast | Microrelleus<\/title>\n<meta name=\"description\" content=\"Microrelleus obtuvo la ayuda de Actphast para su proyecto de I+D en la industria automotriz de la iluminaci\u00f3n utilizando la tecnolog\u00eda de l\u00e1ser de femtosegundo\" \/>\n<meta name=\"robots\" content=\"index, follow, max-snippet:-1, max-image-preview:large, max-video-preview:-1\" \/>\n<link rel=\"canonical\" href=\"https:\/\/microrelleus.com\/es\/investigacion-desarrollo-laser\/phabulous-pilot-line-con-csem\/\" \/>\n<meta property=\"og:locale\" content=\"es_ES\" \/>\n<meta property=\"og:type\" content=\"article\" \/>\n<meta property=\"og:title\" content=\"Microrelleus obtuvo en 2020 la ayuda de Actphast | Microrelleus\" \/>\n<meta property=\"og:description\" content=\"Microrelleus obtuvo la ayuda de Actphast para su proyecto de I+D en la industria automotriz de la iluminaci\u00f3n utilizando la tecnolog\u00eda de l\u00e1ser de femtosegundo\" \/>\n<meta property=\"og:url\" content=\"https:\/\/microrelleus.com\/es\/investigacion-desarrollo-laser\/phabulous-pilot-line-con-csem\/\" \/>\n<meta property=\"og:site_name\" content=\"Microrelleus\" \/>\n<meta property=\"article:modified_time\" content=\"2025-11-25T10:42:14+00:00\" \/>\n<meta property=\"og:image\" content=\"https:\/\/microrelleus.com\/wp\/wp-content\/uploads\/2025\/11\/phabulous.png\" \/>\n\t<meta property=\"og:image:width\" content=\"900\" \/>\n\t<meta property=\"og:image:height\" content=\"320\" \/>\n\t<meta property=\"og:image:type\" content=\"image\/png\" \/>\n<meta name=\"twitter:card\" content=\"summary_large_image\" \/>\n<meta name=\"twitter:label1\" content=\"Tiempo de lectura\" \/>\n\t<meta name=\"twitter:data1\" content=\"1 minuto\" \/>\n<script type=\"application\/ld+json\" class=\"yoast-schema-graph\">{\"@context\":\"https:\/\/schema.org\",\"@graph\":[{\"@type\":\"WebPage\",\"@id\":\"https:\/\/microrelleus.com\/es\/investigacion-desarrollo-laser\/phabulous-pilot-line-con-csem\/\",\"url\":\"https:\/\/microrelleus.com\/es\/investigacion-desarrollo-laser\/phabulous-pilot-line-con-csem\/\",\"name\":\"Microrelleus obtuvo en 2020 la ayuda de Actphast | Microrelleus\",\"isPartOf\":{\"@id\":\"https:\/\/microrelleus.com\/es\/#website\"},\"primaryImageOfPage\":{\"@id\":\"https:\/\/microrelleus.com\/es\/investigacion-desarrollo-laser\/phabulous-pilot-line-con-csem\/#primaryimage\"},\"image\":{\"@id\":\"https:\/\/microrelleus.com\/es\/investigacion-desarrollo-laser\/phabulous-pilot-line-con-csem\/#primaryimage\"},\"thumbnailUrl\":\"https:\/\/microrelleus.com\/wp\/wp-content\/uploads\/2025\/11\/phabulous.png\",\"datePublished\":\"2025-11-25T10:38:58+00:00\",\"dateModified\":\"2025-11-25T10:42:14+00:00\",\"description\":\"Microrelleus obtuvo la ayuda de Actphast para su proyecto de I+D en la industria automotriz de la iluminaci\u00f3n utilizando la tecnolog\u00eda de l\u00e1ser de femtosegundo\",\"breadcrumb\":{\"@id\":\"https:\/\/microrelleus.com\/es\/investigacion-desarrollo-laser\/phabulous-pilot-line-con-csem\/#breadcrumb\"},\"inLanguage\":\"es\",\"potentialAction\":[{\"@type\":\"ReadAction\",\"target\":[\"https:\/\/microrelleus.com\/es\/investigacion-desarrollo-laser\/phabulous-pilot-line-con-csem\/\"]}]},{\"@type\":\"ImageObject\",\"inLanguage\":\"es\",\"@id\":\"https:\/\/microrelleus.com\/es\/investigacion-desarrollo-laser\/phabulous-pilot-line-con-csem\/#primaryimage\",\"url\":\"https:\/\/microrelleus.com\/wp\/wp-content\/uploads\/2025\/11\/phabulous.png\",\"contentUrl\":\"https:\/\/microrelleus.com\/wp\/wp-content\/uploads\/2025\/11\/phabulous.png\",\"width\":900,\"height\":320},{\"@type\":\"BreadcrumbList\",\"@id\":\"https:\/\/microrelleus.com\/es\/investigacion-desarrollo-laser\/phabulous-pilot-line-con-csem\/#breadcrumb\",\"itemListElement\":[{\"@type\":\"ListItem\",\"position\":1,\"name\":\"Home\",\"item\":\"https:\/\/microrelleus.com\/es\/\"},{\"@type\":\"ListItem\",\"position\":2,\"name\":\"I+D\",\"item\":\"https:\/\/microrelleus.com\/es\/investigacion-desarrollo-laser\/\"},{\"@type\":\"ListItem\",\"position\":3,\"name\":\"Phabulous pilot line con CSEM\"}]},{\"@type\":\"WebSite\",\"@id\":\"https:\/\/microrelleus.com\/es\/#website\",\"url\":\"https:\/\/microrelleus.com\/es\/\",\"name\":\"Microrelleus\",\"description\":\"Industrial engraving and laser texturing\",\"publisher\":{\"@id\":\"https:\/\/microrelleus.com\/es\/#organization\"},\"potentialAction\":[{\"@type\":\"SearchAction\",\"target\":{\"@type\":\"EntryPoint\",\"urlTemplate\":\"https:\/\/microrelleus.com\/es\/?s={search_term_string}\"},\"query-input\":{\"@type\":\"PropertyValueSpecification\",\"valueRequired\":true,\"valueName\":\"search_term_string\"}}],\"inLanguage\":\"es\"},{\"@type\":\"Organization\",\"@id\":\"https:\/\/microrelleus.com\/es\/#organization\",\"name\":\"Microrelleus\",\"url\":\"https:\/\/microrelleus.com\/es\/\",\"logo\":{\"@type\":\"ImageObject\",\"inLanguage\":\"es\",\"@id\":\"https:\/\/microrelleus.com\/es\/#\/schema\/logo\/image\/\",\"url\":\"https:\/\/microrelleus.com\/wp\/wp-content\/uploads\/2023\/03\/logo-microrelleus.png\",\"contentUrl\":\"https:\/\/microrelleus.com\/wp\/wp-content\/uploads\/2023\/03\/logo-microrelleus.png\",\"width\":768,\"height\":112,\"caption\":\"Microrelleus\"},\"image\":{\"@id\":\"https:\/\/microrelleus.com\/es\/#\/schema\/logo\/image\/\"},\"sameAs\":[\"https:\/\/www.youtube.com\/channel\/UC7gqjntoVh6fdql5NE23p0A\",\"https:\/\/www.instagram.com\/microrelleus\/\"]}]}<\/script>\n<!-- \/ Yoast SEO plugin. -->","yoast_head_json":{"title":"Microrelleus obtuvo en 2020 la ayuda de Actphast | Microrelleus","description":"Microrelleus obtuvo la ayuda de Actphast para su proyecto de I+D en la industria automotriz de la iluminaci\u00f3n utilizando la tecnolog\u00eda de l\u00e1ser de femtosegundo","robots":{"index":"index","follow":"follow","max-snippet":"max-snippet:-1","max-image-preview":"max-image-preview:large","max-video-preview":"max-video-preview:-1"},"canonical":"https:\/\/microrelleus.com\/es\/investigacion-desarrollo-laser\/phabulous-pilot-line-con-csem\/","og_locale":"es_ES","og_type":"article","og_title":"Microrelleus obtuvo en 2020 la ayuda de Actphast | Microrelleus","og_description":"Microrelleus obtuvo la ayuda de Actphast para su proyecto de I+D en la industria automotriz de la iluminaci\u00f3n utilizando la tecnolog\u00eda de l\u00e1ser de femtosegundo","og_url":"https:\/\/microrelleus.com\/es\/investigacion-desarrollo-laser\/phabulous-pilot-line-con-csem\/","og_site_name":"Microrelleus","article_modified_time":"2025-11-25T10:42:14+00:00","og_image":[{"width":900,"height":320,"url":"https:\/\/microrelleus.com\/wp\/wp-content\/uploads\/2025\/11\/phabulous.png","type":"image\/png"}],"twitter_card":"summary_large_image","twitter_misc":{"Tiempo de lectura":"1 minuto"},"schema":{"@context":"https:\/\/schema.org","@graph":[{"@type":"WebPage","@id":"https:\/\/microrelleus.com\/es\/investigacion-desarrollo-laser\/phabulous-pilot-line-con-csem\/","url":"https:\/\/microrelleus.com\/es\/investigacion-desarrollo-laser\/phabulous-pilot-line-con-csem\/","name":"Microrelleus obtuvo en 2020 la ayuda de Actphast | Microrelleus","isPartOf":{"@id":"https:\/\/microrelleus.com\/es\/#website"},"primaryImageOfPage":{"@id":"https:\/\/microrelleus.com\/es\/investigacion-desarrollo-laser\/phabulous-pilot-line-con-csem\/#primaryimage"},"image":{"@id":"https:\/\/microrelleus.com\/es\/investigacion-desarrollo-laser\/phabulous-pilot-line-con-csem\/#primaryimage"},"thumbnailUrl":"https:\/\/microrelleus.com\/wp\/wp-content\/uploads\/2025\/11\/phabulous.png","datePublished":"2025-11-25T10:38:58+00:00","dateModified":"2025-11-25T10:42:14+00:00","description":"Microrelleus obtuvo la ayuda de Actphast para su proyecto de I+D en la industria automotriz de la iluminaci\u00f3n utilizando la tecnolog\u00eda de l\u00e1ser de femtosegundo","breadcrumb":{"@id":"https:\/\/microrelleus.com\/es\/investigacion-desarrollo-laser\/phabulous-pilot-line-con-csem\/#breadcrumb"},"inLanguage":"es","potentialAction":[{"@type":"ReadAction","target":["https:\/\/microrelleus.com\/es\/investigacion-desarrollo-laser\/phabulous-pilot-line-con-csem\/"]}]},{"@type":"ImageObject","inLanguage":"es","@id":"https:\/\/microrelleus.com\/es\/investigacion-desarrollo-laser\/phabulous-pilot-line-con-csem\/#primaryimage","url":"https:\/\/microrelleus.com\/wp\/wp-content\/uploads\/2025\/11\/phabulous.png","contentUrl":"https:\/\/microrelleus.com\/wp\/wp-content\/uploads\/2025\/11\/phabulous.png","width":900,"height":320},{"@type":"BreadcrumbList","@id":"https:\/\/microrelleus.com\/es\/investigacion-desarrollo-laser\/phabulous-pilot-line-con-csem\/#breadcrumb","itemListElement":[{"@type":"ListItem","position":1,"name":"Home","item":"https:\/\/microrelleus.com\/es\/"},{"@type":"ListItem","position":2,"name":"I+D","item":"https:\/\/microrelleus.com\/es\/investigacion-desarrollo-laser\/"},{"@type":"ListItem","position":3,"name":"Phabulous pilot line con CSEM"}]},{"@type":"WebSite","@id":"https:\/\/microrelleus.com\/es\/#website","url":"https:\/\/microrelleus.com\/es\/","name":"Microrelleus","description":"Industrial engraving and laser texturing","publisher":{"@id":"https:\/\/microrelleus.com\/es\/#organization"},"potentialAction":[{"@type":"SearchAction","target":{"@type":"EntryPoint","urlTemplate":"https:\/\/microrelleus.com\/es\/?s={search_term_string}"},"query-input":{"@type":"PropertyValueSpecification","valueRequired":true,"valueName":"search_term_string"}}],"inLanguage":"es"},{"@type":"Organization","@id":"https:\/\/microrelleus.com\/es\/#organization","name":"Microrelleus","url":"https:\/\/microrelleus.com\/es\/","logo":{"@type":"ImageObject","inLanguage":"es","@id":"https:\/\/microrelleus.com\/es\/#\/schema\/logo\/image\/","url":"https:\/\/microrelleus.com\/wp\/wp-content\/uploads\/2023\/03\/logo-microrelleus.png","contentUrl":"https:\/\/microrelleus.com\/wp\/wp-content\/uploads\/2023\/03\/logo-microrelleus.png","width":768,"height":112,"caption":"Microrelleus"},"image":{"@id":"https:\/\/microrelleus.com\/es\/#\/schema\/logo\/image\/"},"sameAs":["https:\/\/www.youtube.com\/channel\/UC7gqjntoVh6fdql5NE23p0A","https:\/\/www.instagram.com\/microrelleus\/"]}]}},"_links":{"self":[{"href":"https:\/\/microrelleus.com\/es\/wp-json\/wp\/v2\/pages\/2789","targetHints":{"allow":["GET"]}}],"collection":[{"href":"https:\/\/microrelleus.com\/es\/wp-json\/wp\/v2\/pages"}],"about":[{"href":"https:\/\/microrelleus.com\/es\/wp-json\/wp\/v2\/types\/page"}],"author":[{"embeddable":true,"href":"https:\/\/microrelleus.com\/es\/wp-json\/wp\/v2\/users\/1"}],"replies":[{"embeddable":true,"href":"https:\/\/microrelleus.com\/es\/wp-json\/wp\/v2\/comments?post=2789"}],"version-history":[{"count":2,"href":"https:\/\/microrelleus.com\/es\/wp-json\/wp\/v2\/pages\/2789\/revisions"}],"predecessor-version":[{"id":2796,"href":"https:\/\/microrelleus.com\/es\/wp-json\/wp\/v2\/pages\/2789\/revisions\/2796"}],"up":[{"embeddable":true,"href":"https:\/\/microrelleus.com\/es\/wp-json\/wp\/v2\/pages\/1105"}],"wp:featuredmedia":[{"embeddable":true,"href":"https:\/\/microrelleus.com\/es\/wp-json\/wp\/v2\/media\/2792"}],"wp:attachment":[{"href":"https:\/\/microrelleus.com\/es\/wp-json\/wp\/v2\/media?parent=2789"}],"curies":[{"name":"wp","href":"https:\/\/api.w.org\/{rel}","templated":true}]}}